{"id":3516,"date":"2015-09-05T13:05:12","date_gmt":"2015-09-05T11:05:12","guid":{"rendered":"https:\/\/flamaecol.sk\/produkt\/krbove-kachle-na-pelety-edilkamin-cherie-2\/"},"modified":"2025-01-12T14:28:50","modified_gmt":"2025-01-12T12:28:50","slug":"krbove-kachle-na-pelety-edilkamin-cherie-2","status":"publish","type":"product","link":"https:\/\/flamaecol.sk\/en\/produkt\/krbove-kachle-na-pelety-edilkamin-cherie-2\/","title":{"rendered":"Cherie"},"content":{"rendered":"<h4>Kachle na pelety CHERIE<\/h4>\n<h4><\/h4>\n<div>Kachle na pelety s origin\u00e1lnym dizajnom pres\u00fdpac\u00edch hod\u00edn vybaven\u00e9 inovat\u00edvnym Syst\u00e9m Leonardo, ktor\u00fd vyhodnocuje parametre spa\u013eovania a zabezpe\u010duje optim\u00e1lny v\u00fdkon a spotrebu peliet.<\/div>\n<div>Celoliatinov\u00e1 kon\u0161trukcia, synoptick\u00fd panel s praktick\u00fdmi ergonomick\u00fdmi tla\u010didlami na vrchnej doske.<\/div>\n<div>Kachle Cherie s\u00fa navrhnut\u00e9 tak, aby mohlo by\u0165 pr\u00edslu\u0161n\u00fdmi teplovzdu\u0161n\u00fdmi rozvodmi odveden\u00fdch a\u017e 100% ohriateho vzduchu \u00a0do pri\u013eahl\u00fdch miestnost\u00ed.<\/div>\n<div>Boky z liatej keramiky s modern\u00fdm reli\u00e9fom v bielej, \u010dervenej a orie\u0161kovej farbe.<\/div>\n<div><\/div>\n<div>\n<div>Technick\u00e9 \u00fadajemin\/max<\/div>\n<div>\u0161\u00edrka\u00a0cm\u00a062<\/div>\n<div>hlbka\u00a0cm\u00a056<\/div>\n<div>v\u00fd\u0161ka\u00a0cm\u00a0107<\/div>\n<div>u\u017eitocn\u00fd v\u00fdkon\u00a0kW\u00a05,5\/11<\/div>\n<div>\u00facinnost\u00a0%\u00a090,06<\/div>\n<div>spotreba peliet\u00a0kg\/h\u00a01,2\/2,6<\/div>\n<div>z\u00e1sobn\u00edk na pelety\u00a0kg\u00a019<\/div>\n<div>samostatn\u00fd chod\u00a0h.6\/13,5<\/div>\n<div>\u00d8 dymovod\u00a0cm\u00a08<\/div>\n<div>\u00d8 pr\u00edvod vzduchu\u00a0cm\u00a04<\/div>\n<div>celkov\u00e1 hmotnost\u00a0kg\u00a0227<\/div>\n<div>vykurovan\u00fd priestor \u00a0m\u00b3 \u00a0285<\/div>\n<\/div>\n<div><\/div>\n<div>Syst\u00e9my Leonardo a Galileo riadia automatick\u00e9 spa\u013eovanie peliet. Neust\u00e1le meraj\u00fa z\u00e1kladn\u00e9 parametre horenia, ktor\u00e9 s\u00fa ovplyvnen\u00e9:<\/div>\n<div><\/div>\n<div>\n<ul>\n<li>vlastnos\u0165ami dymovodu<\/li>\n<\/ul>\n<\/div>\n<div>\u00a0 \u00a0 \u00a0 \u00a0 \u00a0 \u00a0 \u00a0(zakrivenie, d\u013a\u017eka, forma, priemer ..)<\/div>\n<div>\n<ul>\n<li>podmienkami prostredia<\/li>\n<\/ul>\n<\/div>\n<div>\u00a0 \u00a0 \u00a0 \u00a0 \u00a0 \u00a0 \u00a0(vietor, atmosf\u00e9rick\u00fd tlak, in\u0161tal\u00e1cia vo ve\u013ekej v\u00fd\u0161ke &#8230;)<\/div>\n<div>\n<ul>\n<li>vlastnos\u0165ami peliet<\/li>\n<\/ul>\n<\/div>\n<div>\u00a0 \u00a0 \u00a0 \u00a0 \u00a0 \u00a0 \u00a0(typ dreva, hustota, stupe\u0148 vlhkosti &#8230;)<\/div>\n<div><\/div>\n<div>a zasahuj\u00fa tak, aby zaistili optim\u00e1lny v\u00fdkon a spotrebu peliet.<\/div>\n<div><\/div>\n<div>\n<div>KACHLE NA PELETY ZNA\u010cKY EDILKAMIN: TEPLO A \u00daSPORA, KTOR\u00c9 SI M\u00d4\u017dETE NAPROGRAMOVA\u0164.<\/div>\n<div>Kachle na pelety ohrievaj\u00fa vzduch na vykurovanie miestnosti, kde s\u00fa nain\u0161talovan\u00e9, alebo v pr\u00edpade niektor\u00fdch modelov aj pri\u013eahl\u00e9 miestnosti (pomocou teplovzdu\u0161n\u00fdch rozvodov).<\/div>\n<div>V\u010faka n\u00faten\u00e9mu od\u0165ahu spal\u00edn a mal\u00fdm rozmerom sa kachle na pelety m\u00f4\u017eu \u013eahko nain\u0161talova\u0165 s dymovodom aj v inej, ne\u017e centr\u00e1lnej polohe.<\/div>\n<div>Kachle na pelety zna\u010dky Edilkamin v\u010faka \u0161irokej \u0161k\u00e1le modelov pon\u00fakaj\u00fa nespo\u010detn\u00e9 mno\u017estvo mo\u017enost\u00ed z h\u013eadiska v\u00fdkonu, ve\u013ekosti a designu, a s\u00fa preto ide\u00e1lne ako pre tradi\u010dn\u00e9, tak aj pre modern\u00e9 priestory.Pokrokov\u00e1 technol\u00f3gia peletov\u00fdch kachl\u00ed Edilkamin zais\u0165uje bezpe\u010dnos\u0165, programovate\u013enos\u0165 a dlh\u00fa prev\u00e1dzkov\u00fa auton\u00f3miu.<\/div>\n<div>Pelety s\u00fa jedn\u00fdm z najekonomickej\u0161\u00edch pal\u00edv a umo\u017e\u0148uj\u00fa zna\u010dn\u00e9 \u00faspory n\u00e1kladov na vykurovanie.<\/div>\n<\/div>\n","protected":false},"excerpt":{"rendered":"<p>Kachle na pelety CHERIE Kachle na pelety s origin\u00e1lnym dizajnom pres\u00fdpac\u00edch hod\u00edn vybaven\u00e9 inovat\u00edvnym Syst\u00e9m Leonardo, ktor\u00fd vyhodnocuje parametre spa\u013eovania a zabezpe\u010duje optim\u00e1lny v\u00fdkon a spotrebu peliet. Celoliatinov\u00e1 kon\u0161trukcia, synoptick\u00fd panel s praktick\u00fdmi ergonomick\u00fdmi tla\u010didlami na vrchnej doske. Kachle Cherie s\u00fa navrhnut\u00e9 tak, aby mohlo by\u0165 pr\u00edslu\u0161n\u00fdmi teplovzdu\u0161n\u00fdmi rozvodmi odveden\u00fdch a\u017e 100% ohriateho vzduchu \u00a0do [&hellip;]<\/p>\n","protected":false},"featured_media":3507,"comment_status":"closed","ping_status":"closed","template":"","meta":[],"product_brand":[],"product_cat":[209,210],"product_tag":[],"class_list":{"0":"post-3516","1":"product","2":"type-product","3":"status-publish","4":"has-post-thumbnail","6":"product_cat-krbove-kachle-na-pelety","7":"product_cat-edilkamin-krbove-kachle-na-pelety","9":"first","10":"instock","11":"taxable","12":"shipping-taxable","13":"purchasable","14":"product-type-simple"},"_links":{"self":[{"href":"https:\/\/flamaecol.sk\/en\/wp-json\/wp\/v2\/product\/3516","targetHints":{"allow":["GET"]}}],"collection":[{"href":"https:\/\/flamaecol.sk\/en\/wp-json\/wp\/v2\/product"}],"about":[{"href":"https:\/\/flamaecol.sk\/en\/wp-json\/wp\/v2\/types\/product"}],"replies":[{"embeddable":true,"href":"https:\/\/flamaecol.sk\/en\/wp-json\/wp\/v2\/comments?post=3516"}],"wp:featuredmedia":[{"embeddable":true,"href":"https:\/\/flamaecol.sk\/en\/wp-json\/wp\/v2\/media\/3507"}],"wp:attachment":[{"href":"https:\/\/flamaecol.sk\/en\/wp-json\/wp\/v2\/media?parent=3516"}],"wp:term":[{"taxonomy":"product_brand","embeddable":true,"href":"https:\/\/flamaecol.sk\/en\/wp-json\/wp\/v2\/product_brand?post=3516"},{"taxonomy":"product_cat","embeddable":true,"href":"https:\/\/flamaecol.sk\/en\/wp-json\/wp\/v2\/product_cat?post=3516"},{"taxonomy":"product_tag","embeddable":true,"href":"https:\/\/flamaecol.sk\/en\/wp-json\/wp\/v2\/product_tag?post=3516"}],"curies":[{"name":"wp","href":"https:\/\/api.w.org\/{rel}","templated":true}]}}