{"id":3506,"date":"2015-09-05T12:07:20","date_gmt":"2015-09-05T10:07:20","guid":{"rendered":"https:\/\/flamaecol.sk\/produkt\/krbove-kachle-na-pelety-edilkmin-dame-2\/"},"modified":"2015-09-05T12:07:20","modified_gmt":"2015-09-05T10:07:20","slug":"krbove-kachle-na-pelety-edilkmin-dame-2","status":"publish","type":"product","link":"https:\/\/flamaecol.sk\/en\/produkt\/krbove-kachle-na-pelety-edilkmin-dame-2\/","title":{"rendered":"Dame"},"content":{"rendered":"<h4>Krbov\u00e9 kachle na pelety DAME<\/h4>\n<p><\/p>\n<p>&#8220;Hermetick\u00e9&#8221; kachle na pelety &nbsp;vhodn\u00e9 tie\u017e do modern\u00fdch pas\u00edvnych domov. Origin\u00e1lny dizajn vytv\u00e1ra dokonal\u00fa s\u00fahru medzi pevnos\u0165ou mramoru a jemnos\u0165ou obl\u00fdch l\u00edni\u00ed.<\/p>\n<p>Kachle m\u00f4\u017eu prirodzenou alebo n\u00fatenou ventil\u00e1ciou (mo\u017eno vypn\u00fa\u0165) vykurova\u0165 bu\u010f len t\u00fa miestnos\u0165, kde s\u00fa umiestnen\u00e9 (cez predn\u00fd ventil\u00e1tor), alebo tie\u017e zapojen\u00edm pr\u00edslu\u0161n\u00fdch s\u00faprav jednu pri\u013eahl\u00fa alebo vzdialenej\u0161iu miestnos\u0165.<\/p>\n<p>Dostupn\u00e9 v preveden\u00ed z ocele a mramoru.<\/p>\n<p><\/p>\n<ul>\n<li>Syst\u00e9m Leonardo<\/li>\n<li>Mo\u017enos\u0165 vypnutia n\u00fatenej ventil\u00e1cie<\/li>\n<li>Dvierka z ocele<\/li>\n<li>Dia\u013ekov\u00fd ovl\u00e1da\u010d<\/li>\n<\/ul>\n<p><\/p>\n<p>DOPLNKOV\u00c9 PR\u00cdSLU\u0160ENSTVO:<\/p>\n<ul>\n<li>Kit pre rozvod tepl\u00e9ho vzduchu 12\/12 bis<\/li>\n<li>GSM komunik\u00e1tor pre zapnutie a vypnutie kachl\u00ed cez mobiln\u00fd telef\u00f3n<\/li>\n<\/ul>\n<p><\/p>\n<p>Technick\u00e9 \u00fadaje<span class=\"Apple-tab-span\" style=\"white-space:pre\">\t\t\t\t\t<\/span><\/p>\n<p>\u0161\u00edrka<span class=\"Apple-tab-span\" style=\"white-space:pre\">\t<\/span>&nbsp;cm<span class=\"Apple-tab-span\" style=\"white-space:pre\">\t<\/span>&nbsp; 104<span class=\"Apple-tab-span\" style=\"white-space:pre\">\t\t\t\t<\/span><\/p>\n<p>hlbka<span class=\"Apple-tab-span\" style=\"white-space:pre\">\t<\/span>&nbsp;cm&nbsp;<span class=\"Apple-tab-span\" style=\"white-space:pre\">\t<\/span>33,5<span class=\"Apple-tab-span\" style=\"white-space:pre\">\t\t\t\t<\/span><\/p>\n<p>v\u00fd\u0161ka<span class=\"Apple-tab-span\" style=\"white-space:pre\">\t<\/span>&nbsp;cm<span class=\"Apple-tab-span\" style=\"white-space:pre\">\t<\/span>&nbsp;110<span class=\"Apple-tab-span\" style=\"white-space:pre\">\t\t\t\t<\/span><\/p>\n<p>u\u017eitocn\u00fd v\u00fdkon<span class=\"Apple-tab-span\" style=\"white-space:pre\">\t<\/span>&nbsp;kW<span class=\"Apple-tab-span\" style=\"white-space:pre\">\t<\/span>&nbsp;2,2\/6<span class=\"Apple-tab-span\" style=\"white-space:pre\">\t\t\t\t<\/span><\/p>\n<p>\u00facinnost<span class=\"Apple-tab-span\" style=\"white-space:pre\">\t<\/span>&nbsp;%&nbsp;<span class=\"Apple-tab-span\" style=\"white-space:pre\">\t<\/span>85,7<span class=\"Apple-tab-span\" style=\"white-space:pre\">\t\t\t\t<\/span><\/p>\n<p>spotreba peliet<span class=\"Apple-tab-span\" style=\"white-space:pre\">\t<\/span>&nbsp;kg\/h<span class=\"Apple-tab-span\" style=\"white-space:pre\">\t<\/span>&nbsp;0,5\/1,5<span class=\"Apple-tab-span\" style=\"white-space:pre\">\t\t\t\t<\/span><\/p>\n<p>z\u00e1sobn\u00edk na pelety<span class=\"Apple-tab-span\" style=\"white-space:pre\">\t<\/span>&nbsp;kg<span class=\"Apple-tab-span\" style=\"white-space:pre\">\t<\/span>&nbsp;18<span class=\"Apple-tab-span\" style=\"white-space:pre\">\t\t\t\t<\/span><\/p>\n<p>samostatn\u00fd chod<span class=\"Apple-tab-span\" style=\"white-space:pre\">\t<\/span>&nbsp;h.<span class=\"Apple-tab-span\" style=\"white-space:pre\">\t<\/span>&nbsp;10\/30<span class=\"Apple-tab-span\" style=\"white-space:pre\">\t\t\t\t<\/span><\/p>\n<p>\u00d8 dymovod<span class=\"Apple-tab-span\" style=\"white-space:pre\">\t<\/span>&nbsp;cm<span class=\"Apple-tab-span\" style=\"white-space:pre\">\t<\/span>&nbsp;8<span class=\"Apple-tab-span\" style=\"white-space:pre\">\t\t\t\t<\/span><\/p>\n<p>\u00d8 pr\u00edvod vzduchu<span class=\"Apple-tab-span\" style=\"white-space:pre\">\t<\/span>&nbsp;cm<span class=\"Apple-tab-span\" style=\"white-space:pre\">\t<\/span>&nbsp;4<span class=\"Apple-tab-span\" style=\"white-space:pre\">\t\t\t\t<\/span><\/p>\n<p>celkov\u00e1 hmotnost<span class=\"Apple-tab-span\" style=\"white-space:pre\">\t<\/span>&nbsp;kg<span class=\"Apple-tab-span\" style=\"white-space:pre\">\t<\/span>&nbsp;254<span class=\"Apple-tab-span\" style=\"white-space:pre\">\t\t\t\t<\/span><\/p>\n<p>vykurovan\u00fd priestor&nbsp;<span class=\"Apple-tab-span\" style=\"white-space:pre\">\t<\/span>m\u00b3<span class=\"Apple-tab-span\" style=\"white-space:pre\">\t<\/span>&nbsp;155<span class=\"Apple-tab-span\" style=\"white-space:pre\">\t<\/span><\/p>\n<p><\/p>\n<p><\/p>\n<p>Syst\u00e9my Leonardo a Galileo riadia automatick\u00e9 spa\u013eovanie peliet. Neust\u00e1le meraj\u00fa z\u00e1kladn\u00e9 parametre horenia, ktor\u00e9 s\u00fa ovplyvnen\u00e9:<\/p>\n<ul>\n<li>vlastnos\u0165ami dymovodu<\/li>\n<\/ul>\n<p>&nbsp; &nbsp; &nbsp; &nbsp; &nbsp; &nbsp; &nbsp;(zakrivenie, d\u013a\u017eka, forma, priemer ..)<\/p>\n<ul>\n<li>podmienkami prostredia<\/li>\n<\/ul>\n<p>&nbsp; &nbsp; &nbsp; &nbsp; &nbsp; &nbsp; &nbsp;(vietor, atmosf\u00e9rick\u00fd tlak, in\u0161tal\u00e1cia vo ve\u013ekej v\u00fd\u0161ke &#8230;)<\/p>\n<ul>\n<li>vlastnos\u0165ami peliet<\/li>\n<\/ul>\n<p>&nbsp; &nbsp; &nbsp; &nbsp; &nbsp; &nbsp; &nbsp;(typ dreva, hustota, stupe\u0148 vlhkosti &#8230;)<\/p>\n<p>a zasahuj\u00fa tak, aby zaistili optim\u00e1lny v\u00fdkon a spotrebu peliet.<\/p>\n","protected":false},"excerpt":{"rendered":"<p>Krbov\u00e9 kachle na pelety DAME &#8220;Hermetick\u00e9&#8221; kachle na pelety &nbsp;vhodn\u00e9 tie\u017e do modern\u00fdch pas\u00edvnych domov. Origin\u00e1lny dizajn vytv\u00e1ra dokonal\u00fa s\u00fahru medzi pevnos\u0165ou mramoru a jemnos\u0165ou obl\u00fdch l\u00edni\u00ed. Kachle m\u00f4\u017eu prirodzenou alebo n\u00fatenou ventil\u00e1ciou (mo\u017eno vypn\u00fa\u0165) vykurova\u0165 bu\u010f len t\u00fa miestnos\u0165, kde s\u00fa umiestnen\u00e9 (cez predn\u00fd ventil\u00e1tor), alebo tie\u017e zapojen\u00edm pr\u00edslu\u0161n\u00fdch s\u00faprav jednu pri\u013eahl\u00fa alebo vzdialenej\u0161iu [&hellip;]<\/p>\n","protected":false},"featured_media":3501,"comment_status":"open","ping_status":"closed","template":"","meta":[],"product_brand":[],"product_cat":[209,210],"product_tag":[],"class_list":{"0":"post-3506","1":"product","2":"type-product","3":"status-publish","4":"has-post-thumbnail","6":"product_cat-krbove-kachle-na-pelety","7":"product_cat-edilkamin-krbove-kachle-na-pelety","9":"first","10":"instock","11":"taxable","12":"shipping-taxable","13":"purchasable","14":"product-type-simple"},"_links":{"self":[{"href":"https:\/\/flamaecol.sk\/en\/wp-json\/wp\/v2\/product\/3506","targetHints":{"allow":["GET"]}}],"collection":[{"href":"https:\/\/flamaecol.sk\/en\/wp-json\/wp\/v2\/product"}],"about":[{"href":"https:\/\/flamaecol.sk\/en\/wp-json\/wp\/v2\/types\/product"}],"replies":[{"embeddable":true,"href":"https:\/\/flamaecol.sk\/en\/wp-json\/wp\/v2\/comments?post=3506"}],"wp:featuredmedia":[{"embeddable":true,"href":"https:\/\/flamaecol.sk\/en\/wp-json\/wp\/v2\/media\/3501"}],"wp:attachment":[{"href":"https:\/\/flamaecol.sk\/en\/wp-json\/wp\/v2\/media?parent=3506"}],"wp:term":[{"taxonomy":"product_brand","embeddable":true,"href":"https:\/\/flamaecol.sk\/en\/wp-json\/wp\/v2\/product_brand?post=3506"},{"taxonomy":"product_cat","embeddable":true,"href":"https:\/\/flamaecol.sk\/en\/wp-json\/wp\/v2\/product_cat?post=3506"},{"taxonomy":"product_tag","embeddable":true,"href":"https:\/\/flamaecol.sk\/en\/wp-json\/wp\/v2\/product_tag?post=3506"}],"curies":[{"name":"wp","href":"https:\/\/api.w.org\/{rel}","templated":true}]}}