{"id":3500,"date":"2015-08-31T16:09:45","date_gmt":"2015-08-31T14:09:45","guid":{"rendered":"https:\/\/flamaecol.sk\/produkt\/pecova-vlozka-juwel-h1-leda-2\/"},"modified":"2025-11-11T10:28:50","modified_gmt":"2025-11-11T08:28:50","slug":"pecova-vlozka-juwel-h1-leda-2","status":"publish","type":"product","link":"https:\/\/flamaecol.sk\/en\/produkt\/pecova-vlozka-juwel-h1-leda-2\/","title":{"rendered":"Juwel H1 E Leda"},"content":{"rendered":"<h4>Pecov\u00e1 vlo\u017eka LEDA JUWEL H1 E so vstavan\u00fdm r\u00e1mikom<\/h4>\n<p>&nbsp;<\/p>\n<p>Technick\u00e9 parametre:<\/p>\n<p><span class=\"Apple-tab-span\">N<\/span>omin\u00e1lny v\u00fdkon : 6\/7 kW<\/p>\n<p>\u00da\u010dinnos\u0165: 80%<\/p>\n<p>V\u00fdvod dymovodu: horn\u00fd-zadn\u00fd-bo\u010dn\u00fd<\/p>\n<p>Palivo: drevo, dreven\u00e9 brikety<\/p>\n<p>Farebn\u00e9 vyhotovenie: \u010dierna<\/p>\n<p>Hmotnos\u0165: 163 kg<\/p>\n<p>\u0160\u00edrka: 460 mm<\/p>\n<p>V\u00fd\u0161ka: 745 mm<\/p>\n<p>H\u013abka: 562 mm<\/p>\n<p>&nbsp;<\/p>\n<p>Ako si skr\u00e1\u0161li\u0165 interi\u00e9r? Pre JUWEL je to mali\u010dkos\u0165. Predov\u0161etk\u00fdm kv\u00f4li jej vonkaj\u0161\u00edm rozmerom. Patr\u00ed medzi men\u0161ie pecov\u00e9 vlo\u017eky. Ve\u013ekolep\u00e1 technika sa star\u00e1 o pr\u00edjemn\u00fd pocit tepla, ktor\u00fd vydr\u017e\u00ed ve\u013ea hod\u00edn. JUWEL je v\u010faka dvojit\u00e9mu preskleniu dvierok schopn\u00fd lep\u0161ie vyu\u017e\u00edva\u0165 tepeln\u00fa energiu, ktor\u00fa dosiahne pri horen\u00ed. Kone\u010dne existuje kompaktn\u00e1 vykurovacia vlo\u017eka s mal\u00fdm v\u00fdkonom, ktor\u00e1 je vyroben\u00e1 z kvalitnej liatiny. Je ur\u010den\u00e1 pre n\u00edzkoenergetick\u00e9 domy a novostavby.<\/p>\n","protected":false},"excerpt":{"rendered":"<p>Pecov\u00e1 vlo\u017eka LEDA JUWEL H1 E so vstavan\u00fdm r\u00e1mikom &nbsp; Technick\u00e9 parametre: Nomin\u00e1lny v\u00fdkon : 6\/7 kW \u00da\u010dinnos\u0165: 80% V\u00fdvod dymovodu: horn\u00fd-zadn\u00fd-bo\u010dn\u00fd Palivo: drevo, dreven\u00e9 brikety Farebn\u00e9 vyhotovenie: \u010dierna Hmotnos\u0165: 163 kg \u0160\u00edrka: 460 mm V\u00fd\u0161ka: 745 mm H\u013abka: 562 mm &nbsp; Ako si skr\u00e1\u0161li\u0165 interi\u00e9r? Pre JUWEL je to mali\u010dkos\u0165. Predov\u0161etk\u00fdm kv\u00f4li jej vonkaj\u0161\u00edm [&hellip;]<\/p>\n","protected":false},"featured_media":3491,"comment_status":"open","ping_status":"closed","template":"","meta":[],"product_brand":[],"product_cat":[243,245],"product_tag":[],"class_list":{"0":"post-3500","1":"product","2":"type-product","3":"status-publish","4":"has-post-thumbnail","6":"product_cat-pecove-vlozky","7":"product_cat-leda","9":"first","10":"instock","11":"taxable","12":"shipping-taxable","13":"purchasable","14":"product-type-simple"},"_links":{"self":[{"href":"https:\/\/flamaecol.sk\/en\/wp-json\/wp\/v2\/product\/3500","targetHints":{"allow":["GET"]}}],"collection":[{"href":"https:\/\/flamaecol.sk\/en\/wp-json\/wp\/v2\/product"}],"about":[{"href":"https:\/\/flamaecol.sk\/en\/wp-json\/wp\/v2\/types\/product"}],"replies":[{"embeddable":true,"href":"https:\/\/flamaecol.sk\/en\/wp-json\/wp\/v2\/comments?post=3500"}],"wp:featuredmedia":[{"embeddable":true,"href":"https:\/\/flamaecol.sk\/en\/wp-json\/wp\/v2\/media\/3491"}],"wp:attachment":[{"href":"https:\/\/flamaecol.sk\/en\/wp-json\/wp\/v2\/media?parent=3500"}],"wp:term":[{"taxonomy":"product_brand","embeddable":true,"href":"https:\/\/flamaecol.sk\/en\/wp-json\/wp\/v2\/product_brand?post=3500"},{"taxonomy":"product_cat","embeddable":true,"href":"https:\/\/flamaecol.sk\/en\/wp-json\/wp\/v2\/product_cat?post=3500"},{"taxonomy":"product_tag","embeddable":true,"href":"https:\/\/flamaecol.sk\/en\/wp-json\/wp\/v2\/product_tag?post=3500"}],"curies":[{"name":"wp","href":"https:\/\/api.w.org\/{rel}","templated":true}]}}