{"id":3484,"date":"2015-08-31T15:44:52","date_gmt":"2015-08-31T13:44:52","guid":{"rendered":"https:\/\/flamaecol.sk\/produkt\/pecova-vlozka-leda-brillant-h2-e-2\/"},"modified":"2025-11-11T10:05:07","modified_gmt":"2025-11-11T08:05:07","slug":"pecova-vlozka-leda-brillant-h2-e-2","status":"publish","type":"product","link":"https:\/\/flamaecol.sk\/en\/produkt\/pecova-vlozka-leda-brillant-h2-e-2\/","title":{"rendered":"Brillant H2 E, Leda"},"content":{"rendered":"<h4>Pecov\u00e1 vlo\u017eka Brillant H2 E so vstavan\u00fdm r\u00e1mikom<\/h4>\n<p><\/p>\n<p>Technick\u00e9 parametre:<span class=\"Apple-tab-span\">\t<\/span><\/p>\n<p>Menovit\u00fd v\u00fdkon:<span class=\"Apple-tab-span\">\t<\/span>10 kW<\/p>\n<p>\u00da\u010dinnos\u0165:<span class=\"Apple-tab-span\">\t<\/span>80%<\/p>\n<p>V\u00fdvod dymovodu:<span class=\"Apple-tab-span\">\t<\/span>horn\u00fd-zadn\u00fd-bo\u010dn\u00fd<\/p>\n<p>Priemer dymovodu:<span class=\"Apple-tab-span\">\t<\/span>180 mm<\/p>\n<p>Palivo:<span class=\"Apple-tab-span\">\t<\/span>drevo, dreven\u00e9 brikety<\/p>\n<p>Farebn\u00e9 vyhotovenie:<span class=\"Apple-tab-span\">\t<\/span>\u010dierna<\/p>\n<p>Hmotnos\u0165:<span class=\"Apple-tab-span\">\t<\/span>212 kg<\/p>\n<p>\u0160\u00edrka:<span class=\"Apple-tab-span\">\t<\/span>468 mm<\/p>\n<p>V\u00fd\u0161ka:<span class=\"Apple-tab-span\">\t<\/span>800 mm<\/p>\n<p>H\u013abka:<span class=\"Apple-tab-span\">\t<\/span>581 mm<\/p>\n<p><\/p>\n<p>Je nad\u010dasov\u00fd a je okrasou pre ka\u017ed\u00e9 prostredie: BRILLANT fascinuje v mnoh\u00fdch podob\u00e1ch, celkom pod\u013ea osobn\u00e9ho vkusu, pod\u013ea situ\u00e1cie v miestnosti alebo vykurovacieho v\u00fdkonu. S klasicky ploch\u00fdm alebo elegantne zvlnen\u00fdm priezorom z keramick\u00e9ho skla, s \u010deln\u00fdm panelom z u\u0161\u013eachtilej ocele alebo liatiny. \u201eBrilantn\u00fd\u201d je st\u00e1le primeran\u00e9 ozna\u010denie, preto\u017ee poskytuje najrozli\u010dnej\u0161ie rie\u0161enia prisp\u00f4sobite\u013en\u00e9 na mieru z\u00e1kazn\u00edka. BRILLANT je k dispoz\u00edcii v dvoch ve\u013ekostiach, s r\u00f4znou h\u013abkou a v\u00fdkonom.<\/p>\n","protected":false},"excerpt":{"rendered":"<p>Pecov\u00e1 vlo\u017eka Brillant H2 E so vstavan\u00fdm r\u00e1mikom Technick\u00e9 parametre: Menovit\u00fd v\u00fdkon: 10 kW \u00da\u010dinnos\u0165: 80% V\u00fdvod dymovodu: horn\u00fd-zadn\u00fd-bo\u010dn\u00fd Priemer dymovodu: 180 mm Palivo: drevo, dreven\u00e9 brikety Farebn\u00e9 vyhotovenie: \u010dierna Hmotnos\u0165: 212 kg \u0160\u00edrka: 468 mm V\u00fd\u0161ka: 800 mm H\u013abka: 581 mm Je nad\u010dasov\u00fd a je okrasou pre ka\u017ed\u00e9 prostredie: BRILLANT fascinuje v mnoh\u00fdch podob\u00e1ch, [&hellip;]<\/p>\n","protected":false},"featured_media":3476,"comment_status":"open","ping_status":"closed","template":"","meta":[],"product_brand":[],"product_cat":[243,245],"product_tag":[],"class_list":{"0":"post-3484","1":"product","2":"type-product","3":"status-publish","4":"has-post-thumbnail","6":"product_cat-pecove-vlozky","7":"product_cat-leda","9":"first","10":"instock","11":"taxable","12":"shipping-taxable","13":"purchasable","14":"product-type-simple"},"_links":{"self":[{"href":"https:\/\/flamaecol.sk\/en\/wp-json\/wp\/v2\/product\/3484","targetHints":{"allow":["GET"]}}],"collection":[{"href":"https:\/\/flamaecol.sk\/en\/wp-json\/wp\/v2\/product"}],"about":[{"href":"https:\/\/flamaecol.sk\/en\/wp-json\/wp\/v2\/types\/product"}],"replies":[{"embeddable":true,"href":"https:\/\/flamaecol.sk\/en\/wp-json\/wp\/v2\/comments?post=3484"}],"wp:featuredmedia":[{"embeddable":true,"href":"https:\/\/flamaecol.sk\/en\/wp-json\/wp\/v2\/media\/3476"}],"wp:attachment":[{"href":"https:\/\/flamaecol.sk\/en\/wp-json\/wp\/v2\/media?parent=3484"}],"wp:term":[{"taxonomy":"product_brand","embeddable":true,"href":"https:\/\/flamaecol.sk\/en\/wp-json\/wp\/v2\/product_brand?post=3484"},{"taxonomy":"product_cat","embeddable":true,"href":"https:\/\/flamaecol.sk\/en\/wp-json\/wp\/v2\/product_cat?post=3484"},{"taxonomy":"product_tag","embeddable":true,"href":"https:\/\/flamaecol.sk\/en\/wp-json\/wp\/v2\/product_tag?post=3484"}],"curies":[{"name":"wp","href":"https:\/\/api.w.org\/{rel}","templated":true}]}}