{"id":3478,"date":"2015-08-31T15:39:43","date_gmt":"2015-08-31T13:39:43","guid":{"rendered":"https:\/\/flamaecol.sk\/produkt\/pecova-vlozka-leda-turma-h80-2\/"},"modified":"2025-11-11T10:32:24","modified_gmt":"2025-11-11T08:32:24","slug":"pecova-vlozka-leda-turma-h80-2","status":"publish","type":"product","link":"https:\/\/flamaecol.sk\/en\/produkt\/pecova-vlozka-leda-turma-h80-2\/","title":{"rendered":"Turma H80"},"content":{"rendered":"<h4>Pecov\u00e1 vlo\u017eka TURMA H80<\/h4>\n<p>&nbsp;<\/p>\n<p>Technick\u00e9 parametre:<\/p>\n<p>Nomin\u00e1lny v\u00fdkon: 10 kW<\/p>\n<p>\u00da\u010dinnos\u0165: 80%<\/p>\n<p>V\u00fdvod dymovodu: horn\u00fd<\/p>\n<p>Priemer dymovodu: 180 mm<\/p>\n<p>Palivo: drevo, dreven\u00e9 brikety<\/p>\n<p>Farebn\u00e9 vyhotovenie: \u010dierna<\/p>\n<p>Hmotnos\u0165: 221 kg<\/p>\n<p>\u0160\u00edrka: 653 mm<\/p>\n<p>V\u00fd\u0161ka: 850 mm<\/p>\n<p>H\u013abka: 480 mm<\/p>\n<p>&nbsp;<\/p>\n<p>Nekompromisne pekn\u00e1 vlo\u017eka! TURMA m\u00e1 \u010dist\u00e9 l\u00ednie. M\u00e1 rozmern\u00e9 dvojsklo, ktor\u00e9 pripom\u00edna \u010dloveku silu oh\u0148a. Ni\u010d neodvr\u00e1ti poh\u013ead od pohyblivej hry plame\u0148ov; ani decentn\u00e1 rukov\u00e4\u0165 na dvierkach z u\u0161\u013eachtilej ocele. Odhliadnuc od toho m\u00e1 TURMA e\u0161te mnoho dal\u0161\u00edch dobr\u00fdch vlastnost\u00ed. Tak\u00fdmto sp\u00f4sobom m\u00f4\u017ee krbov\u00e1 vlo\u017eka rozde\u013eova\u0165 priestor v interi\u00e9ri. Dvojit\u00e9 presklenie zni\u017euje nen\u00e1padne, ale pr\u00edjemne, pr\u00edli\u0161 siln\u00e9 s\u00e1lanie tepla cez panoramatick\u00e9 sklo. \u010ci bude TURMA in\u0161talovan\u00e1 bl\u00edzko podlahy alebo bude v ur\u010ditej v\u00fd\u0161ke nad \u0148ou je u\u017e len a len na Va\u0161om rozhodnut\u00ed. Na vlo\u017eku je mo\u017en\u00e9 pripoji\u0165 keramicke \u0165ahy alebo s liatinov\u00fdm v\u00fdmenn\u00edkom ako aj extern\u00fd pr\u00edvod vzduchu.<\/p>\n","protected":false},"excerpt":{"rendered":"<p>Pecov\u00e1 vlo\u017eka TURMA H80 &nbsp; Technick\u00e9 parametre: Nomin\u00e1lny v\u00fdkon: 10 kW \u00da\u010dinnos\u0165: 80% V\u00fdvod dymovodu: horn\u00fd Priemer dymovodu: 180 mm Palivo: drevo, dreven\u00e9 brikety Farebn\u00e9 vyhotovenie: \u010dierna Hmotnos\u0165: 221 kg \u0160\u00edrka: 653 mm V\u00fd\u0161ka: 850 mm H\u013abka: 480 mm &nbsp; Nekompromisne pekn\u00e1 vlo\u017eka! TURMA m\u00e1 \u010dist\u00e9 l\u00ednie. M\u00e1 rozmern\u00e9 dvojsklo, ktor\u00e9 pripom\u00edna \u010dloveku silu oh\u0148a. [&hellip;]<\/p>\n","protected":false},"featured_media":3466,"comment_status":"open","ping_status":"closed","template":"","meta":[],"product_brand":[],"product_cat":[243,245],"product_tag":[],"class_list":{"0":"post-3478","1":"product","2":"type-product","3":"status-publish","4":"has-post-thumbnail","6":"product_cat-pecove-vlozky","7":"product_cat-leda","9":"first","10":"instock","11":"taxable","12":"shipping-taxable","13":"purchasable","14":"product-type-simple"},"_links":{"self":[{"href":"https:\/\/flamaecol.sk\/en\/wp-json\/wp\/v2\/product\/3478","targetHints":{"allow":["GET"]}}],"collection":[{"href":"https:\/\/flamaecol.sk\/en\/wp-json\/wp\/v2\/product"}],"about":[{"href":"https:\/\/flamaecol.sk\/en\/wp-json\/wp\/v2\/types\/product"}],"replies":[{"embeddable":true,"href":"https:\/\/flamaecol.sk\/en\/wp-json\/wp\/v2\/comments?post=3478"}],"wp:featuredmedia":[{"embeddable":true,"href":"https:\/\/flamaecol.sk\/en\/wp-json\/wp\/v2\/media\/3466"}],"wp:attachment":[{"href":"https:\/\/flamaecol.sk\/en\/wp-json\/wp\/v2\/media?parent=3478"}],"wp:term":[{"taxonomy":"product_brand","embeddable":true,"href":"https:\/\/flamaecol.sk\/en\/wp-json\/wp\/v2\/product_brand?post=3478"},{"taxonomy":"product_cat","embeddable":true,"href":"https:\/\/flamaecol.sk\/en\/wp-json\/wp\/v2\/product_cat?post=3478"},{"taxonomy":"product_tag","embeddable":true,"href":"https:\/\/flamaecol.sk\/en\/wp-json\/wp\/v2\/product_tag?post=3478"}],"curies":[{"name":"wp","href":"https:\/\/api.w.org\/{rel}","templated":true}]}}