{"id":3462,"date":"2015-08-27T21:05:20","date_gmt":"2015-08-27T19:05:20","guid":{"rendered":"https:\/\/flamaecol.sk\/produkt\/ziaruvzdorne-malty-a-lepidla-haftmortel-ortner-2\/"},"modified":"2015-08-27T21:05:20","modified_gmt":"2015-08-27T19:05:20","slug":"ziaruvzdorne-malty-a-lepidla-haftmortel-ortner-2","status":"publish","type":"product","link":"https:\/\/flamaecol.sk\/en\/produkt\/ziaruvzdorne-malty-a-lepidla-haftmortel-ortner-2\/","title":{"rendered":"Haftm\u00f6rtel 1000\u00b0C, Ortner"},"content":{"rendered":"<h4>ORTNER Haftm\u00f6rtel, 1000\u00b0C, 0-2mm, vrece 20kg<\/h4>\n<h4><\/h4>\n<h4><span style=\"font-size: 12px; line-height: 18px;\">Pou\u017e\u00edva sa na vypl\u0148ovanie priestorov medzi kachlicami , pri os\u00e1dzan\u00ed keramick\u00fdch kachl\u00edc a \u0161amotov\u00fdch materi\u00e1lov, pre r\u00fdchle murovanie v ohnisku, ako lepiaca malta pri sp\u00e1jan\u00ed platn\u00ed z liateho \u0161amotu, ide\u00e1lny doplnok k be\u017ene pou\u017e\u00edvan\u00fdm kachliarskym malt\u00e1m.&nbsp;<\/span><span style=\"font-size: 12px; line-height: 18px;\">Ortner Haftm\u00f6rtel &#8220;Origin\u00e1l&#8221;&#8221; je malta s hydraulick\u00fdm spojivom pre lepenie keramick\u00fdch a \u0161amotov\u00fdch materi\u00e1lov. Je \u0161peci\u00e1lne vyroben\u00e1 pre stavbu kach\u013eov\u00fdch pec\u00ed. Vhodn\u00e1 do teploty 1000 \u00b0C.&nbsp;<\/span><\/h4>\n","protected":false},"excerpt":{"rendered":"<p>ORTNER Haftm\u00f6rtel, 1000\u00b0C, 0-2mm, vrece 20kg Pou\u017e\u00edva sa na vypl\u0148ovanie priestorov medzi kachlicami , pri os\u00e1dzan\u00ed keramick\u00fdch kachl\u00edc a \u0161amotov\u00fdch materi\u00e1lov, pre r\u00fdchle murovanie v ohnisku, ako lepiaca malta pri sp\u00e1jan\u00ed platn\u00ed z liateho \u0161amotu, ide\u00e1lny doplnok k be\u017ene pou\u017e\u00edvan\u00fdm kachliarskym malt\u00e1m.&nbsp;Ortner Haftm\u00f6rtel &#8220;Origin\u00e1l&#8221;&#8221; je malta s hydraulick\u00fdm spojivom pre lepenie keramick\u00fdch a \u0161amotov\u00fdch materi\u00e1lov. [&hellip;]<\/p>\n","protected":false},"featured_media":3458,"comment_status":"open","ping_status":"closed","template":"","meta":[],"product_brand":[],"product_cat":[230,304],"product_tag":[],"class_list":{"0":"post-3462","1":"product","2":"type-product","3":"status-publish","4":"has-post-thumbnail","6":"product_cat-prislusenstvo","7":"product_cat-ziaruvzdorne-malty-a-lepidla","9":"first","10":"instock","11":"taxable","12":"shipping-taxable","13":"purchasable","14":"product-type-simple"},"_links":{"self":[{"href":"https:\/\/flamaecol.sk\/en\/wp-json\/wp\/v2\/product\/3462","targetHints":{"allow":["GET"]}}],"collection":[{"href":"https:\/\/flamaecol.sk\/en\/wp-json\/wp\/v2\/product"}],"about":[{"href":"https:\/\/flamaecol.sk\/en\/wp-json\/wp\/v2\/types\/product"}],"replies":[{"embeddable":true,"href":"https:\/\/flamaecol.sk\/en\/wp-json\/wp\/v2\/comments?post=3462"}],"wp:featuredmedia":[{"embeddable":true,"href":"https:\/\/flamaecol.sk\/en\/wp-json\/wp\/v2\/media\/3458"}],"wp:attachment":[{"href":"https:\/\/flamaecol.sk\/en\/wp-json\/wp\/v2\/media?parent=3462"}],"wp:term":[{"taxonomy":"product_brand","embeddable":true,"href":"https:\/\/flamaecol.sk\/en\/wp-json\/wp\/v2\/product_brand?post=3462"},{"taxonomy":"product_cat","embeddable":true,"href":"https:\/\/flamaecol.sk\/en\/wp-json\/wp\/v2\/product_cat?post=3462"},{"taxonomy":"product_tag","embeddable":true,"href":"https:\/\/flamaecol.sk\/en\/wp-json\/wp\/v2\/product_tag?post=3462"}],"curies":[{"name":"wp","href":"https:\/\/api.w.org\/{rel}","templated":true}]}}