{"id":3440,"date":"2015-08-26T23:54:39","date_gmt":"2015-08-26T21:54:39","guid":{"rendered":"https:\/\/flamaecol.sk\/produkt\/akumulacna-platna-akuplatt-2\/"},"modified":"2025-01-12T14:49:07","modified_gmt":"2025-01-12T12:49:07","slug":"akumulacna-platna-akuplatt-2","status":"publish","type":"product","link":"https:\/\/flamaecol.sk\/en\/produkt\/akumulacna-platna-akuplatt-2\/","title":{"rendered":"Acuplatt"},"content":{"rendered":"<p>&nbsp;<\/p>\n<ul>\n<li><span style=\"color: inherit; font-family: inherit;\">vystu\u017een\u00e9 akumula\u010dn\u00e9 dosky ur\u010den\u00e9 na stavbu pl\u00e1\u0161\u0165a kombinovan\u00fdch, akumula\u010dn\u00fdch a hypokaustov\u00fdch krbov a pec\u00ed<\/span><\/li>\n<li>tvarovky odol\u00e1vaj\u00fa vysok\u00fdm teplot\u00e1m a\u017e 1100\u00b0C<\/li>\n<li>rychl\u00e1 a presn\u00e1 stavba<\/li>\n<li>zdravotne nez\u00e1vadne<\/li>\n<li>v\u010faka vysokej tepelnej vodivosti a hr\u00fabke tvarovky r\u00fdchlo ved\u00fa teplo z vn\u00fatorn\u00e9ho priestoru stavby do vykurovan\u00e9ho priestoru<\/li>\n<li>vysok\u00e1 hmotnos\u0165 a tepeln\u00e1 zotrva\u010dnos\u0165<\/li>\n<li>vyroben\u00e9 zo \u0161peci\u00e1lneho materi\u00e1lu na b\u00e1zi lupku<\/li>\n<li>dr\u00e1\u017ekovan\u00fd podklad pre omietku<\/li>\n<li>s\u00fa dod\u00e1van\u00e9 vo viacer\u00fdch rozmeroch a hr\u00fabkach<\/li>\n<li>mo\u017enos\u0165 individu\u00e1lnych rozmerov pod\u013ea po\u017eiadaviek odberate\u013ea<\/li>\n<\/ul>\n<p>&nbsp;<\/p>\n","protected":false},"excerpt":{"rendered":"<p><strong>rozmer:<\/strong> 1000x500x30mm<br \/>\n<strong>v\u00e1ha:<\/strong> 32 kg<\/p>\n","protected":false},"featured_media":1481,"comment_status":"closed","ping_status":"closed","template":"","meta":[],"product_brand":[],"product_cat":[230,303],"product_tag":[],"class_list":{"0":"post-3440","1":"product","2":"type-product","3":"status-publish","4":"has-post-thumbnail","6":"product_cat-prislusenstvo","7":"product_cat-akumulacne-platne","9":"first","10":"instock","11":"taxable","12":"shipping-taxable","13":"purchasable","14":"product-type-simple"},"_links":{"self":[{"href":"https:\/\/flamaecol.sk\/en\/wp-json\/wp\/v2\/product\/3440","targetHints":{"allow":["GET"]}}],"collection":[{"href":"https:\/\/flamaecol.sk\/en\/wp-json\/wp\/v2\/product"}],"about":[{"href":"https:\/\/flamaecol.sk\/en\/wp-json\/wp\/v2\/types\/product"}],"replies":[{"embeddable":true,"href":"https:\/\/flamaecol.sk\/en\/wp-json\/wp\/v2\/comments?post=3440"}],"wp:featuredmedia":[{"embeddable":true,"href":"https:\/\/flamaecol.sk\/en\/wp-json\/wp\/v2\/media\/1481"}],"wp:attachment":[{"href":"https:\/\/flamaecol.sk\/en\/wp-json\/wp\/v2\/media?parent=3440"}],"wp:term":[{"taxonomy":"product_brand","embeddable":true,"href":"https:\/\/flamaecol.sk\/en\/wp-json\/wp\/v2\/product_brand?post=3440"},{"taxonomy":"product_cat","embeddable":true,"href":"https:\/\/flamaecol.sk\/en\/wp-json\/wp\/v2\/product_cat?post=3440"},{"taxonomy":"product_tag","embeddable":true,"href":"https:\/\/flamaecol.sk\/en\/wp-json\/wp\/v2\/product_tag?post=3440"}],"curies":[{"name":"wp","href":"https:\/\/api.w.org\/{rel}","templated":true}]}}