{"id":3439,"date":"2015-08-27T11:52:35","date_gmt":"2015-08-27T09:52:35","guid":{"rendered":"https:\/\/flamaecol.sk\/produkt\/ziaruvzdorne-malty-a-lepidla-rath-universal-super\/"},"modified":"2025-01-12T12:34:26","modified_gmt":"2025-01-12T10:34:26","slug":"ziaruvzdorne-malty-a-lepidla-rath-universal-super","status":"publish","type":"product","link":"https:\/\/flamaecol.sk\/en\/produkt\/ziaruvzdorne-malty-a-lepidla-rath-universal-super\/","title":{"rendered":"Rath Universal super 0-3mm"},"content":{"rendered":"<h4>RATH, malta UNIVERSAL SUPER stredn\u00e1, hydraulick\u00e1 v\u00e4zba, 1200 \u00b0C, 0-3 mm, 25 kg<\/h4>\n<p>&nbsp;<\/p>\n<p>Murovacia malta UNIVERSAL SUPER je hotov\u00e1 oh\u0148ovzdorn\u00e1 malta, ktor\u00e1 via\u017ee hydraulicky. Je zmesou jemnozrnn\u00fdch hl\u00edn, oh\u0148ovzdorn\u00fdch keramick\u00fdch l\u00e1tok a pr\u00edsad hydraulick\u00fdch poj\u00edv. Tieto hmoty sa dod\u00e1vaj\u00fa v suchom stave a s pridan\u00edm vody sa dosahuje \u017eelan\u00e1 konzistencia. Hydraulicky sp\u00e1jaj\u00face oh\u0148ovzdorn\u00e9 malty tvrdn\u00fa pri izbovej teplote. Pou\u017e\u00edva sa najm\u00e4 pri sp\u00e1jan\u00ed keramick\u00fdch kachl\u00edc, na murovanie \u0161amotov\u00fdch teh\u00e1l, kachl\u00edc ako aj omietanie vn\u00fatorn\u00fdch a vonkaj\u0161\u00edch pl\u00f4ch v kach\u013eovej peci. V\u010faka hustej \u0161trukt\u00fare sa dosahuje ve\u013emi dobr\u00fd prenos tepla.<\/p>\n","protected":false},"excerpt":{"rendered":"<p>RATH, malta UNIVERSAL SUPER stredn\u00e1, hydraulick\u00e1 v\u00e4zba, 1200 \u00b0C, 0-3 mm, 25 kg &nbsp; Murovacia malta UNIVERSAL SUPER je hotov\u00e1 oh\u0148ovzdorn\u00e1 malta, ktor\u00e1 via\u017ee hydraulicky. Je zmesou jemnozrnn\u00fdch hl\u00edn, oh\u0148ovzdorn\u00fdch keramick\u00fdch l\u00e1tok a pr\u00edsad hydraulick\u00fdch poj\u00edv. Tieto hmoty sa dod\u00e1vaj\u00fa v suchom stave a s pridan\u00edm vody sa dosahuje \u017eelan\u00e1 konzistencia. Hydraulicky sp\u00e1jaj\u00face oh\u0148ovzdorn\u00e9 malty [&hellip;]<\/p>\n","protected":false},"featured_media":1483,"comment_status":"open","ping_status":"closed","template":"","meta":[],"product_brand":[],"product_cat":[230,304],"product_tag":[],"class_list":{"0":"post-3439","1":"product","2":"type-product","3":"status-publish","4":"has-post-thumbnail","6":"product_cat-prislusenstvo","7":"product_cat-ziaruvzdorne-malty-a-lepidla","9":"first","10":"outofstock","11":"taxable","12":"shipping-taxable","13":"purchasable","14":"product-type-simple"},"_links":{"self":[{"href":"https:\/\/flamaecol.sk\/en\/wp-json\/wp\/v2\/product\/3439","targetHints":{"allow":["GET"]}}],"collection":[{"href":"https:\/\/flamaecol.sk\/en\/wp-json\/wp\/v2\/product"}],"about":[{"href":"https:\/\/flamaecol.sk\/en\/wp-json\/wp\/v2\/types\/product"}],"replies":[{"embeddable":true,"href":"https:\/\/flamaecol.sk\/en\/wp-json\/wp\/v2\/comments?post=3439"}],"wp:featuredmedia":[{"embeddable":true,"href":"https:\/\/flamaecol.sk\/en\/wp-json\/wp\/v2\/media\/1483"}],"wp:attachment":[{"href":"https:\/\/flamaecol.sk\/en\/wp-json\/wp\/v2\/media?parent=3439"}],"wp:term":[{"taxonomy":"product_brand","embeddable":true,"href":"https:\/\/flamaecol.sk\/en\/wp-json\/wp\/v2\/product_brand?post=3439"},{"taxonomy":"product_cat","embeddable":true,"href":"https:\/\/flamaecol.sk\/en\/wp-json\/wp\/v2\/product_cat?post=3439"},{"taxonomy":"product_tag","embeddable":true,"href":"https:\/\/flamaecol.sk\/en\/wp-json\/wp\/v2\/product_tag?post=3439"}],"curies":[{"name":"wp","href":"https:\/\/api.w.org\/{rel}","templated":true}]}}