{"id":3434,"date":"2015-08-25T13:01:29","date_gmt":"2015-08-25T11:01:29","guid":{"rendered":"https:\/\/flamaecol.sk\/produkt\/liatinove-kachle-saey-scope-2\/"},"modified":"2026-03-30T10:45:04","modified_gmt":"2026-03-30T08:45:04","slug":"liatinove-kachle-saey-scope-2","status":"publish","type":"product","link":"https:\/\/flamaecol.sk\/en\/produkt\/liatinove-kachle-saey-scope-2\/","title":{"rendered":"Saey Scope"},"content":{"rendered":"<h4>Krbov\u00e9 kachle Saey Scope , rovn\u00e9 presklenie, palivo drevo<\/h4>\n<p><\/p>\n<p>Scope sa vyzna\u010duje jednoduchos\u0165ou. Nielen, \u017ee jeho dizajn je elegantn\u00fd a modern\u00fd ale jednoduchos\u0165 je tie\u017e v neposlednom rade v pou\u017eit\u00ed a \u00fadr\u017ebe. Tak\u017ee m\u00f4\u017eete bez dymu naklada\u0165 palivo cez predn\u00e9 dvere so \u0161peci\u00e1lne navrhnutou dymovou klapkou. Ale palivo je mo\u017en\u00e9 priklada\u0165 tie\u017e cez skryt\u00e9 bo\u010dn\u00e9 dvere. Do pece mo\u017eno naklada\u0165 tie\u017e ve\u013ek\u00e9 kusy dreva, tak\u017ee budete m\u00f4c\u0165 naklada\u0165 drevo menej \u010dasto.V\u0161etky kachle na drevo aj uhlie maj\u00fa dvojit\u00e9 spa\u013eovanie a syst\u00e9m \u010dist\u00e9ho skla. Vyberate\u013en\u00fd ro\u0161t a popoln\u00edk. Mo\u017enos\u0165 napojenia zhora alebo zozadu.<\/p>\n<p><\/p>\n<p>Technick\u00e9 parametre:<\/p>\n<p>Nomin\u00e1lny v\u00fdkon:<span class=\"Apple-tab-span\">\t<\/span>&nbsp;9kW<\/p>\n<p>Regula\u010dn\u00fd rozsah : 4-12 kW<\/p>\n<p>\u00da\u010dinnos\u0165:<span class=\"Apple-tab-span\">\t<\/span>77%<\/p>\n<p>V\u00fdvod dymovodu:<span class=\"Apple-tab-span\">\t<\/span>horn\u00fd-zadn\u00fd<\/p>\n<p>Priemer dymovodu:<span class=\"Apple-tab-span\">\t<\/span>150 mm<\/p>\n<p>Palivo:<span class=\"Apple-tab-span\">\t<\/span>drevo, dreven\u00e9 brikety<\/p>\n<p>Farebn\u00e9 vyhotovenie:<span class=\"Apple-tab-span\">\t<\/span>&nbsp;antracitov\u00e1<\/p>\n<p>Hmotnos\u0165:<span class=\"Apple-tab-span\">\t<\/span>220 kg<\/p>\n<p>\u0160\u00edrka:<span class=\"Apple-tab-span\">\t<\/span>&nbsp;662 mm<\/p>\n<p>V\u00fd\u0161ka:<span class=\"Apple-tab-span\">\t<\/span>&nbsp;700 mm<\/p>\n<p>H\u013abka:<span class=\"Apple-tab-span\">\t<\/span>&nbsp;475 mm<\/p>\n","protected":false},"excerpt":{"rendered":"<p>Krbov\u00e9 kachle Saey Scope , rovn\u00e9 presklenie, palivo drevo Scope sa vyzna\u010duje jednoduchos\u0165ou. Nielen, \u017ee jeho dizajn je elegantn\u00fd a modern\u00fd ale jednoduchos\u0165 je tie\u017e v neposlednom rade v pou\u017eit\u00ed a \u00fadr\u017ebe. Tak\u017ee m\u00f4\u017eete bez dymu naklada\u0165 palivo cez predn\u00e9 dvere so \u0161peci\u00e1lne navrhnutou dymovou klapkou. Ale palivo je mo\u017en\u00e9 priklada\u0165 tie\u017e cez skryt\u00e9 bo\u010dn\u00e9 [&hellip;]<\/p>\n","protected":false},"featured_media":3426,"comment_status":"open","ping_status":"closed","template":"","meta":[],"product_brand":[],"product_cat":[196,199],"product_tag":[],"class_list":{"0":"post-3434","1":"product","2":"type-product","3":"status-publish","4":"has-post-thumbnail","6":"product_cat-liatinove-kachle","7":"product_cat-saey","9":"first","10":"onbackorder","11":"taxable","12":"shipping-taxable","13":"purchasable","14":"product-type-simple"},"_links":{"self":[{"href":"https:\/\/flamaecol.sk\/en\/wp-json\/wp\/v2\/product\/3434","targetHints":{"allow":["GET"]}}],"collection":[{"href":"https:\/\/flamaecol.sk\/en\/wp-json\/wp\/v2\/product"}],"about":[{"href":"https:\/\/flamaecol.sk\/en\/wp-json\/wp\/v2\/types\/product"}],"replies":[{"embeddable":true,"href":"https:\/\/flamaecol.sk\/en\/wp-json\/wp\/v2\/comments?post=3434"}],"wp:featuredmedia":[{"embeddable":true,"href":"https:\/\/flamaecol.sk\/en\/wp-json\/wp\/v2\/media\/3426"}],"wp:attachment":[{"href":"https:\/\/flamaecol.sk\/en\/wp-json\/wp\/v2\/media?parent=3434"}],"wp:term":[{"taxonomy":"product_brand","embeddable":true,"href":"https:\/\/flamaecol.sk\/en\/wp-json\/wp\/v2\/product_brand?post=3434"},{"taxonomy":"product_cat","embeddable":true,"href":"https:\/\/flamaecol.sk\/en\/wp-json\/wp\/v2\/product_cat?post=3434"},{"taxonomy":"product_tag","embeddable":true,"href":"https:\/\/flamaecol.sk\/en\/wp-json\/wp\/v2\/product_tag?post=3434"}],"curies":[{"name":"wp","href":"https:\/\/api.w.org\/{rel}","templated":true}]}}