{"id":3414,"date":"2015-08-25T11:52:59","date_gmt":"2015-08-25T09:52:59","guid":{"rendered":"https:\/\/flamaecol.sk\/produkt\/liatinove-kachle-saey-92-cucina-2\/"},"modified":"2015-08-25T11:52:59","modified_gmt":"2015-08-25T09:52:59","slug":"liatinove-kachle-saey-92-cucina-2","status":"publish","type":"product","link":"https:\/\/flamaecol.sk\/en\/produkt\/liatinove-kachle-saey-92-cucina-2\/","title":{"rendered":"Saey 92 cucina"},"content":{"rendered":"<h4>Krbov\u00e9 kachle SAEY 92 cucina, antracitov\u00e1 liatina, rovn\u00e9 presklenie,varn\u00e1 doska, palivo drevo<\/h4>\n<p><\/p>\n<p>Nomin\u00e1lny v\u00fdkon:<span class=\"Apple-tab-span\" style=\"white-space:pre\">\t<\/span>10 kW<\/p>\n<p>Regula\u010dn\u00fd rozsah : 5-14 kW<\/p>\n<p>\u00da\u010dinnos\u0165:<span class=\"Apple-tab-span\" style=\"white-space:pre\">\t<\/span>77%<\/p>\n<p>V\u00fdvod dymovodu:<span class=\"Apple-tab-span\" style=\"white-space:pre\">\t<\/span>horn\u00fd-zadn\u00fd<\/p>\n<p>Priemer dymovodu:<span class=\"Apple-tab-span\" style=\"white-space:pre\">\t<\/span>150 mm<\/p>\n<p>Palivo:<span class=\"Apple-tab-span\" style=\"white-space:pre\">\t<\/span>drevo, dreven\u00e9 brikety<\/p>\n<p>Farebn\u00e9 vyhotovenie:<span class=\"Apple-tab-span\" style=\"white-space:pre\">\t<\/span>&nbsp;antracitov\u00e1 liatina<\/p>\n<p>Hmotnos\u0165:<span class=\"Apple-tab-span\" style=\"white-space:pre\">\t<\/span>192 kg<\/p>\n<p>\u0160\u00edrka:<span class=\"Apple-tab-span\" style=\"white-space:pre\">\t<\/span>&nbsp;710 mm<\/p>\n<p>V\u00fd\u0161ka:<span class=\"Apple-tab-span\" style=\"white-space:pre\">\t<\/span>&nbsp;800 mm<\/p>\n<p>H\u013abka:<span class=\"Apple-tab-span\" style=\"white-space:pre\">\t<\/span>&nbsp;580 mm<\/p>\n<p><\/p>\n<p>Celoliatinov\u00e9 kachle, ktor\u00e9 s\u00fa vyroben\u00e9 z ve\u013emi kvalitnej liatiny. Kachle maj\u00fa \u00fa\u010dinnos\u0165ou nad 70%. V\u0161etky kachle na drevo aj uhlie maj\u00fa dvojit\u00e9 spa\u013eovanie a syst\u00e9m \u010dist\u00e9ho skla. Vyberate\u013en\u00fd ro\u0161t a popoln\u00edk,nakladanie paliva je mo\u017en\u00e9 aj z boku. Mo\u017enos\u0165 napojenia zozadu.<\/p>\n","protected":false},"excerpt":{"rendered":"<p>Krbov\u00e9 kachle SAEY 92 cucina, antracitov\u00e1 liatina, rovn\u00e9 presklenie,varn\u00e1 doska, palivo drevo Nomin\u00e1lny v\u00fdkon: 10 kW Regula\u010dn\u00fd rozsah : 5-14 kW \u00da\u010dinnos\u0165: 77% V\u00fdvod dymovodu: horn\u00fd-zadn\u00fd Priemer dymovodu: 150 mm Palivo: drevo, dreven\u00e9 brikety Farebn\u00e9 vyhotovenie: &nbsp;antracitov\u00e1 liatina Hmotnos\u0165: 192 kg \u0160\u00edrka: &nbsp;710 mm V\u00fd\u0161ka: &nbsp;800 mm H\u013abka: &nbsp;580 mm Celoliatinov\u00e9 kachle, ktor\u00e9 s\u00fa vyroben\u00e9 [&hellip;]<\/p>\n","protected":false},"featured_media":3406,"comment_status":"open","ping_status":"closed","template":"","meta":[],"product_brand":[],"product_cat":[196,199],"product_tag":[],"class_list":{"0":"post-3414","1":"product","2":"type-product","3":"status-publish","4":"has-post-thumbnail","6":"product_cat-liatinove-kachle","7":"product_cat-saey","9":"first","10":"onbackorder","11":"taxable","12":"shipping-taxable","13":"purchasable","14":"product-type-simple"},"_links":{"self":[{"href":"https:\/\/flamaecol.sk\/en\/wp-json\/wp\/v2\/product\/3414","targetHints":{"allow":["GET"]}}],"collection":[{"href":"https:\/\/flamaecol.sk\/en\/wp-json\/wp\/v2\/product"}],"about":[{"href":"https:\/\/flamaecol.sk\/en\/wp-json\/wp\/v2\/types\/product"}],"replies":[{"embeddable":true,"href":"https:\/\/flamaecol.sk\/en\/wp-json\/wp\/v2\/comments?post=3414"}],"wp:featuredmedia":[{"embeddable":true,"href":"https:\/\/flamaecol.sk\/en\/wp-json\/wp\/v2\/media\/3406"}],"wp:attachment":[{"href":"https:\/\/flamaecol.sk\/en\/wp-json\/wp\/v2\/media?parent=3414"}],"wp:term":[{"taxonomy":"product_brand","embeddable":true,"href":"https:\/\/flamaecol.sk\/en\/wp-json\/wp\/v2\/product_brand?post=3414"},{"taxonomy":"product_cat","embeddable":true,"href":"https:\/\/flamaecol.sk\/en\/wp-json\/wp\/v2\/product_cat?post=3414"},{"taxonomy":"product_tag","embeddable":true,"href":"https:\/\/flamaecol.sk\/en\/wp-json\/wp\/v2\/product_tag?post=3414"}],"curies":[{"name":"wp","href":"https:\/\/api.w.org\/{rel}","templated":true}]}}