{"id":3369,"date":"2015-08-23T14:43:21","date_gmt":"2015-08-23T12:43:21","guid":{"rendered":"https:\/\/flamaecol.sk\/produkt\/krbove-kachle-edilkamin-roller-2\/"},"modified":"2025-01-12T14:32:38","modified_gmt":"2025-01-12T12:32:38","slug":"krbove-kachle-edilkamin-roller-2","status":"publish","type":"product","link":"https:\/\/flamaecol.sk\/en\/produkt\/krbove-kachle-edilkamin-roller-2\/","title":{"rendered":"Edilkamin Roller"},"content":{"rendered":"<h4>Kachle na drevo Edilkamin Roller<\/h4>\n<p>&nbsp;<\/p>\n<p>Edilkamin ROLLER &#8211; modern\u00e9 teplovzdu\u0161n\u00e9 krbov\u00e9 kachle oto\u010dn\u00e9 o 360\u00b0 s v\u00fdkonom 6 kW vo verzi\u00ed \u010dierna oce\u013e.<\/p>\n<p>Krbov\u00e9 kachle Roller s\u00fa ur\u010den\u00e9 k lok\u00e1lnemu vykurovaniu objektu prostredn\u00edctvom pr\u00fadenia tepl\u00e9ho vzduchu.<\/p>\n<p>V\u00fdkon krbov\u00fdch kachl\u00ed je maxim\u00e1lne 6 kW, odovzdan\u00e9ho do priestoru prostredn\u00edctvom tepeln\u00e9ho pr\u00fadenia vzduchu medzi pl\u00e1\u0161\u0165ami a s\u00e1lan\u00edm cez sklo ohniska.<\/p>\n<p>Krbov\u00e9 kachle\u00a0Roller\u00a0s\u00fa vybaven\u00e9 syst\u00e9mom fire control ,ktor\u00fd automaticky upravuje spa\u013eovanie a t\u00fdm zabra\u0148uje pl\u00fdtvaniu paliva.<\/p>\n<p>Takisto m\u00f4\u017ee by\u0165 prev\u00e1dzkovan\u00e1 pomocou manu\u00e1lneho alebo automatick\u00e9ho chodu.<\/p>\n<p>&nbsp;<\/p>\n<p>Technick\u00e9 \u00fadaje<\/p>\n<p>\u0161\u00edrka \u00a0cm : 51<\/p>\n<p>hlbka\u00a0 cm : 51<\/p>\n<p>v\u00fd\u0161ka\u00a0cm : 125<\/p>\n<p>ohnisko (\u0160 x H x V)cm :\u00d8 30&#215;39<\/p>\n<p>regulovate\u013en\u00fd v\u00fdkon kW :3\/6<\/p>\n<p>\u00facinnos\u0165\u00a0% : 81,95<\/p>\n<p>spotreba dreva kg\/h : 1\/1,8<\/p>\n<p>\u00d8 dymovod cm : 15<\/p>\n<p>v\u00fdvod dymovodu : vrchn\u00fd<\/p>\n<p>\u00d8 pr\u00edvod vzduchucm : 16<\/p>\n<p>celkov\u00e1 hmotnos\u0165\u00a0kg : 177<\/p>\n<p>vykurovan\u00fd priestor m\u00b3 : 155<\/p>\n<p>&nbsp;<\/p>\n<p>Kachle na drevo ohrievaj\u00fa vzduch na vykurovanie miestnosti, kde s\u00fa nain\u0161talovan\u00e9, alebo v pr\u00edpade niektor\u00fdch modelov aj pri\u013eahl\u00e9 miestnosti (pomocou teplovzdu\u0161n\u00fdch rozvodov).<\/p>\n<p>Kachle na drevo Edilkamin s\u00fa vrcholom 50 ro\u010dn\u00fdch sk\u00fasenost\u00ed v tomto odvetv\u00ed; optimalizovan\u00e9 spa\u013eovanie, vysok\u00e1 \u00fa\u010dinnos\u0165 a n\u00edzke emisie umo\u017e\u0148uj\u00fa vykurovanie \u0161etrn\u00e9 k \u017eivotn\u00e9mu prostrediu aj k Va\u0161ej pe\u0148a\u017eenke.<\/p>\n<p>Kachle na drevo Edilkamin sa vyr\u00e1baj\u00fa v \u0161irokej \u0161k\u00e1le modelov s r\u00f4znymi v\u00fdkonmi, rozmermi a dizajnom, aby vyhoveli v\u0161etk\u00fdm po\u017eiadavk\u00e1m u\u017e\u00edvate\u013eov.<\/p>\n","protected":false},"excerpt":{"rendered":"<p>Kachle na drevo Edilkamin Roller &nbsp; Edilkamin ROLLER &#8211; modern\u00e9 teplovzdu\u0161n\u00e9 krbov\u00e9 kachle oto\u010dn\u00e9 o 360\u00b0 s v\u00fdkonom 6 kW vo verzi\u00ed \u010dierna oce\u013e. Krbov\u00e9 kachle Roller s\u00fa ur\u010den\u00e9 k lok\u00e1lnemu vykurovaniu objektu prostredn\u00edctvom pr\u00fadenia tepl\u00e9ho vzduchu. V\u00fdkon krbov\u00fdch kachl\u00ed je maxim\u00e1lne 6 kW, odovzdan\u00e9ho do priestoru prostredn\u00edctvom tepeln\u00e9ho pr\u00fadenia vzduchu medzi pl\u00e1\u0161\u0165ami a s\u00e1lan\u00edm [&hellip;]<\/p>\n","protected":false},"featured_media":3361,"comment_status":"closed","ping_status":"closed","template":"","meta":[],"product_brand":[],"product_cat":[201,202],"product_tag":[],"class_list":{"0":"post-3369","1":"product","2":"type-product","3":"status-publish","4":"has-post-thumbnail","6":"product_cat-krbove-kachle","7":"product_cat-edilkamin","9":"first","10":"instock","11":"taxable","12":"shipping-taxable","13":"purchasable","14":"product-type-simple"},"_links":{"self":[{"href":"https:\/\/flamaecol.sk\/en\/wp-json\/wp\/v2\/product\/3369","targetHints":{"allow":["GET"]}}],"collection":[{"href":"https:\/\/flamaecol.sk\/en\/wp-json\/wp\/v2\/product"}],"about":[{"href":"https:\/\/flamaecol.sk\/en\/wp-json\/wp\/v2\/types\/product"}],"replies":[{"embeddable":true,"href":"https:\/\/flamaecol.sk\/en\/wp-json\/wp\/v2\/comments?post=3369"}],"wp:featuredmedia":[{"embeddable":true,"href":"https:\/\/flamaecol.sk\/en\/wp-json\/wp\/v2\/media\/3361"}],"wp:attachment":[{"href":"https:\/\/flamaecol.sk\/en\/wp-json\/wp\/v2\/media?parent=3369"}],"wp:term":[{"taxonomy":"product_brand","embeddable":true,"href":"https:\/\/flamaecol.sk\/en\/wp-json\/wp\/v2\/product_brand?post=3369"},{"taxonomy":"product_cat","embeddable":true,"href":"https:\/\/flamaecol.sk\/en\/wp-json\/wp\/v2\/product_cat?post=3369"},{"taxonomy":"product_tag","embeddable":true,"href":"https:\/\/flamaecol.sk\/en\/wp-json\/wp\/v2\/product_tag?post=3369"}],"curies":[{"name":"wp","href":"https:\/\/api.w.org\/{rel}","templated":true}]}}