{"id":3325,"date":"2015-08-22T18:21:34","date_gmt":"2015-08-22T16:21:34","guid":{"rendered":"https:\/\/flamaecol.sk\/produkt\/krbova-vlozka-thorma-livorno-2\/"},"modified":"2015-08-22T18:21:34","modified_gmt":"2015-08-22T16:21:34","slug":"krbova-vlozka-thorma-livorno-2","status":"publish","type":"product","link":"https:\/\/flamaecol.sk\/en\/produkt\/krbova-vlozka-thorma-livorno-2\/","title":{"rendered":"Livorno"},"content":{"rendered":"<h3>Krbov\u00e1 vlo\u017eka Thorma Livorno<\/h3>\n<h3><\/h3>\n<p>Menovit\u00fd v\u00fdkon : 11kW<\/p>\n<p>Regula\u010dn\u00fd rozsah tepeln\u00e9ho v\u00fdkonu : 5,5-16,5kW<\/p>\n<p>\u00da\u010dinnos\u0165 : 76%<\/p>\n<p>V\u00fdhrevnos\u0165 :120-220m3<\/p>\n<p>Palivo :drevo<span class=\"Apple-tab-span\" style=\"white-space:pre\">\t<\/span>,hnedouho\u013en\u00e9 brikety<span class=\"Apple-tab-span\" style=\"white-space: pre;\">\t<\/span><\/p>\n<p>Rozmery (v,\u0161,h) :820\u00d7675\u00d7545mm<\/p>\n<p>Extern\u00fd pr\u00edvod vzduchu<span class=\"Apple-tab-span\" style=\"white-space:pre\">\t<\/span>&nbsp;: 100mm<\/p>\n<p>Priemer dymov\u00e9ho hrdla :150mm<\/p>\n<p>Napojenie hrdla horn\u00e9<span class=\"Apple-tab-span\" style=\"white-space:pre\">\t<\/span><\/p>\n<p>Hmotnos\u0165 netto: 105kg<\/p>\n<p>Hmotnostn\u00fd tok spal\u00edn &#8211; drevo : 8g\/s<\/p>\n<p>Hmotnostn\u00fd tok spal\u00edn &#8211; hnedouho\u013en\u00e9 brikety:&nbsp;17,1 g\/s<\/p>\n<p>\u0164ah kom\u00edna :12 Pa<\/p>\n<div>Sp\u013a\u0148a normy : CE<span class=\"Apple-tab-span\" style=\"white-space: pre;\">\t<\/span>,PTC<span class=\"Apple-tab-span\" style=\"white-space: pre;\">\t<\/span><\/div>\n<div>Cena bez r\u00e1mu a napojovacieho dymov\u00e9ho hrdla !<\/div>\n","protected":false},"excerpt":{"rendered":"<p>Krbov\u00e1 vlo\u017eka Thorma Livorno Menovit\u00fd v\u00fdkon : 11kW Regula\u010dn\u00fd rozsah tepeln\u00e9ho v\u00fdkonu : 5,5-16,5kW \u00da\u010dinnos\u0165 : 76% V\u00fdhrevnos\u0165 :120-220m3 Palivo :drevo ,hnedouho\u013en\u00e9 brikety Rozmery (v,\u0161,h) :820\u00d7675\u00d7545mm Extern\u00fd pr\u00edvod vzduchu &nbsp;: 100mm Priemer dymov\u00e9ho hrdla :150mm Napojenie hrdla horn\u00e9 Hmotnos\u0165 netto: 105kg Hmotnostn\u00fd tok spal\u00edn &#8211; drevo : 8g\/s Hmotnostn\u00fd tok spal\u00edn &#8211; hnedouho\u013en\u00e9 brikety:&nbsp;17,1 g\/s [&hellip;]<\/p>\n","protected":false},"featured_media":3317,"comment_status":"open","ping_status":"closed","template":"","meta":[],"product_brand":[],"product_cat":[222,229],"product_tag":[],"class_list":{"0":"post-3325","1":"product","2":"type-product","3":"status-publish","4":"has-post-thumbnail","6":"product_cat-krbove-vlozky","7":"product_cat-thorma-krbove-vlozky","9":"first","10":"onbackorder","11":"taxable","12":"shipping-taxable","13":"purchasable","14":"product-type-simple"},"_links":{"self":[{"href":"https:\/\/flamaecol.sk\/en\/wp-json\/wp\/v2\/product\/3325","targetHints":{"allow":["GET"]}}],"collection":[{"href":"https:\/\/flamaecol.sk\/en\/wp-json\/wp\/v2\/product"}],"about":[{"href":"https:\/\/flamaecol.sk\/en\/wp-json\/wp\/v2\/types\/product"}],"replies":[{"embeddable":true,"href":"https:\/\/flamaecol.sk\/en\/wp-json\/wp\/v2\/comments?post=3325"}],"wp:featuredmedia":[{"embeddable":true,"href":"https:\/\/flamaecol.sk\/en\/wp-json\/wp\/v2\/media\/3317"}],"wp:attachment":[{"href":"https:\/\/flamaecol.sk\/en\/wp-json\/wp\/v2\/media?parent=3325"}],"wp:term":[{"taxonomy":"product_brand","embeddable":true,"href":"https:\/\/flamaecol.sk\/en\/wp-json\/wp\/v2\/product_brand?post=3325"},{"taxonomy":"product_cat","embeddable":true,"href":"https:\/\/flamaecol.sk\/en\/wp-json\/wp\/v2\/product_cat?post=3325"},{"taxonomy":"product_tag","embeddable":true,"href":"https:\/\/flamaecol.sk\/en\/wp-json\/wp\/v2\/product_tag?post=3325"}],"curies":[{"name":"wp","href":"https:\/\/api.w.org\/{rel}","templated":true}]}}