{"id":3313,"date":"2015-08-21T14:58:37","date_gmt":"2015-08-21T12:58:37","guid":{"rendered":"https:\/\/flamaecol.sk\/produkt\/krbova-vlozka-kratki-franek-12-2\/"},"modified":"2025-02-27T14:11:06","modified_gmt":"2025-02-27T12:11:06","slug":"krbova-vlozka-kratki-franek-12-2","status":"publish","type":"product","link":"https:\/\/flamaecol.sk\/en\/produkt\/krbova-vlozka-kratki-franek-12-2\/","title":{"rendered":"Kratki Franek 12"},"content":{"rendered":"<h2>Kratki Franek 12 <br class=\"avia-permanent-lb\" \/><br class=\"avia-permanent-lb\" \/><br class=\"avia-permanent-lb\" \/><\/h2>\n<div>\n<p><strong>Popis:<\/strong><\/p>\n<ul>\n<li>vyroben\u00e1 zo \u0161edej liatiny trieda 200, hr\u00fabka steny minim\u00e1lne 8 mm,<\/li>\n<li>husto rebrovan\u00fd radi\u00e1tor zv\u00e4\u010d\u0161uje povrch vlo\u017eky &#8211; miesta, kde je teplo odovzd\u00e1van\u00e9 do \u017eivotn\u00e9ho prostredia,<\/li>\n<li>\u0161tandardnou v\u00fdbavou s\u00fa \u017eiaruvzdorn\u00e9 dvierka typu glass odoln\u00e9 proti teplot\u00e1m a\u017e 800\u00b0, \u010dierny okraj dvierok dod\u00e1va krbovej vlo\u017eke modern\u00fd a elegantn\u00fd vzh\u013ead a opticky zv\u00e4\u010d\u0161uje predn\u00fa \u010das\u0165 krbu,<\/li>\n<li>dvojdielny, nastavite\u013en\u00fd v\u00fdvod spal\u00edn o 360\u00b0, mo\u017enos\u0165 nasmerova\u0165 do str\u00e1n alebo nahor,<\/li>\n<li>deflektor &#8211; predl\u017euje dr\u00e1hu spal\u00edn, spa\u013eovanie je tak ekologickej\u0161ie,<\/li>\n<li>dvojdielny liatinov\u00fd ro\u0161t,<\/li>\n<li>zabudovan\u00fd extern\u00fd pr\u00edvod vzduchu, priemer 125 mm &#8211; vzduch potrebn\u00fd na spa\u013eovanie je dod\u00e1van\u00fd zvonku,<\/li>\n<li>trojit\u00fd pr\u00edvod vzduchu do spa\u013eovacej komory :<\/li>\n<li>1. prvotn\u00fd vzduch je priv\u00e1dzan\u00fd spod ro\u0161tu z troch str\u00e1n, zlep\u0161uje spa\u013eovanie, ktor\u00e9 prebieha po celej \u0161\u00edrke ohniska, regul\u00e1cia spodn\u00fdm \u013eav\u00fdm tiahlom (regul\u00e1tor 1),<\/li>\n<li>2. sekund\u00e1rny, u\u017e ohriaty vzduch putuje do ohniska zo zadnej steny ohniska &#8211; syst\u00e9m dopa\u013eovania spal\u00edn a zn\u00ed\u017eenie emisi\u00ed, horenie je tak \u00fa\u010dinnej\u0161ie a hodnota CO n\u00edzka, regul\u00e1cia spodn\u00fdm prav\u00fdm tiahlom (regul\u00e1tor 2),<\/li>\n<li>3. syst\u00e9m \u010dist\u00e9ho skla zabezpe\u010duje tret\u00ed pr\u00edvod vzduchu, ktor\u00fd je rozmiestnen\u00fd po celej \u0161\u00edrke skla, vzduch je priv\u00e1dzan\u00fd \u0161peci\u00e1lnymi kan\u00e1likmi na stran\u00e1ch krbovej vlo\u017eky, kde je predhrievan\u00fd a n\u00e1sledne oplachuje sklo &#8211; zabra\u0148uje usadeniu ne\u010dist\u00f4t na sklo, regul\u00e1cia horn\u00fdm tiahlom vidite\u013en\u00fdm pri otvoren\u00fdch dvierkach (regul\u00e1tor 3).<\/li>\n<li>Regul\u00e1cia v\u0161etk\u00fdch pr\u00edvodov je nez\u00e1visl\u00e1, tak\u017ee m\u00e1 u\u017e\u00edvate\u013e pln\u00fa kontrolu nad spa\u013eovac\u00edm procesom.<\/li>\n<li>krbov\u00e1 vlo\u017eka je vzduchotesn\u00e1 &#8211; vhodn\u00e1 do domu s rekuper\u00e1ciou,<\/li>\n<li>z\u00e1ruka 5 rokov <br class=\"avia-permanent-lb\" \/><br class=\"avia-permanent-lb\" \/><\/li>\n<\/ul>\n<\/div>\n<div><strong>TECHNICK\u00c9 PARAMETRE:<\/strong><\/div>\n<div>Nomin\u00e1lny tepeln\u00fd v\u00fdkon: 12 kW<\/div>\n<div>Regula\u010dn\u00fd tepeln\u00fd v\u00fdkon : 7-16 kW<\/div>\n<div>\u00da\u010dinnos\u0165: 80%<\/div>\n<div>Priemer dymovodu: 200 mm<\/div>\n<div>Hmotnos\u0165 : 237 kg<\/div>\n<div>Teplota spal\u00edn : 215 oC<\/div>\n<div>Palivo: drevo, dreven\u00e9 brikety<\/div>\n<div>Minim\u00e1lny prierez vstupn\u00e9ho vzduchu pre konvekciu : 700 cm2<\/div>\n<div>Minim\u00e1lny prierez v\u00fdstupn\u00e9ho vzduchu pre konvekciu : 900 cm2<\/div>\n","protected":false},"excerpt":{"rendered":"<p>Liatinov\u00e1 krbov\u00e1 vlo\u017eka.<\/p>\n","protected":false},"featured_media":1197,"comment_status":"open","ping_status":"closed","template":"","meta":[],"product_brand":[],"product_cat":[222,225,261,257],"product_tag":[],"class_list":{"0":"post-3313","1":"product","2":"type-product","3":"status-publish","4":"has-post-thumbnail","6":"product_cat-krbove-vlozky","7":"product_cat-kratki","8":"product_cat-teplovzdusne-krbove-vlozky-kratki","9":"product_cat-rovne-presklenie-kratki","11":"first","12":"instock","13":"sale","14":"taxable","15":"shipping-taxable","16":"purchasable","17":"product-type-simple"},"_links":{"self":[{"href":"https:\/\/flamaecol.sk\/en\/wp-json\/wp\/v2\/product\/3313","targetHints":{"allow":["GET"]}}],"collection":[{"href":"https:\/\/flamaecol.sk\/en\/wp-json\/wp\/v2\/product"}],"about":[{"href":"https:\/\/flamaecol.sk\/en\/wp-json\/wp\/v2\/types\/product"}],"replies":[{"embeddable":true,"href":"https:\/\/flamaecol.sk\/en\/wp-json\/wp\/v2\/comments?post=3313"}],"wp:featuredmedia":[{"embeddable":true,"href":"https:\/\/flamaecol.sk\/en\/wp-json\/wp\/v2\/media\/1197"}],"wp:attachment":[{"href":"https:\/\/flamaecol.sk\/en\/wp-json\/wp\/v2\/media?parent=3313"}],"wp:term":[{"taxonomy":"product_brand","embeddable":true,"href":"https:\/\/flamaecol.sk\/en\/wp-json\/wp\/v2\/product_brand?post=3313"},{"taxonomy":"product_cat","embeddable":true,"href":"https:\/\/flamaecol.sk\/en\/wp-json\/wp\/v2\/product_cat?post=3313"},{"taxonomy":"product_tag","embeddable":true,"href":"https:\/\/flamaecol.sk\/en\/wp-json\/wp\/v2\/product_tag?post=3313"}],"curies":[{"name":"wp","href":"https:\/\/api.w.org\/{rel}","templated":true}]}}