{"id":3303,"date":"2015-08-21T14:32:40","date_gmt":"2015-08-21T12:32:40","guid":{"rendered":"https:\/\/flamaecol.sk\/produkt\/teplovodne-krbove-vlozky-kratki-nadia-10-2\/"},"modified":"2015-08-21T14:32:40","modified_gmt":"2015-08-21T12:32:40","slug":"teplovodne-krbove-vlozky-kratki-nadia-10-2","status":"publish","type":"product","link":"https:\/\/flamaecol.sk\/en\/produkt\/teplovodne-krbove-vlozky-kratki-nadia-10-2\/","title":{"rendered":"Nadia PW 10"},"content":{"rendered":"<h4>Teplovodn\u00e1 krbov\u00e1 vlo\u017eka Nadia PW 10<\/h4>\n<p><\/p>\n<p>Popis :<\/p>\n<\/p>\n<ul>\n<li>krbov\u00e1 vlo\u017eka m\u00e1 bezro\u0161tov\u00e9 spa\u013eovanie<\/li>\n<li>&nbsp;korpus krbovej vlo\u017eky vyroben\u00fd zo \u017eiaruvzdornej ocele o hr\u00fabke &nbsp;4 mm,<\/li>\n<li>&nbsp;oce\u013eov\u00e9 \u010dasti rezan\u00e9 laserovo, n\u00e1sledne oh\u00fdban\u00e9 oh\u00fdba\u010dkami CNC,<\/li>\n<li>&nbsp;telo zv\u00e1ran\u00e9 vz\u00e1cnym plynom, \u010do poskytuje kvalitn\u00e9 zvary,<\/li>\n<li>&nbsp;\u017eiaruvzdorn\u00e9 dvierka odoln\u00e9 proti teplot\u00e1m a\u017e 800\u00b0,<\/li>\n<li>krbov\u00e9 vlo\u017eky v\u00fdrobnej rady Nadia s\u00fa vhodn\u00e9 do domu s rekuper\u00e1ciou<\/li>\n<li>extern\u00fd pr\u00edvod vzduchu je s\u00fa\u010das\u0165ou krbovej vlo\u017eky<\/li>\n<li>\u0161es\u0165hrann\u00e1 komora pece ovplyv\u0148uje \u010distotu spa\u013eovania<\/li>\n<li>otv\u00e1ranie vr\u00e1tok je jednoducho prestavite\u013en\u00e9 z pravostrann\u00e9ho na \u013eavostrann\u00e9 otv\u00e1ranie<\/li>\n<li>&nbsp;\u0161peci\u00e1lne spracovanie vodn\u00e9ho pl\u00e1\u0161\u0165a umo\u017e\u0148uje prenos viac tepla do syst\u00e9mu v\u010faka \u010domu sa zvy\u0161uje \u00fa\u010dinnos\u0165,<\/li>\n<li>deflektor predl\u017euje dr\u00e1hu spal\u00edn&nbsp;<\/li>\n<li>&nbsp;spa\u013eovacia komora vylo\u017een\u00e1 materi\u00e1lom Acumotte &#8211; materi\u00e1l akumuluje teplo, zvy\u0161uje teplotu v spa\u013eovacej komore a prispieva k zlep\u0161ovaniu parametrov spa\u013eovania,<\/li>\n<li>&nbsp;krbov\u00e1 vlo\u017eka sp\u013a\u0148a pr\u00edsne nemeck\u00e9 normy (BimSchV 1 a BimSchV 2), ktor\u00e9 patria medzi najpr\u00edsnej\u0161ie v Eur\u00f3pe,<\/li>\n<li>&nbsp;zabudovan\u00e1 bezpe\u010dnostn\u00e1 chladiaca \u0161pir\u00e1la, ktor\u00e1 zabra\u0148uje pr\u00edpadn\u00e9mu prehriatiu syst\u00e9mu<\/li>\n<\/ul>\n<p><\/p>\n<p>Technick\u00e9 parametre :<\/p>\n<p><\/p>\n<p>Nomin\u00e1lny v\u00fdkon: 11 kW<\/p>\n<p>V\u00fdkon do vody: 6 kW<\/p>\n<p>Dymovod: 200 mm<\/p>\n<p>Priemer extern\u00e9ho pr\u00edvodu vzduchu :&nbsp;125mm<\/p>\n<p>\u00da\u010dinnos\u0165: 82%<\/p>\n<p>Emisia CO (pri 13% O2): \u2264 0,1%<\/p>\n<p>Teplota spal\u00edn: 225\u00b0C<\/p>\n<p>V\u00e1ha: 192 kg<\/p>\n<p>Objem vody: 32 litrov<\/p>\n<p>Prev\u00e1dzkov\u00fd tlak: 2 bar<\/p>\n<p>D\u013a\u017eka polien: 35 cm<\/p>\n<p>Materi\u00e1l : \u0161peci\u00e1lna \u017eiaruvzdorn\u00e1 oce\u013e hr\u00fabky 4mm<\/p>\n","protected":false},"excerpt":{"rendered":"<p>Teplovodn\u00e1 krbov\u00e1 vlo\u017eka Nadia PW 10 Popis : krbov\u00e1 vlo\u017eka m\u00e1 bezro\u0161tov\u00e9 spa\u013eovanie &nbsp;korpus krbovej vlo\u017eky vyroben\u00fd zo \u017eiaruvzdornej ocele o hr\u00fabke &nbsp;4 mm, &nbsp;oce\u013eov\u00e9 \u010dasti rezan\u00e9 laserovo, n\u00e1sledne oh\u00fdban\u00e9 oh\u00fdba\u010dkami CNC, &nbsp;telo zv\u00e1ran\u00e9 vz\u00e1cnym plynom, \u010do poskytuje kvalitn\u00e9 zvary, &nbsp;\u017eiaruvzdorn\u00e9 dvierka odoln\u00e9 proti teplot\u00e1m a\u017e 800\u00b0, krbov\u00e9 vlo\u017eky v\u00fdrobnej rady Nadia s\u00fa vhodn\u00e9 do [&hellip;]<\/p>\n","protected":false},"featured_media":3126,"comment_status":"open","ping_status":"closed","template":"","meta":[],"product_brand":[],"product_cat":[222,225,260],"product_tag":[],"class_list":{"0":"post-3303","1":"product","2":"type-product","3":"status-publish","4":"has-post-thumbnail","6":"product_cat-krbove-vlozky","7":"product_cat-kratki","8":"product_cat-teplovodne-krbove-vlozky-kratki","10":"first","11":"onbackorder","12":"taxable","13":"shipping-taxable","14":"purchasable","15":"product-type-simple"},"_links":{"self":[{"href":"https:\/\/flamaecol.sk\/en\/wp-json\/wp\/v2\/product\/3303","targetHints":{"allow":["GET"]}}],"collection":[{"href":"https:\/\/flamaecol.sk\/en\/wp-json\/wp\/v2\/product"}],"about":[{"href":"https:\/\/flamaecol.sk\/en\/wp-json\/wp\/v2\/types\/product"}],"replies":[{"embeddable":true,"href":"https:\/\/flamaecol.sk\/en\/wp-json\/wp\/v2\/comments?post=3303"}],"wp:featuredmedia":[{"embeddable":true,"href":"https:\/\/flamaecol.sk\/en\/wp-json\/wp\/v2\/media\/3126"}],"wp:attachment":[{"href":"https:\/\/flamaecol.sk\/en\/wp-json\/wp\/v2\/media?parent=3303"}],"wp:term":[{"taxonomy":"product_brand","embeddable":true,"href":"https:\/\/flamaecol.sk\/en\/wp-json\/wp\/v2\/product_brand?post=3303"},{"taxonomy":"product_cat","embeddable":true,"href":"https:\/\/flamaecol.sk\/en\/wp-json\/wp\/v2\/product_cat?post=3303"},{"taxonomy":"product_tag","embeddable":true,"href":"https:\/\/flamaecol.sk\/en\/wp-json\/wp\/v2\/product_tag?post=3303"}],"curies":[{"name":"wp","href":"https:\/\/api.w.org\/{rel}","templated":true}]}}