{"id":3173,"date":"2015-08-19T08:51:26","date_gmt":"2015-08-19T06:51:26","guid":{"rendered":"https:\/\/flamaecol.sk\/produkt\/krbova-vlozka-kratki-mbm10\/"},"modified":"2025-02-27T14:41:45","modified_gmt":"2025-02-27T12:41:45","slug":"krbova-vlozka-kratki-mbm10","status":"publish","type":"product","link":"https:\/\/flamaecol.sk\/en\/produkt\/krbova-vlozka-kratki-mbm10\/","title":{"rendered":"KV MBM 10"},"content":{"rendered":"<h2>Kratki MBM 10 <br class=\"avia-permanent-lb\" \/><br class=\"avia-permanent-lb\" \/><\/h2>\n<ul>\n<li>Kvalitn\u00e1 oce\u013eov\u00e1 teplovzdu\u0161n\u00e1 krbov\u00e1 vlo\u017eka MBM je vybaven\u00e1 bezro\u0161tov\u00fdm spa\u013eovan\u00edm a syst\u00e9mom \u010dist\u00e9ho skla.<\/li>\n<li>Krbov\u00e1 vlo\u017eka m\u00e1 dvojdielny liatinov\u00fd v\u00fdstupn\u00fd otvor(dymovod) s regul\u00e1ciou nastavenia 360 stup\u0148ov .<\/li>\n<li>Korpus krbovej vlo\u017eky je tvoren\u00fd z oce\u013ee ur\u010denej na prev\u00e1dzku vo vysok\u00fdch teplot\u00e1ch.Spa\u013eovacia komora je vylo\u017een\u00e1 keramikou, tzv. Acumottom.<\/li>\n<li>Vzduch pre oplach skla je priv\u00e1dzan\u00fd bo\u010dn\u00fdmi kan\u00e1lmi s dodato\u010dnou mo\u017enos\u0165ou regul\u00e1cie jeho intenzity.<\/li>\n<li>S\u00fa\u010das\u0165ou krbovej vlo\u017eky je zabudovan\u00fd pr\u00edvod extrern\u00e9ho vzduchu o priemere 125 mm a nastavite\u013en\u00e9 no\u017ei\u010dky s regul\u00e1ciou . <br class=\"avia-permanent-lb\" \/><br class=\"avia-permanent-lb\" \/><\/li>\n<\/ul>\n<p><strong>TECHNICK\u00c9 PARAMETRE:<\/strong><\/p>\n<p>Nomin\u00e1lny tepeln\u00fd v\u00fdkon: \u00a010 kW<\/p>\n<p>Regula\u010dn\u00fd tepeln\u00fd v\u00fdkon : 4-13kW<\/p>\n<p>\u00da\u010dinnos\u0165: \u00a081%<\/p>\n<p>V\u00fdvod dymovodu: horn\u00fd<\/p>\n<p>Priemer dymovodu: 200 mm<\/p>\n<p>Hmotnos\u0165 : 156 kg<\/p>\n<p>Teplota spal\u00edn : 235\u00a0<span style=\"vertical-align: super\">o<\/span>C<\/p>\n<p>Palivo: drevo, dreven\u00e9 brikety<\/p>\n<p>Minim\u00e1lny prierez vstupn\u00e9ho vzduchu pre konvekciu : 500 cm2<\/p>\n<p>Minim\u00e1lny prierez v\u00fdstupn\u00e9ho vzduchu pre konvekciu : 700 cm<span style=\"vertical-align: super\">2<\/span><\/p>\n<p><strong>Energetick\u00e1 trieda A<\/strong><\/p>\n","protected":false},"excerpt":{"rendered":"<p>Kratki MBM 10 Kvalitn\u00e1 oce\u013eov\u00e1 teplovzdu\u0161n\u00e1 krbov\u00e1 vlo\u017eka MBM je vybaven\u00e1 bezro\u0161tov\u00fdm spa\u013eovan\u00edm a syst\u00e9mom \u010dist\u00e9ho skla. Krbov\u00e1 vlo\u017eka m\u00e1 dvojdielny liatinov\u00fd v\u00fdstupn\u00fd otvor(dymovod) s regul\u00e1ciou nastavenia 360 stup\u0148ov . Korpus krbovej vlo\u017eky je tvoren\u00fd z oce\u013ee ur\u010denej na prev\u00e1dzku vo vysok\u00fdch teplot\u00e1ch.Spa\u013eovacia komora je vylo\u017een\u00e1 keramikou, tzv. Acumottom. Vzduch pre oplach skla je priv\u00e1dzan\u00fd [&hellip;]<\/p>\n","protected":false},"featured_media":3166,"comment_status":"open","ping_status":"closed","template":"","meta":[],"product_brand":[],"product_cat":[222,225,261,257],"product_tag":[],"class_list":{"0":"post-3173","1":"product","2":"type-product","3":"status-publish","4":"has-post-thumbnail","6":"product_cat-krbove-vlozky","7":"product_cat-kratki","8":"product_cat-teplovzdusne-krbove-vlozky-kratki","9":"product_cat-rovne-presklenie-kratki","11":"first","12":"instock","13":"sale","14":"taxable","15":"shipping-taxable","16":"purchasable","17":"product-type-simple"},"_links":{"self":[{"href":"https:\/\/flamaecol.sk\/en\/wp-json\/wp\/v2\/product\/3173","targetHints":{"allow":["GET"]}}],"collection":[{"href":"https:\/\/flamaecol.sk\/en\/wp-json\/wp\/v2\/product"}],"about":[{"href":"https:\/\/flamaecol.sk\/en\/wp-json\/wp\/v2\/types\/product"}],"replies":[{"embeddable":true,"href":"https:\/\/flamaecol.sk\/en\/wp-json\/wp\/v2\/comments?post=3173"}],"wp:featuredmedia":[{"embeddable":true,"href":"https:\/\/flamaecol.sk\/en\/wp-json\/wp\/v2\/media\/3166"}],"wp:attachment":[{"href":"https:\/\/flamaecol.sk\/en\/wp-json\/wp\/v2\/media?parent=3173"}],"wp:term":[{"taxonomy":"product_brand","embeddable":true,"href":"https:\/\/flamaecol.sk\/en\/wp-json\/wp\/v2\/product_brand?post=3173"},{"taxonomy":"product_cat","embeddable":true,"href":"https:\/\/flamaecol.sk\/en\/wp-json\/wp\/v2\/product_cat?post=3173"},{"taxonomy":"product_tag","embeddable":true,"href":"https:\/\/flamaecol.sk\/en\/wp-json\/wp\/v2\/product_tag?post=3173"}],"curies":[{"name":"wp","href":"https:\/\/api.w.org\/{rel}","templated":true}]}}