{"id":3155,"date":"2015-08-18T14:59:04","date_gmt":"2015-08-18T12:59:04","guid":{"rendered":"https:\/\/flamaecol.sk\/produkt\/nadia-14-2\/"},"modified":"2025-02-27T15:22:25","modified_gmt":"2025-02-27T13:22:25","slug":"nadia-14-2","status":"publish","type":"product","link":"https:\/\/flamaecol.sk\/en\/produkt\/nadia-14-2\/","title":{"rendered":"Nadia 14"},"content":{"rendered":"<h2>Kratki Nadia 14 <br class=\"avia-permanent-lb\" \/><br class=\"avia-permanent-lb\" \/><\/h2>\n<ul>\n<li>Teplovzdu\u0161n\u00e1 krbov\u00e1 vlo\u017eka NADIA je vybaven\u00e1 bezro\u0161tov\u00fdm spa\u013eovan\u00edm a syst\u00e9mom \u010dist\u00e9ho skla.<\/li>\n<li>Otv\u00e1ranie dvierok je variabiln\u00e9 &#8211; daj\u00fa sa jednoducho prein\u0161talova\u0165 z \u013eavostrann\u00e9ho na pravostrann\u00e9 otv\u00e1ranie.<\/li>\n<li>Krbov\u00e1 vlo\u017eka m\u00e1 dvojdielny liatinov\u00fd v\u00fdstupn\u00fd otvor(dymovod) s regul\u00e1ciou nastavenia 360 stup\u0148ov .<\/li>\n<li>Spa\u013eovacia komora je vylo\u017een\u00e1 keramikou, tzv. Termotecom<\/li>\n<li>Vzduch pre oplach skla je priv\u00e1dzan\u00fd bo\u010dn\u00fdmi kan\u00e1lmi s dodato\u010dnou mo\u017enos\u0165ou regul\u00e1cie jeho intenzity.<\/li>\n<li>Zabudovan\u00fd pr\u00edvod extrern\u00e9ho vzduchu o priemere 125 mm a nastavite\u013en\u00e9 no\u017ei\u010dky s regul\u00e1ciou a\u017e 40mm. <br class=\"avia-permanent-lb\" \/><br class=\"avia-permanent-lb\" \/><\/li>\n<\/ul>\n<p><strong>TECHNICK\u00c9 PARAMETRE:<\/strong><\/p>\n<p>Nomin\u00e1lny tepeln\u00fd v\u00fdkon: \u00a014 kW<\/p>\n<p>Regula\u010dn\u00fd tepeln\u00fd v\u00fdkon : 6,5-17kW<\/p>\n<p>\u00da\u010dinnos\u0165: \u00a080%<\/p>\n<p>V\u00fdvod dymovodu: horn\u00fd<\/p>\n<p>Priemer dymovodu: 200 mm<\/p>\n<p>Hmotnos\u0165 : 177 kg<\/p>\n<p>Teplota spal\u00edn : 245\u00a0<span style=\"vertical-align: super\">o<\/span>C<\/p>\n<p>Palivo: drevo, dreven\u00e9 brikety<\/p>\n<p>Minim\u00e1lny prierez vstupn\u00e9ho vzduchu pre konvekciu : 700 cm2<\/p>\n<p>Minim\u00e1lny prierez v\u00fdstupn\u00e9ho vzduchu pre konvekciu : 900 cm<span style=\"vertical-align: super\">2<\/span><\/p>\n<p><strong>Energetick\u00e1 trieda A<\/strong><\/p>\n","protected":false},"excerpt":{"rendered":"<p>Modern\u00e1 krbov\u00e1 vlo\u017eka pre ka\u017ed\u00e9ho, komu z\u00e1le\u017e\u00ed na jednoduchosti pou\u017e\u00edvania krbu.<\/p>\n","protected":false},"featured_media":3150,"comment_status":"open","ping_status":"closed","template":"","meta":[],"product_brand":[],"product_cat":[222,225,261,257],"product_tag":[],"class_list":{"0":"post-3155","1":"product","2":"type-product","3":"status-publish","4":"has-post-thumbnail","6":"product_cat-krbove-vlozky","7":"product_cat-kratki","8":"product_cat-teplovzdusne-krbove-vlozky-kratki","9":"product_cat-rovne-presklenie-kratki","11":"first","12":"instock","13":"sale","14":"taxable","15":"shipping-taxable","16":"purchasable","17":"product-type-simple"},"_links":{"self":[{"href":"https:\/\/flamaecol.sk\/en\/wp-json\/wp\/v2\/product\/3155","targetHints":{"allow":["GET"]}}],"collection":[{"href":"https:\/\/flamaecol.sk\/en\/wp-json\/wp\/v2\/product"}],"about":[{"href":"https:\/\/flamaecol.sk\/en\/wp-json\/wp\/v2\/types\/product"}],"replies":[{"embeddable":true,"href":"https:\/\/flamaecol.sk\/en\/wp-json\/wp\/v2\/comments?post=3155"}],"wp:featuredmedia":[{"embeddable":true,"href":"https:\/\/flamaecol.sk\/en\/wp-json\/wp\/v2\/media\/3150"}],"wp:attachment":[{"href":"https:\/\/flamaecol.sk\/en\/wp-json\/wp\/v2\/media?parent=3155"}],"wp:term":[{"taxonomy":"product_brand","embeddable":true,"href":"https:\/\/flamaecol.sk\/en\/wp-json\/wp\/v2\/product_brand?post=3155"},{"taxonomy":"product_cat","embeddable":true,"href":"https:\/\/flamaecol.sk\/en\/wp-json\/wp\/v2\/product_cat?post=3155"},{"taxonomy":"product_tag","embeddable":true,"href":"https:\/\/flamaecol.sk\/en\/wp-json\/wp\/v2\/product_tag?post=3155"}],"curies":[{"name":"wp","href":"https:\/\/api.w.org\/{rel}","templated":true}]}}