{"id":3113,"date":"2015-08-18T13:05:25","date_gmt":"2015-08-18T11:05:25","guid":{"rendered":"https:\/\/flamaecol.sk\/produkt\/krbova-vlozka-kratki-zibi-2\/"},"modified":"2025-03-03T10:49:45","modified_gmt":"2025-03-03T08:49:45","slug":"krbova-vlozka-kratki-zibi-2","status":"publish","type":"product","link":"https:\/\/flamaecol.sk\/en\/produkt\/krbova-vlozka-kratki-zibi-2\/","title":{"rendered":"ZIBI 11"},"content":{"rendered":"<h2><strong>ZIBI 11<\/strong><br class=\"avia-permanent-lb\" \/><br class=\"avia-permanent-lb\" \/><\/h2>\n<p><strong>TECHNICK\u00c9 PARAMETRE:<\/strong><\/p>\n<p>V\u00fdkon: 11 kW<\/p>\n<p>Priemer dymovodu: 180 mm<\/p>\n<p>Pr\u00edvod extern\u00e9ho vzduchu : 125 mm<\/p>\n<p>\u00da\u010dinnos\u0165: 80 %<\/p>\n<p>Vykurovan\u00e1 plocha: 100-130 m<span style=\"vertical-align: super\">2<\/span><\/p>\n<p>Teplota spal\u00edn: 253 \u00b0 C<\/p>\n<p>Hmotnos\u0165: 150 kg<\/p>\n<p>Palivo: drevo (max. Vlhkos\u0165 20%)<\/p>\n<p>Vstavan\u00fd extern\u00fd pr\u00edvod vzduchu :125 mm<\/p>\n<p>D\u013a\u017eka polien: 40 cm<\/p>\n<p>Minim\u00e1lny prierez vstupn\u00e9ho vzduchu pre konvekciu : 700 cm2<\/p>\n<p>Minim\u00e1lny prierez v\u00fdstupn\u00e9ho vzduchu pre konvekciu : 900 cm<span style=\"vertical-align: super\">2<\/span><\/p>\n<p>Z\u00e1ruka: 5 rokov <br class=\"avia-permanent-lb\" \/><br class=\"avia-permanent-lb\" \/><\/p>\n<ul>\n<li>Krbov\u00e1 vlo\u017eka ZIBI vyroben\u00e1 z ocele hr\u00fabky 4 mm sa rebrovan\u00edm po stran\u00e1ch a na zadnej stene.<\/li>\n<li>Spa\u013eovacia komora je vylo\u017een\u00e1 keramikou, tzv. Termotecom.<\/li>\n<li>Vzduch pre oplach skla je priv\u00e1dzan\u00fd bo\u010dn\u00fdmi kan\u00e1lmi s dodato\u010dnou mo\u017enos\u0165ou regul\u00e1cie jeho intenzity.<\/li>\n<li>Zabudovan\u00fd pr\u00edvod extrern\u00e9ho vzduchu o priemere 125 mm a nastavite\u013en\u00e9 no\u017ei\u010dky s regul\u00e1ciou a\u017e 40mm.<\/li>\n<\/ul>\n","protected":false},"excerpt":{"rendered":"<p>Krbov\u00e1 vlo\u017eka s rovn\u00fdm presklen\u00edm Kratki ZIBI 11.<\/p>\n","protected":false},"featured_media":5058,"comment_status":"closed","ping_status":"closed","template":"","meta":[],"product_brand":[],"product_cat":[222,225,261,257],"product_tag":[],"class_list":{"0":"post-3113","1":"product","2":"type-product","3":"status-publish","4":"has-post-thumbnail","6":"product_cat-krbove-vlozky","7":"product_cat-kratki","8":"product_cat-teplovzdusne-krbove-vlozky-kratki","9":"product_cat-rovne-presklenie-kratki","11":"first","12":"outofstock","13":"taxable","14":"shipping-taxable","15":"purchasable","16":"product-type-simple"},"_links":{"self":[{"href":"https:\/\/flamaecol.sk\/en\/wp-json\/wp\/v2\/product\/3113","targetHints":{"allow":["GET"]}}],"collection":[{"href":"https:\/\/flamaecol.sk\/en\/wp-json\/wp\/v2\/product"}],"about":[{"href":"https:\/\/flamaecol.sk\/en\/wp-json\/wp\/v2\/types\/product"}],"replies":[{"embeddable":true,"href":"https:\/\/flamaecol.sk\/en\/wp-json\/wp\/v2\/comments?post=3113"}],"wp:featuredmedia":[{"embeddable":true,"href":"https:\/\/flamaecol.sk\/en\/wp-json\/wp\/v2\/media\/5058"}],"wp:attachment":[{"href":"https:\/\/flamaecol.sk\/en\/wp-json\/wp\/v2\/media?parent=3113"}],"wp:term":[{"taxonomy":"product_brand","embeddable":true,"href":"https:\/\/flamaecol.sk\/en\/wp-json\/wp\/v2\/product_brand?post=3113"},{"taxonomy":"product_cat","embeddable":true,"href":"https:\/\/flamaecol.sk\/en\/wp-json\/wp\/v2\/product_cat?post=3113"},{"taxonomy":"product_tag","embeddable":true,"href":"https:\/\/flamaecol.sk\/en\/wp-json\/wp\/v2\/product_tag?post=3113"}],"curies":[{"name":"wp","href":"https:\/\/api.w.org\/{rel}","templated":true}]}}