{"id":3079,"date":"2015-08-17T15:00:09","date_gmt":"2015-08-17T13:00:09","guid":{"rendered":"https:\/\/flamaecol.sk\/produkt\/dssmdsm-kpl-2\/"},"modified":"2015-08-17T15:00:09","modified_gmt":"2015-08-17T13:00:09","slug":"dssmdsm-kpl-2","status":"publish","type":"product","link":"https:\/\/flamaecol.sk\/en\/produkt\/dssmdsm-kpl-2\/","title":{"rendered":"DS,SM,DSM KPL"},"content":{"rendered":"<p><span style=\"color: rgb(51, 51, 51); font-family: Geneva, Arial, Helvetica, sans-serif; line-height: normal;\">Druh\u00fa sklo zni\u017euje podiel s\u00e1lav\u00e9ho tepla do priestoru a opticky zv\u00e4\u010d\u0161uje prieh\u013eadnos\u0165 dvierok. Krbov\u00e1 vlo\u017eka dost\u00e1va modern\u00fd v\u00fdraz.<\/span><\/p>\n","protected":false},"excerpt":{"rendered":"<p>Druh\u00fa sklo zni\u017euje podiel s\u00e1lav\u00e9ho tepla do priestoru a opticky zv\u00e4\u010d\u0161uje prieh\u013eadnos\u0165 dvierok. Krbov\u00e1 vlo\u017eka dost\u00e1va modern\u00fd v\u00fdraz.<\/p>\n","protected":false},"featured_media":2137,"comment_status":"open","ping_status":"closed","template":"","meta":[],"product_brand":[],"product_cat":[244,256],"product_tag":[],"class_list":{"0":"post-3079","1":"product","2":"type-product","3":"status-publish","4":"has-post-thumbnail","6":"product_cat-kobok-pecove-vlozky","7":"product_cat-prislusenstvo-pecove-vlozky-kobok","9":"first","10":"instock","11":"taxable","12":"shipping-taxable","13":"purchasable","14":"product-type-simple"},"_links":{"self":[{"href":"https:\/\/flamaecol.sk\/en\/wp-json\/wp\/v2\/product\/3079","targetHints":{"allow":["GET"]}}],"collection":[{"href":"https:\/\/flamaecol.sk\/en\/wp-json\/wp\/v2\/product"}],"about":[{"href":"https:\/\/flamaecol.sk\/en\/wp-json\/wp\/v2\/types\/product"}],"replies":[{"embeddable":true,"href":"https:\/\/flamaecol.sk\/en\/wp-json\/wp\/v2\/comments?post=3079"}],"wp:featuredmedia":[{"embeddable":true,"href":"https:\/\/flamaecol.sk\/en\/wp-json\/wp\/v2\/media\/2137"}],"wp:attachment":[{"href":"https:\/\/flamaecol.sk\/en\/wp-json\/wp\/v2\/media?parent=3079"}],"wp:term":[{"taxonomy":"product_brand","embeddable":true,"href":"https:\/\/flamaecol.sk\/en\/wp-json\/wp\/v2\/product_brand?post=3079"},{"taxonomy":"product_cat","embeddable":true,"href":"https:\/\/flamaecol.sk\/en\/wp-json\/wp\/v2\/product_cat?post=3079"},{"taxonomy":"product_tag","embeddable":true,"href":"https:\/\/flamaecol.sk\/en\/wp-json\/wp\/v2\/product_tag?post=3079"}],"curies":[{"name":"wp","href":"https:\/\/api.w.org\/{rel}","templated":true}]}}