{"id":3077,"date":"2015-08-17T14:56:27","date_gmt":"2015-08-17T12:56:27","guid":{"rendered":"https:\/\/flamaecol.sk\/produkt\/dpsdpso-kpl-2\/"},"modified":"2015-08-17T14:56:27","modified_gmt":"2015-08-17T12:56:27","slug":"dpsdpso-kpl-2","status":"publish","type":"product","link":"https:\/\/flamaecol.sk\/en\/produkt\/dpsdpso-kpl-2\/","title":{"rendered":"DPS,DPSO KPL"},"content":{"rendered":"<p>Vyu\u017e\u00edvaj\u00fa obojstrann\u00e9 prevedenia krbov\u00fdch vlo\u017eiek. Kon\u0161trukcie predstavuj\u00fa pln\u00e9 prevedenie priezoru dvierok (plech\/vermikulit), ktor\u00e9 eliminuje s\u00e1lanie tepla do prikladacieho priestoru.<\/p>\n<p>Prevedenie DPSO je doplnen\u00e9 kontroln\u00fdm otvorom, ktor\u00fd zabezpe\u010duje vizu\u00e1lny kontakt s priebehom horenia.<\/p>\n","protected":false},"excerpt":{"rendered":"<p>Vyu\u017e\u00edvaj\u00fa obojstrann\u00e9 prevedenia krbov\u00fdch vlo\u017eiek. Kon\u0161trukcie predstavuj\u00fa pln\u00e9 prevedenie priezoru dvierok (plech\/vermikulit), ktor\u00e9 eliminuje s\u00e1lanie tepla do prikladacieho priestoru. Prevedenie DPSO je doplnen\u00e9 kontroln\u00fdm otvorom, ktor\u00fd zabezpe\u010duje vizu\u00e1lny kontakt s priebehom horenia.<\/p>\n","protected":false},"featured_media":3071,"comment_status":"open","ping_status":"closed","template":"","meta":[],"product_brand":[],"product_cat":[244,256],"product_tag":[],"class_list":{"0":"post-3077","1":"product","2":"type-product","3":"status-publish","4":"has-post-thumbnail","6":"product_cat-kobok-pecove-vlozky","7":"product_cat-prislusenstvo-pecove-vlozky-kobok","9":"first","10":"instock","11":"taxable","12":"shipping-taxable","13":"purchasable","14":"product-type-simple"},"_links":{"self":[{"href":"https:\/\/flamaecol.sk\/en\/wp-json\/wp\/v2\/product\/3077","targetHints":{"allow":["GET"]}}],"collection":[{"href":"https:\/\/flamaecol.sk\/en\/wp-json\/wp\/v2\/product"}],"about":[{"href":"https:\/\/flamaecol.sk\/en\/wp-json\/wp\/v2\/types\/product"}],"replies":[{"embeddable":true,"href":"https:\/\/flamaecol.sk\/en\/wp-json\/wp\/v2\/comments?post=3077"}],"wp:featuredmedia":[{"embeddable":true,"href":"https:\/\/flamaecol.sk\/en\/wp-json\/wp\/v2\/media\/3071"}],"wp:attachment":[{"href":"https:\/\/flamaecol.sk\/en\/wp-json\/wp\/v2\/media?parent=3077"}],"wp:term":[{"taxonomy":"product_brand","embeddable":true,"href":"https:\/\/flamaecol.sk\/en\/wp-json\/wp\/v2\/product_brand?post=3077"},{"taxonomy":"product_cat","embeddable":true,"href":"https:\/\/flamaecol.sk\/en\/wp-json\/wp\/v2\/product_cat?post=3077"},{"taxonomy":"product_tag","embeddable":true,"href":"https:\/\/flamaecol.sk\/en\/wp-json\/wp\/v2\/product_tag?post=3077"}],"curies":[{"name":"wp","href":"https:\/\/api.w.org\/{rel}","templated":true}]}}