{"id":3070,"date":"2015-08-17T14:52:22","date_gmt":"2015-08-17T12:52:22","guid":{"rendered":"https:\/\/flamaecol.sk\/produkt\/vonkajsi-popolnik-kpl\/"},"modified":"2015-08-17T14:52:22","modified_gmt":"2015-08-17T12:52:22","slug":"vonkajsi-popolnik-kpl","status":"publish","type":"product","link":"https:\/\/flamaecol.sk\/en\/produkt\/vonkajsi-popolnik-kpl\/","title":{"rendered":"Vonkaj\u0161\u00ed popoln\u00edk KPL"},"content":{"rendered":"<p>N\u00e1doba na popol je oddelen\u00e1 od spa\u013eovacej komory. Teleso popoln\u00edka ma nastavite\u013en\u00fa h\u013abku a stavebne sa umiestni v podstave krbu.<\/p>\n","protected":false},"excerpt":{"rendered":"<p>N\u00e1doba na popol je oddelen\u00e1 od spa\u013eovacej komory. Teleso popoln\u00edka ma nastavite\u013en\u00fa h\u013abku a stavebne sa umiestni v podstave krbu.<\/p>\n","protected":false},"featured_media":3063,"comment_status":"open","ping_status":"closed","template":"","meta":[],"product_brand":[],"product_cat":[244,256],"product_tag":[],"class_list":{"0":"post-3070","1":"product","2":"type-product","3":"status-publish","4":"has-post-thumbnail","6":"product_cat-kobok-pecove-vlozky","7":"product_cat-prislusenstvo-pecove-vlozky-kobok","9":"first","10":"instock","11":"taxable","12":"shipping-taxable","13":"purchasable","14":"product-type-simple"},"_links":{"self":[{"href":"https:\/\/flamaecol.sk\/en\/wp-json\/wp\/v2\/product\/3070","targetHints":{"allow":["GET"]}}],"collection":[{"href":"https:\/\/flamaecol.sk\/en\/wp-json\/wp\/v2\/product"}],"about":[{"href":"https:\/\/flamaecol.sk\/en\/wp-json\/wp\/v2\/types\/product"}],"replies":[{"embeddable":true,"href":"https:\/\/flamaecol.sk\/en\/wp-json\/wp\/v2\/comments?post=3070"}],"wp:featuredmedia":[{"embeddable":true,"href":"https:\/\/flamaecol.sk\/en\/wp-json\/wp\/v2\/media\/3063"}],"wp:attachment":[{"href":"https:\/\/flamaecol.sk\/en\/wp-json\/wp\/v2\/media?parent=3070"}],"wp:term":[{"taxonomy":"product_brand","embeddable":true,"href":"https:\/\/flamaecol.sk\/en\/wp-json\/wp\/v2\/product_brand?post=3070"},{"taxonomy":"product_cat","embeddable":true,"href":"https:\/\/flamaecol.sk\/en\/wp-json\/wp\/v2\/product_cat?post=3070"},{"taxonomy":"product_tag","embeddable":true,"href":"https:\/\/flamaecol.sk\/en\/wp-json\/wp\/v2\/product_tag?post=3070"}],"curies":[{"name":"wp","href":"https:\/\/api.w.org\/{rel}","templated":true}]}}