{"id":3067,"date":"2015-08-17T14:29:53","date_gmt":"2015-08-17T12:29:53","guid":{"rendered":"https:\/\/flamaecol.sk\/produkt\/kryci-ramik-4\/"},"modified":"2015-08-17T14:29:53","modified_gmt":"2015-08-17T12:29:53","slug":"kryci-ramik-4","status":"publish","type":"product","link":"https:\/\/flamaecol.sk\/en\/produkt\/kryci-ramik-4\/","title":{"rendered":"Kryc\u00ed r\u00e1mik KPL"},"content":{"rendered":"<p>Kryc\u00ed r\u00e1mik zvy\u0161uje estetick\u00fa \u00farove\u0148 a prekr\u00fdva dilata\u010dn\u00e9 tesnenie okolo krbovej vlo\u017eky.<\/p>\n<p>Vyr\u00e1ba sa v preveden\u00ed oce\u013e\/nerez (br\u00fasen\u00e1).Pre krbov\u00e9 pece KPL a ROTO je dostupn\u00fd v tvarovom preveden\u00ed \u201cA, B, C\u201c a rozmerovom preveden\u00ed 4S.<\/p>\n","protected":false},"excerpt":{"rendered":"<p>Kryc\u00ed r\u00e1mik zvy\u0161uje estetick\u00fa \u00farove\u0148 a prekr\u00fdva dilata\u010dn\u00e9 tesnenie okolo krbovej vlo\u017eky. Vyr\u00e1ba sa v preveden\u00ed oce\u013e\/nerez (br\u00fasen\u00e1).Pre krbov\u00e9 pece KPL a ROTO je dostupn\u00fd v tvarovom preveden\u00ed \u201cA, B, C\u201c a rozmerovom preveden\u00ed 4S.<\/p>\n","protected":false},"featured_media":3051,"comment_status":"open","ping_status":"closed","template":"","meta":[],"product_brand":[],"product_cat":[244,256],"product_tag":[],"class_list":{"0":"post-3067","1":"product","2":"type-product","3":"status-publish","4":"has-post-thumbnail","6":"product_cat-kobok-pecove-vlozky","7":"product_cat-prislusenstvo-pecove-vlozky-kobok","9":"first","10":"onbackorder","11":"taxable","12":"shipping-taxable","13":"purchasable","14":"product-type-simple"},"_links":{"self":[{"href":"https:\/\/flamaecol.sk\/en\/wp-json\/wp\/v2\/product\/3067","targetHints":{"allow":["GET"]}}],"collection":[{"href":"https:\/\/flamaecol.sk\/en\/wp-json\/wp\/v2\/product"}],"about":[{"href":"https:\/\/flamaecol.sk\/en\/wp-json\/wp\/v2\/types\/product"}],"replies":[{"embeddable":true,"href":"https:\/\/flamaecol.sk\/en\/wp-json\/wp\/v2\/comments?post=3067"}],"wp:featuredmedia":[{"embeddable":true,"href":"https:\/\/flamaecol.sk\/en\/wp-json\/wp\/v2\/media\/3051"}],"wp:attachment":[{"href":"https:\/\/flamaecol.sk\/en\/wp-json\/wp\/v2\/media?parent=3067"}],"wp:term":[{"taxonomy":"product_brand","embeddable":true,"href":"https:\/\/flamaecol.sk\/en\/wp-json\/wp\/v2\/product_brand?post=3067"},{"taxonomy":"product_cat","embeddable":true,"href":"https:\/\/flamaecol.sk\/en\/wp-json\/wp\/v2\/product_cat?post=3067"},{"taxonomy":"product_tag","embeddable":true,"href":"https:\/\/flamaecol.sk\/en\/wp-json\/wp\/v2\/product_tag?post=3067"}],"curies":[{"name":"wp","href":"https:\/\/api.w.org\/{rel}","templated":true}]}}