{"id":3042,"date":"2015-08-12T19:31:38","date_gmt":"2015-08-12T17:31:38","guid":{"rendered":"https:\/\/flamaecol.sk\/produkt\/amphora-ready-3\/"},"modified":"2025-01-16T14:02:05","modified_gmt":"2025-01-16T12:02:05","slug":"amphora-ready-3","status":"publish","type":"product","link":"https:\/\/flamaecol.sk\/en\/produkt\/amphora-ready-3\/","title":{"rendered":"Amphora Ready"},"content":{"rendered":"<div>Stavebnica obsahuje:<\/div>\n<div>\n<ul>\n<li>\u010dierne oce\u013eov\u00e9 dvierka s regul\u00e1ciou<\/li>\n<li>11 segmentov \u017eiarobet\u00f3nov\u00fdch tvaroviek<\/li>\n<li>glaz\u00farovan\u00fd korpus (pozost\u00e1va z 4 ks)<\/li>\n<li>keramick\u00e1 izola\u010dn\u00e1 roho\u017e<\/li>\n<li>ALU f\u00f3lia<\/li>\n<li>z\u00e1kladn\u00fd diel na dymovod<\/li>\n<li>tmely<\/li>\n<li>teplomer (do 450 \u00b0C)<\/li>\n<li>robustn\u00fd stojan s kolieskami \/ bez koliesok<\/li>\n<\/ul>\n<\/div>\n<div>V\u00e1ha 360 kg.<\/div>\n<div><\/div>\n<div>Amphora READY<\/div>\n<div>Za\u010dnite piec\u0165 hne\u010f s variantou Ready. Oproti variante Plus obsahuje naviac robustn\u00fd stojan (kom\u00edn je volite\u013en\u00e9 pr\u00edslu\u0161enstvo),<\/div>\n<div>ktor\u00fd pon\u00faka praktick\u00e9 odkladacie plochy pre pr\u00edpravu jedla, umiestnenie pr\u00edslu\u0161enstva alebo z\u00e1sobu dreva.<\/div>\n<div><\/div>\n<div>Pripravte si \u0161\u0165avnat\u00fd steak, prav\u00fa taliansku pizzu, chlieb s chrumkavou k\u00f4rkou, nad\u00fdchan\u00e9 kol\u00e1\u010de a mno\u017estvo \u010fal\u0161\u00edch vynikaj\u00facich a zdrav\u00fdch pokrmov.<\/div>\n<div>Tradi\u010dn\u00e9 pe\u010denie v peci ved\u013ea praskaj\u00faceho oh\u0148a skr\u00fdva autentick\u00fa kr\u00e1su i gastronomick\u00fd z\u00e1\u017eitok.<\/div>\n","protected":false},"excerpt":{"rendered":"<p>Stavebnica obsahuje: \u010dierne oce\u013eov\u00e9 dvierka s regul\u00e1ciou 11 segmentov \u017eiarobet\u00f3nov\u00fdch tvaroviek glaz\u00farovan\u00fd korpus (pozost\u00e1va z 4 ks) keramick\u00e1 izola\u010dn\u00e1 roho\u017e ALU f\u00f3lia z\u00e1kladn\u00fd diel na dymovod tmely teplomer (do 450 \u00b0C) robustn\u00fd stojan s kolieskami \/ bez koliesok V\u00e1ha 360 kg. Amphora READY Za\u010dnite piec\u0165 hne\u010f s variantou Ready. Oproti variante Plus obsahuje naviac robustn\u00fd [&hellip;]<\/p>\n","protected":false},"featured_media":3033,"comment_status":"closed","ping_status":"closed","template":"","meta":[],"product_brand":[],"product_cat":[239,242],"product_tag":[],"class_list":{"0":"post-3042","1":"product","2":"type-product","3":"status-publish","4":"has-post-thumbnail","6":"product_cat-zahradne-krby","7":"product_cat-pizza-pece","9":"first","10":"outofstock","11":"taxable","12":"shipping-taxable","13":"purchasable","14":"product-type-simple"},"_links":{"self":[{"href":"https:\/\/flamaecol.sk\/en\/wp-json\/wp\/v2\/product\/3042","targetHints":{"allow":["GET"]}}],"collection":[{"href":"https:\/\/flamaecol.sk\/en\/wp-json\/wp\/v2\/product"}],"about":[{"href":"https:\/\/flamaecol.sk\/en\/wp-json\/wp\/v2\/types\/product"}],"replies":[{"embeddable":true,"href":"https:\/\/flamaecol.sk\/en\/wp-json\/wp\/v2\/comments?post=3042"}],"wp:featuredmedia":[{"embeddable":true,"href":"https:\/\/flamaecol.sk\/en\/wp-json\/wp\/v2\/media\/3033"}],"wp:attachment":[{"href":"https:\/\/flamaecol.sk\/en\/wp-json\/wp\/v2\/media?parent=3042"}],"wp:term":[{"taxonomy":"product_brand","embeddable":true,"href":"https:\/\/flamaecol.sk\/en\/wp-json\/wp\/v2\/product_brand?post=3042"},{"taxonomy":"product_cat","embeddable":true,"href":"https:\/\/flamaecol.sk\/en\/wp-json\/wp\/v2\/product_cat?post=3042"},{"taxonomy":"product_tag","embeddable":true,"href":"https:\/\/flamaecol.sk\/en\/wp-json\/wp\/v2\/product_tag?post=3042"}],"curies":[{"name":"wp","href":"https:\/\/api.w.org\/{rel}","templated":true}]}}