{"id":3037,"date":"2015-08-12T19:25:34","date_gmt":"2015-08-12T17:25:34","guid":{"rendered":"https:\/\/flamaecol.sk\/produkt\/amphora-plus-3\/"},"modified":"2025-01-16T13:54:26","modified_gmt":"2025-01-16T11:54:26","slug":"amphora-plus-3","status":"publish","type":"product","link":"https:\/\/flamaecol.sk\/en\/produkt\/amphora-plus-3\/","title":{"rendered":"Amphora Plus"},"content":{"rendered":"<p>Pripravte si \u0161\u0165avnat\u00fd steak, prav\u00fa taliansku pizzu, chlieb s chrumkavou k\u00f4rkou, nad\u00fdchan\u00e9 kol\u00e1\u010de a mno\u017estvo \u010fal\u0161\u00edch vynikaj\u00facich a zdrav\u00fdch pokrmov.<\/p>\n<p>Tradi\u010dn\u00e9 pe\u010denie v peci ved\u013ea praskaj\u00faceho oh\u0148a skr\u00fdva autentick\u00fa kr\u00e1su i gastronomick\u00fd z\u00e1\u017eitok.<\/p>\n<p>&nbsp;<\/p>\n<p>Amphora PLUS<\/p>\n<p>Variantu pece s kompletnou izol\u00e1ciou a korpusom si m\u00f4\u017eete postavi\u0165 na ak\u00fdko\u013evek vlastn\u00fd podstavec.<\/p>\n<p>Oproti predch\u00e1dzaj\u00facej variante obsahuje naviac korpus z glaz\u00farovan\u00e9ho kompozitu a \u010fal\u0161ie prvky stavebnice, ktor\u00e9 ur\u00fdchlia v\u00fdstavbu pece.<\/p>\n<p>Na pec odpor\u00fa\u010dame pou\u017e\u00edva\u0165 ochrann\u00fa plachtu .<\/p>\n<p>&nbsp;<\/p>\n<p>Stavebnica obsahuje:<\/p>\n<ul>\n<li>\u010dierne oce\u013eov\u00e9 dvierka s regul\u00e1ciou<\/li>\n<li>11 segmentov \u017eiarobet\u00f3nov\u00fdch<\/li>\n<li>\u00a0tvaroviek<\/li>\n<li>stavebnica obsahuje:<\/li>\n<li>\u010dierne oce\u013eov\u00e9 dvierka s regul\u00e1ciou<\/li>\n<li>11 segmentov \u017eiarobet\u00f3nov\u00fdch tvaroviek<\/li>\n<li>glaz\u00farovan\u00fd korpus (pozost\u00e1va z 4 ks)<\/li>\n<li>keramick\u00e1 izola\u010dn\u00e1 roho\u017e<\/li>\n<li>ALU f\u00f3lia<\/li>\n<li>z\u00e1kladn\u00fd diel na dymovod<\/li>\n<li>tmely<\/li>\n<li>teplomer<\/li>\n<\/ul>\n<p>V\u00e1ha 290 kg<\/p>\n<p>&nbsp;<\/p>\n<p>&nbsp;<\/p>\n","protected":false},"excerpt":{"rendered":"<p>Pripravte si \u0161\u0165avnat\u00fd steak, prav\u00fa taliansku pizzu, chlieb s chrumkavou k\u00f4rkou, nad\u00fdchan\u00e9 kol\u00e1\u010de a mno\u017estvo \u010fal\u0161\u00edch vynikaj\u00facich a zdrav\u00fdch pokrmov. Tradi\u010dn\u00e9 pe\u010denie v peci ved\u013ea praskaj\u00faceho oh\u0148a skr\u00fdva autentick\u00fa kr\u00e1su i gastronomick\u00fd z\u00e1\u017eitok. &nbsp; Amphora PLUS Variantu pece s kompletnou izol\u00e1ciou a korpusom si m\u00f4\u017eete postavi\u0165 na ak\u00fdko\u013evek vlastn\u00fd podstavec. Oproti predch\u00e1dzaj\u00facej variante obsahuje naviac [&hellip;]<\/p>\n","protected":false},"featured_media":3025,"comment_status":"closed","ping_status":"closed","template":"","meta":[],"product_brand":[],"product_cat":[239,242],"product_tag":[],"class_list":{"0":"post-3037","1":"product","2":"type-product","3":"status-publish","4":"has-post-thumbnail","6":"product_cat-zahradne-krby","7":"product_cat-pizza-pece","9":"first","10":"onbackorder","11":"taxable","12":"shipping-taxable","13":"purchasable","14":"product-type-simple"},"_links":{"self":[{"href":"https:\/\/flamaecol.sk\/en\/wp-json\/wp\/v2\/product\/3037","targetHints":{"allow":["GET"]}}],"collection":[{"href":"https:\/\/flamaecol.sk\/en\/wp-json\/wp\/v2\/product"}],"about":[{"href":"https:\/\/flamaecol.sk\/en\/wp-json\/wp\/v2\/types\/product"}],"replies":[{"embeddable":true,"href":"https:\/\/flamaecol.sk\/en\/wp-json\/wp\/v2\/comments?post=3037"}],"wp:featuredmedia":[{"embeddable":true,"href":"https:\/\/flamaecol.sk\/en\/wp-json\/wp\/v2\/media\/3025"}],"wp:attachment":[{"href":"https:\/\/flamaecol.sk\/en\/wp-json\/wp\/v2\/media?parent=3037"}],"wp:term":[{"taxonomy":"product_brand","embeddable":true,"href":"https:\/\/flamaecol.sk\/en\/wp-json\/wp\/v2\/product_brand?post=3037"},{"taxonomy":"product_cat","embeddable":true,"href":"https:\/\/flamaecol.sk\/en\/wp-json\/wp\/v2\/product_cat?post=3037"},{"taxonomy":"product_tag","embeddable":true,"href":"https:\/\/flamaecol.sk\/en\/wp-json\/wp\/v2\/product_tag?post=3037"}],"curies":[{"name":"wp","href":"https:\/\/api.w.org\/{rel}","templated":true}]}}