{"id":3029,"date":"2015-08-12T19:17:34","date_gmt":"2015-08-12T17:17:34","guid":{"rendered":"https:\/\/flamaecol.sk\/produkt\/amphora-basic-3\/"},"modified":"2025-01-16T13:32:48","modified_gmt":"2025-01-16T11:32:48","slug":"amphora-basic-3","status":"publish","type":"product","link":"https:\/\/flamaecol.sk\/en\/produkt\/amphora-basic-3\/","title":{"rendered":"Amphora Basic"},"content":{"rendered":"<p>Amphora BASIC<\/p>\n<p>Z\u00e1kladn\u00fa stavebnicu postav\u00edte za 15 min\u00fat. V\u010faka syst\u00e9mu z\u00e1mkov do seba diely \u017eiarobet\u00f3nu \u013eahko zapadn\u00fa bez nutnosti pou\u017eitia lepidla a spojovac\u00edch materi\u00e1lov.<\/p>\n<p>Pec si m\u00f4\u017eete obostava\u0165 pod\u013ea vlastnej fant\u00e1zie. Obsahuje \u010dierne oce\u013eov\u00e9 dvierka a 10 segmentov \u017eiarobet\u00f3nov\u00fdch tvaroviek.<\/p>\n<p>Mo\u017enos\u0165 dod\u00e1vky s glaz\u00farovan\u00fdm \u010deln\u00fdm port\u00e1lom v hnedej farbe v rovnakej cene.<\/p>\n<p>&nbsp;<\/p>\n<p>Stavebnica obsahuje:<\/p>\n<ul>\n<li>\u010dierne oce\u013eov\u00e9 dvierka s regul\u00e1ciou<\/li>\n<li>11 segmentov \u017eiarobet\u00f3nov\u00fdch tvaroviek<\/li>\n<\/ul>\n<p>&nbsp;<\/p>\n<p>Pripravte si \u0161\u0165avnat\u00fd steak, prav\u00fa taliansku pizzu, chlieb s chrumkavou k\u00f4rkou, nad\u00fdchan\u00e9 kol\u00e1\u010de a mno\u017estvo \u010fal\u0161\u00edch vynikaj\u00facich a zdrav\u00fdch pokrmov.<\/p>\n<p>Tradi\u010dn\u00e9 pe\u010denie v peci ved\u013ea praskaj\u00faceho oh\u0148a skr\u00fdva autentick\u00fa kr\u00e1su i gastronomick\u00fd z\u00e1\u017eitok.<\/p>\n","protected":false},"excerpt":{"rendered":"<p>Amphora BASIC Z\u00e1kladn\u00fa stavebnicu postav\u00edte za 15 min\u00fat. V\u010faka syst\u00e9mu z\u00e1mkov do seba diely \u017eiarobet\u00f3nu \u013eahko zapadn\u00fa bez nutnosti pou\u017eitia lepidla a spojovac\u00edch materi\u00e1lov. Pec si m\u00f4\u017eete obostava\u0165 pod\u013ea vlastnej fant\u00e1zie. Obsahuje \u010dierne oce\u013eov\u00e9 dvierka a 10 segmentov \u017eiarobet\u00f3nov\u00fdch tvaroviek. Mo\u017enos\u0165 dod\u00e1vky s glaz\u00farovan\u00fdm \u010deln\u00fdm port\u00e1lom v hnedej farbe v rovnakej cene. &nbsp; Stavebnica obsahuje: [&hellip;]<\/p>\n","protected":false},"featured_media":3020,"comment_status":"closed","ping_status":"closed","template":"","meta":[],"product_brand":[],"product_cat":[239,242],"product_tag":[316],"class_list":{"0":"post-3029","1":"product","2":"type-product","3":"status-publish","4":"has-post-thumbnail","6":"product_cat-zahradne-krby","7":"product_cat-pizza-pece","8":"product_tag-pizza-pece-lac-amphora","10":"first","11":"instock","12":"taxable","13":"shipping-taxable","14":"purchasable","15":"product-type-simple"},"_links":{"self":[{"href":"https:\/\/flamaecol.sk\/en\/wp-json\/wp\/v2\/product\/3029","targetHints":{"allow":["GET"]}}],"collection":[{"href":"https:\/\/flamaecol.sk\/en\/wp-json\/wp\/v2\/product"}],"about":[{"href":"https:\/\/flamaecol.sk\/en\/wp-json\/wp\/v2\/types\/product"}],"replies":[{"embeddable":true,"href":"https:\/\/flamaecol.sk\/en\/wp-json\/wp\/v2\/comments?post=3029"}],"wp:featuredmedia":[{"embeddable":true,"href":"https:\/\/flamaecol.sk\/en\/wp-json\/wp\/v2\/media\/3020"}],"wp:attachment":[{"href":"https:\/\/flamaecol.sk\/en\/wp-json\/wp\/v2\/media?parent=3029"}],"wp:term":[{"taxonomy":"product_brand","embeddable":true,"href":"https:\/\/flamaecol.sk\/en\/wp-json\/wp\/v2\/product_brand?post=3029"},{"taxonomy":"product_cat","embeddable":true,"href":"https:\/\/flamaecol.sk\/en\/wp-json\/wp\/v2\/product_cat?post=3029"},{"taxonomy":"product_tag","embeddable":true,"href":"https:\/\/flamaecol.sk\/en\/wp-json\/wp\/v2\/product_tag?post=3029"}],"curies":[{"name":"wp","href":"https:\/\/api.w.org\/{rel}","templated":true}]}}