{"id":2935,"date":"2015-08-11T13:44:19","date_gmt":"2015-08-11T11:44:19","guid":{"rendered":"https:\/\/flamaecol.sk\/produkt\/kvs-moravia-ofelia-kuchynsky-sporak-na-drevo-3\/"},"modified":"2025-09-23T19:26:34","modified_gmt":"2025-09-23T17:26:34","slug":"kvs-moravia-ofelia-kuchynsky-sporak-na-drevo-3","status":"publish","type":"product","link":"https:\/\/flamaecol.sk\/en\/produkt\/kvs-moravia-ofelia-kuchynsky-sporak-na-drevo-3\/","title":{"rendered":"OFELIA"},"content":{"rendered":"<h4>KVS TYP 9180 OFELIA<\/h4>\n<div>\n<div><span style=\"font-weight: bold;\"><br \/><\/span><\/div>\n<div>\n<div>Spor\u00e1k na pevn\u00e9 paliv\u00e1 s r\u00farou KVS MORAVIA typ 9180 Of\u00e9lia je ur\u010den\u00fd na vykurovanie, varenie, pe\u010denie a ohrievanie pokrmov. Ohnisko umo\u017e\u0148uje pou\u017eitie dreven\u00fdch polien s d\u013a\u017ekou do 340 mm a priemerom do 160 mm. Spor\u00e1k m\u00e1 u\u017e v \u0161tandardnom vyhotoven\u00ed 2 v\u00fdvody dymov\u00fdch splod\u00edn pre napojenie na kom\u00edn &#8211; zo zadnej steny alebo z platne. V\u00fdvod splod\u00edn je umiestnen\u00fd symetricky v strede spor\u00e1ka, preto nie je potrebn\u00e9 ur\u010di\u0165 \u010di sa jedn\u00e1 o \u013eav\u00fa alebo prav\u00fa variantu jeho prevedenia.<\/div>\n<div>Kon\u0161trukcia tohto typu je \u00faplne odli\u0161n\u00e1 od predch\u00e1dzaj\u00facich v\u00fdrobkov, a vych\u00e1dza z po\u017eiadaviek z\u00e1kazn\u00edkov, ktor\u00ed nemaj\u00fa dostatok miesta pre \u0161ir\u0161ie varianty. Pritom hlavn\u00fdm rozdielom je to, \u017ee spor\u00e1k Of\u00e9lia nem\u00e1 vonkaj\u0161ie farebn\u00e9 smaltovan\u00e9 opl\u00e1\u0161tenie, ale z\u00e1kladn\u00fd skelet je o\u0161etren\u00fd n\u00e1strekom vypa\u013eovacej farby. \u010ealej do\u0161lo k spojeniu r\u00e1mu varnej platne a samotnej platne v jeden celok. Napriek tomu je plat\u0148a \u010dlenit\u00e1 a m\u00e1 dva vyberate\u013en\u00e9 diely, ktor\u00e9 sa daj\u00fa v pr\u00edpade \u010distenia jednoducho s\u0148a\u0165. Tieto \u010dasti platne s\u00fa mal\u00fdch rozmerov a \u013eahk\u00e9, preto je manipul\u00e1cia s nimi ve\u013emi jednoduch\u00e1.<\/div>\n<div><\/div>\n<div>Technick\u00e9 parametre:<\/div>\n<div><\/div>\n<div>Menovit\u00fd tepeln\u00fd v\u00fdkon: 6,5 kW<\/div>\n<div>Regulovate\u013en\u00fd v\u00fdkon: 6 &#8211; 8 kW<\/div>\n<div>Priemer dymov\u00e9ho hrdla: 120 mm<\/div>\n<div>Rozmery&nbsp; (\u0161xvxh): 780 x 850 x 530 mm<\/div>\n<div>Rozmery r\u00fary (\u0161xvxh): 300 x 250 x 420 mm<\/div>\n<div>V\u00fd\u0161ka od\u0165ahov\u00e9ho hrdla: 755 \u00b1 5 mm (stredom od podlahy)<\/div>\n<div>Minim\u00e1lny kom\u00ednov\u00fd \u0165ah: 11 Pa<\/div>\n<div>\u00da\u010dinnos\u0165 : 81,51%<\/div>\n<div>Hmotnos\u0165: 137 kg<\/div>\n<div>Odpor\u00fa\u010dan\u00e9 palivo: drevo a dreven\u00e9 brikety<\/div>\n<div>Varianty prevedenia platne: oce\u013eov\u00e1<\/div>\n<div><\/div>\n<div>Charakteristick\u00e9 vlastnosti<\/div>\n<div>Dizajn v rustik\u00e1lnom \u0161t\u00fdle<\/div>\n<div>K\u00farenisko s pevn\u00fdm ro\u0161tom pre palivov\u00e9 drevo d\u013a\u017eky do 340 mm<\/div>\n<div>Jednoduch\u00e1 regul\u00e1cia toku spal\u00edn a v\u00fdkonu<\/div>\n<div>Presklen\u00e9 dvierka ohniska pre vizu\u00e1lnu kontrolu spotreby paliva<\/div>\n<div>R\u00fara s vynikaj\u00facou pe\u010diacou schopnos\u0165ou<\/div>\n<div>Presklen\u00e9 dvierka r\u00fary vybaven\u00e1 teplomerom<\/div>\n<div>Mo\u017enos\u0165 napojenia na kom\u00edn sa zadnej steny, pr\u00edpadne z platne<\/div>\n<div>Oblo\u017eenie bo\u010dn\u00fdch stien keramikou<\/div>\n<div><\/div>\n<div>Technick\u00fd popis<\/div>\n<div>Spor\u00e1k KVS MORAVIA typ 9180 Of\u00e9lia je ur\u010den\u00fd predov\u0161etk\u00fdm pre pou\u017eitie odpor\u00fa\u010dan\u00e9ho paliv\u00e1 ako s\u00fa drevo a dreven\u00e9 brikety.<\/div>\n<div>Tento typ prep\u00e1ja v\u00fdhody krbov\u00fdch kachl\u00ed a spor\u00e1ka, preto\u017ee okrem varenia, pe\u010denia a vykurovania ok\u00faz\u013euje t\u00fdm, \u017ee je mo\u017en\u00e9 vidie\u0165 aj horiaci ohe\u0148 cez presklen\u00e9 dvierka ohniska. Spor\u00e1k dopl\u0148uje rozmerov\u00fa radu &#8220;dev\u00e4\u0165desiatok&#8221; (typ 9100 a typ 9112) a &#8220;osemdesiatok&#8221; (typ 9103).<\/div>\n<div><\/div>\n<div>Kon\u0161truk\u010dne spor\u00e1k typ 9180 vych\u00e1dza z modelu 9170 a vo v\u00e4\u010d\u0161ine parametrov zodpoved\u00e1 tomuto typu. V \u010dom sa odli\u0161uje, to je predov\u0161etk\u00fdm obklad bo\u010dn\u00fdch stien keramikou a s t\u00fdm spojen\u00e9 zv\u00e4\u010d\u0161enie rozmerov varnej platne, vr\u00e1tane n\u00e1rastu jeho celkovej hmotnosti.<\/div>\n<div><\/div>\n<div>\u010celn\u00e1 strana je osaden\u00e1 liatinov\u00fdmi dvierkami s dreven\u00fdmi madlami, ktor\u00e9 s\u00fa tie\u017e novinkou a je mo\u017en\u00e9 ich pri prev\u00e1dzke uchopi\u0165 rukou bez pou\u017eitia ch\u0148apky. Priestor pod spor\u00e1kom je vo\u013ene otvoren\u00fd a vhodn\u00fd na ulo\u017eenie paliva.<\/div>\n<div><\/div>\n<div>Ohnisko je tvoren\u00e9 ako tradi\u010dne siln\u00fdmi \u0161amotov\u00fdmi tehlami a pevn\u00fdm liatinov\u00fdm ro\u0161tom. Tieto materi\u00e1ly m\u00e1me u\u017e roky overen\u00e9, s\u00fa odoln\u00e9 vysok\u00fdm teplot\u00e1m, vyzna\u010duj\u00fa sa pevnos\u0165ou, st\u00e1los\u0165ou tvaru a schopnos\u0165ou dlh\u0161ie temperova\u0165. Do ohniska je mo\u017en\u00e9 vklada\u0165 polen\u00e1 a\u017e s priemerom 160 mm a d\u013a\u017ekou 340 mm. R\u00fara spor\u00e1ka je smaltovan\u00e1 a vo vn\u00fatri je zabudovan\u00fd dr\u00f4ten\u00fd program, ktor\u00e9ho s\u00fa\u010das\u0165ou je kovov\u00e1 mrie\u017eka a hlbok\u00fd pek\u00e1\u010d. Teplomer na dvierkach r\u00fary sl\u00fa\u017ei na indik\u00e1ciu teploty v r\u00fare. Nad dvierkami r\u00fary je umiestnen\u00e1 p\u00e1ka na ovl\u00e1danie funkcie varenia a pe\u010denia.<\/div>\n<div><\/div>\n<div>K tomuto spor\u00e1ku nie je mo\u017en\u00e9 pou\u017ei\u0165 ochladzovac\u00ed panel typ 9118 pre jeho zabudovanie do kuchynskej linky.<\/div>\n<div><\/div>\n<div>Spor\u00e1k typ 9170\/9180 z\u00edskal certifik\u00e1t, ktor\u00fdm sp\u013a\u0148a po\u017eiadavky na EKODIZAJN lok\u00e1lnych ohrieva\u010dov na tuh\u00e9 paliv\u00e1 (2015\/1185).<\/div>\n<h3><span style=\"color: rgb(148, 189, 123);\">Energetick\u00e1 trieda A+<\/span><\/h3>\n<\/div>\n<\/div>\n<p><iframe loading=\"lazy\" src=\"\/\/www.youtube.com\/embed\/TQGLIPgGOqQ\" width=\"640\" height=\"360\" frameborder=\"0\"><\/iframe><\/p>\n<div>\n<div>\n<div><span style=\"font-weight: 700;\"><br \/><\/span><\/div>\n<\/div>\n<\/div>\n","protected":false},"excerpt":{"rendered":"<p>KVS TYP 9180 OFELIA Spor\u00e1k na pevn\u00e9 paliv\u00e1 s r\u00farou KVS MORAVIA typ 9180 Of\u00e9lia je ur\u010den\u00fd na vykurovanie, varenie, pe\u010denie a ohrievanie pokrmov. Ohnisko umo\u017e\u0148uje pou\u017eitie dreven\u00fdch polien s d\u013a\u017ekou do 340 mm a priemerom do 160 mm. Spor\u00e1k m\u00e1 u\u017e v \u0161tandardnom vyhotoven\u00ed 2 v\u00fdvody dymov\u00fdch splod\u00edn pre napojenie na kom\u00edn &#8211; zo [&hellip;]<\/p>\n","protected":false},"featured_media":2901,"comment_status":"open","ping_status":"closed","template":"","meta":[],"product_brand":[],"product_cat":[216,217,253],"product_tag":[],"class_list":{"0":"post-2935","1":"product","2":"type-product","3":"status-publish","4":"has-post-thumbnail","6":"product_cat-sporaky","7":"product_cat-kvs","8":"product_cat-kuchynske-sporaky-kvs-na-pevne-palivo","10":"first","11":"outofstock","12":"taxable","13":"shipping-taxable","14":"purchasable","15":"product-type-simple"},"_links":{"self":[{"href":"https:\/\/flamaecol.sk\/en\/wp-json\/wp\/v2\/product\/2935","targetHints":{"allow":["GET"]}}],"collection":[{"href":"https:\/\/flamaecol.sk\/en\/wp-json\/wp\/v2\/product"}],"about":[{"href":"https:\/\/flamaecol.sk\/en\/wp-json\/wp\/v2\/types\/product"}],"replies":[{"embeddable":true,"href":"https:\/\/flamaecol.sk\/en\/wp-json\/wp\/v2\/comments?post=2935"}],"wp:featuredmedia":[{"embeddable":true,"href":"https:\/\/flamaecol.sk\/en\/wp-json\/wp\/v2\/media\/2901"}],"wp:attachment":[{"href":"https:\/\/flamaecol.sk\/en\/wp-json\/wp\/v2\/media?parent=2935"}],"wp:term":[{"taxonomy":"product_brand","embeddable":true,"href":"https:\/\/flamaecol.sk\/en\/wp-json\/wp\/v2\/product_brand?post=2935"},{"taxonomy":"product_cat","embeddable":true,"href":"https:\/\/flamaecol.sk\/en\/wp-json\/wp\/v2\/product_cat?post=2935"},{"taxonomy":"product_tag","embeddable":true,"href":"https:\/\/flamaecol.sk\/en\/wp-json\/wp\/v2\/product_tag?post=2935"}],"curies":[{"name":"wp","href":"https:\/\/api.w.org\/{rel}","templated":true}]}}