{"id":2906,"date":"2015-08-11T13:40:20","date_gmt":"2015-08-11T11:40:20","guid":{"rendered":"https:\/\/flamaecol.sk\/produkt\/tp-9100-hnedy-3\/"},"modified":"2025-01-14T13:42:01","modified_gmt":"2025-01-14T11:42:01","slug":"tp-9100-hnedy-3","status":"publish","type":"product","link":"https:\/\/flamaecol.sk\/en\/produkt\/tp-9100-hnedy-3\/","title":{"rendered":"TP 9100 BORD\u00d3"},"content":{"rendered":"<h4>KVS TP 9100 bord\u00f3<\/h4>\n<h4><\/h4>\n<div>\n<div>Technick\u00e9 parametre<\/div>\n<div>Menovit\u00fd min. v\u00fdkon: 6 &#8211; 10 kW<\/div>\n<div>Priemer dymov\u00e9ho hrdla: 120 mm<\/div>\n<div>Rozmery spor\u00e1ka (\u0161xvxh): 924 x 850 x 600 mm<\/div>\n<div>Rozmery r\u00fary (\u0161xvxh): 400 x 294 x 482 mm<\/div>\n<div>V\u00fd\u0161ka od\u0165ahov\u00e9ho hrdla: 735 + &#8211; 5 mm (stredom od podlahy)<\/div>\n<div>Minim\u00e1lny kom\u00ednov\u00fd \u0165ah: 12 Pa<\/div>\n<div>\u00da\u010dinnos\u0165 pri JTV 78,5%<\/div>\n<div>Hmotnos\u0165: 155 kg<\/div>\n<div>Odpor\u00fa\u010dan\u00e9 palivo: drevo a hned\u00e9 uhlie<\/div>\n<div>Varianty prevedenia platne: liatina + oce\u013e, oce\u013eov\u00e1 br\u00fasen\u00e1, alebo sklokeramick\u00e1<\/div>\n<div><\/div>\n<div>\n<div>Charakteristick\u00e9 vlastnosti<\/div>\n<div>\n<ul>\n<li>Ve\u013ek\u00fd v\u00fdkon<\/li>\n<li>Rozmern\u00e9 ohnisko, \u013eahko prestavite\u013en\u00e9 na letn\u00fa a zimn\u00fa prev\u00e1dzku<\/li>\n<li>Ve\u013ek\u00e1 r\u00fara s vynikaj\u00facou pe\u010diacou schopnos\u0165ou<\/li>\n<li>Presklen\u00e9 dvierka r\u00fary vybaven\u00e9 teplomerom<\/li>\n<li>Mo\u017enos\u0165 napojenia na kom\u00edn zo zadnej alebo bo\u010dnej steny, pr\u00edpadne z platne<\/li>\n<li>Modern\u00fd dizajn, ktor\u00fd umo\u017e\u0148uje umiestnenie spor\u00e1ka napr\u00edklad v kuchynskej linke<\/li>\n<li>Pohodln\u00e1 regul\u00e1cia toku spal\u00edn a v\u00fdkonu<\/li>\n<li>Ve\u013ek\u00e1 z\u00e1suvka na palivo<\/li>\n<li>\u013dav\u00e9 alebo prav\u00e9 prevedenie<\/li>\n<\/ul>\n<\/div>\n<div><\/div>\n<div>Technick\u00fd popis<\/div>\n<div>Spor\u00e1k KVS MORAVIA typ 9100 je ur\u010den\u00fd predov\u0161etk\u00fdm pre pou\u017eitie odpor\u00fa\u010dan\u00e9ho paliva ako s\u00fa drevo a hned\u00e9 uhlie, pritom u tohto spotrebi\u010da mo\u017eno pou\u017eit\u00fd taky dreven\u00e9 a hnedouho\u013en\u00e9 brikety.<\/div>\n<div>Tento spor\u00e1k je dobre vyu\u017eite\u013en\u00fd na varenie, pe\u010denie a vykurovanie miestnosti, v ktorej je umiestnen\u00fd.<\/div>\n<div>Je nato\u013eko v\u00fdkonn\u00fd, \u017ee m\u00f4\u017ee vyhria\u0165 aj \u010fal\u0161ie pri\u013eahl\u00e9 priestory.Toto je dan\u00e9 vlastnos\u0165ami pou\u017eit\u00fdch materi\u00e1lov a robustnou kon\u0161trukciou, o \u010dom sved\u010d\u00ed aj celkov\u00e1 v\u00e1ha 155 kg.<\/div>\n<div>Materi\u00e1ly pou\u017eit\u00e9 pri v\u00fdrobe tohto typu s\u00fa podobn\u00e9 v porovnan\u00ed s ostatn\u00fdmi typmi spotrebi\u010dov KVS MORAVIA.<\/div>\n<div>R\u00fara spor\u00e1ka je v\u00e4\u010d\u0161\u00edch rozmerov a v jej v\u00fdbave nech\u00fdba mrie\u017eka a plech na pe\u010denie.M\u00e1 vynikaj\u00face pe\u010diace schopnosti, \u010do je dan\u00e9 samotnou kon\u0161trukciou spor\u00e1ka, preto\u017ee plame\u0148 obtek\u00e1 okolo cel\u00e9ho obvodu r\u00fary .Z tohto poh\u013eadu bude tento typ vhodnej\u0161ie, ak preferujete pe\u010denie a varenie pred vykurovan\u00edm.<\/div>\n<div>Ohnisko spor\u00e1ka sa v tejto kateg\u00f3rii pr\u00edstrojov rad\u00ed medzi najv\u00e4\u010d\u0161ie, je tvoren\u00e9 tradi\u010dne \u0161amotov\u00fdmi tehlami a je rozdelen\u00e9 na dve \u010dasti pomocou liatinov\u00fdch ro\u0161tov.&nbsp;<\/div>\n<div>Toto usporiadanie pon\u00faka dve mo\u017enosti prev\u00e1dzky:<\/div>\n<div>\n<ul>\n<li>&nbsp;letn\u00e1 prev\u00e1dzka &#8211; k\u00farenie na hornom ro\u0161te (vhodn\u00e9 pre varenie a pe\u010denie).<\/li>\n<li>&nbsp;zimn\u00e1 prev\u00e1dzka &#8211; k\u00farenie na spodnom oto\u010dnom ro\u0161te (vhodn\u00e9 pre vykurovanie, varenie a pe\u010denie).<\/li>\n<\/ul>\n<\/div>\n<div>Pre zabudovanie spor\u00e1ka do kuchynskej linky je mo\u017en\u00e9 pou\u017ei\u0165 ochladzovacie panely. Ak s\u00fa s\u00fa\u010das\u0165ou linky i horn\u00e9 skrinky nad spor\u00e1kom, je nutn\u00e9 ich izolova\u0165 od tepla a pary, napr.&nbsp;<\/div>\n<div>Ods\u00e1va\u010dom p\u00e1r alebo in\u00fdm sp\u00f4sobom. Inak by mohlo d\u00f4js\u0165 k po\u0161kodeniu linky.<\/div>\n<div><span style=\"font-weight: bold;\">Cena je za verziu s chr\u00f3movan\u00fdmi doplnkami a oce\u013eovou +liatinovou striekanou plat\u0148ou .<\/span><span style=\"font-weight: bold;\">Cena s plastov\u00fdmi doplnkami je 825 eur.&nbsp;<\/span><\/div>\n<div>\n<h4 style=\"font-family: &quot;Open Sans&quot;, sans-serif; color: rgb(102, 102, 102);\"><span style=\"font-weight: bold; color: rgb(148, 189, 123);\">Energetick\u00e1 trieda&nbsp;A+<\/span><\/h4>\n<\/div>\n<div><span style=\"font-weight: bold;\"><br \/><\/span><\/div>\n<\/div>\n<\/div>\n<p><iframe loading=\"lazy\" src=\"\/\/www.youtube.com\/embed\/TQGLIPgGOqQ\" width=\"640\" height=\"360\" frameborder=\"0\"><\/iframe><\/p>\n<div>\n<div>\n<div><span style=\"font-weight: bold;\"><br \/><\/span><\/div>\n<\/div>\n<\/div>\n","protected":false},"excerpt":{"rendered":"<p>KVS TP 9100 bord\u00f3 Technick\u00e9 parametre Menovit\u00fd min. v\u00fdkon: 6 &#8211; 10 kW Priemer dymov\u00e9ho hrdla: 120 mm Rozmery spor\u00e1ka (\u0161xvxh): 924 x 850 x 600 mm Rozmery r\u00fary (\u0161xvxh): 400 x 294 x 482 mm V\u00fd\u0161ka od\u0165ahov\u00e9ho hrdla: 735 + &#8211; 5 mm (stredom od podlahy) Minim\u00e1lny kom\u00ednov\u00fd \u0165ah: 12 Pa \u00da\u010dinnos\u0165 pri JTV [&hellip;]<\/p>\n","protected":false},"featured_media":2897,"comment_status":"open","ping_status":"closed","template":"","meta":[],"product_brand":[],"product_cat":[216,217,253],"product_tag":[],"class_list":{"0":"post-2906","1":"product","2":"type-product","3":"status-publish","4":"has-post-thumbnail","6":"product_cat-sporaky","7":"product_cat-kvs","8":"product_cat-kuchynske-sporaky-kvs-na-pevne-palivo","10":"first","11":"instock","12":"taxable","13":"shipping-taxable","14":"purchasable","15":"product-type-simple"},"_links":{"self":[{"href":"https:\/\/flamaecol.sk\/en\/wp-json\/wp\/v2\/product\/2906","targetHints":{"allow":["GET"]}}],"collection":[{"href":"https:\/\/flamaecol.sk\/en\/wp-json\/wp\/v2\/product"}],"about":[{"href":"https:\/\/flamaecol.sk\/en\/wp-json\/wp\/v2\/types\/product"}],"replies":[{"embeddable":true,"href":"https:\/\/flamaecol.sk\/en\/wp-json\/wp\/v2\/comments?post=2906"}],"wp:featuredmedia":[{"embeddable":true,"href":"https:\/\/flamaecol.sk\/en\/wp-json\/wp\/v2\/media\/2897"}],"wp:attachment":[{"href":"https:\/\/flamaecol.sk\/en\/wp-json\/wp\/v2\/media?parent=2906"}],"wp:term":[{"taxonomy":"product_brand","embeddable":true,"href":"https:\/\/flamaecol.sk\/en\/wp-json\/wp\/v2\/product_brand?post=2906"},{"taxonomy":"product_cat","embeddable":true,"href":"https:\/\/flamaecol.sk\/en\/wp-json\/wp\/v2\/product_cat?post=2906"},{"taxonomy":"product_tag","embeddable":true,"href":"https:\/\/flamaecol.sk\/en\/wp-json\/wp\/v2\/product_tag?post=2906"}],"curies":[{"name":"wp","href":"https:\/\/api.w.org\/{rel}","templated":true}]}}