{"id":2883,"date":"2015-08-10T14:28:02","date_gmt":"2015-08-10T12:28:02","guid":{"rendered":"https:\/\/flamaecol.sk\/produkt\/kos-na-drevo-2\/"},"modified":"2015-08-10T14:28:02","modified_gmt":"2015-08-10T12:28:02","slug":"kos-na-drevo-2","status":"publish","type":"product","link":"https:\/\/flamaecol.sk\/en\/produkt\/kos-na-drevo-2\/","title":{"rendered":"Ko\u0161 na drevo"},"content":{"rendered":"<h4>Ko\u0161 na drevo s titanov\u00fdm alebo chr\u00f3movan\u00fdm madlom&nbsp;<br \/>Rozmer: 47 cm x 32 cm x 40 cm<\/h4>\n","protected":false},"excerpt":{"rendered":"<p>Ko\u0161 na drevo s titanov\u00fdm alebo chr\u00f3movan\u00fdm madlom&nbsp;Rozmer: 47 cm x 32 cm x 40 cm<\/p>\n","protected":false},"featured_media":1409,"comment_status":"open","ping_status":"closed","template":"","meta":[],"product_brand":[],"product_cat":[216,217,252],"product_tag":[],"class_list":{"0":"post-2883","1":"product","2":"type-product","3":"status-publish","4":"has-post-thumbnail","6":"product_cat-sporaky","7":"product_cat-kvs","8":"product_cat-prislusenstvo-pre-sporaky-kvs-moravia","10":"first","11":"instock","12":"taxable","13":"shipping-taxable","14":"purchasable","15":"product-type-simple"},"_links":{"self":[{"href":"https:\/\/flamaecol.sk\/en\/wp-json\/wp\/v2\/product\/2883","targetHints":{"allow":["GET"]}}],"collection":[{"href":"https:\/\/flamaecol.sk\/en\/wp-json\/wp\/v2\/product"}],"about":[{"href":"https:\/\/flamaecol.sk\/en\/wp-json\/wp\/v2\/types\/product"}],"replies":[{"embeddable":true,"href":"https:\/\/flamaecol.sk\/en\/wp-json\/wp\/v2\/comments?post=2883"}],"wp:featuredmedia":[{"embeddable":true,"href":"https:\/\/flamaecol.sk\/en\/wp-json\/wp\/v2\/media\/1409"}],"wp:attachment":[{"href":"https:\/\/flamaecol.sk\/en\/wp-json\/wp\/v2\/media?parent=2883"}],"wp:term":[{"taxonomy":"product_brand","embeddable":true,"href":"https:\/\/flamaecol.sk\/en\/wp-json\/wp\/v2\/product_brand?post=2883"},{"taxonomy":"product_cat","embeddable":true,"href":"https:\/\/flamaecol.sk\/en\/wp-json\/wp\/v2\/product_cat?post=2883"},{"taxonomy":"product_tag","embeddable":true,"href":"https:\/\/flamaecol.sk\/en\/wp-json\/wp\/v2\/product_tag?post=2883"}],"curies":[{"name":"wp","href":"https:\/\/api.w.org\/{rel}","templated":true}]}}