{"id":2880,"date":"2015-08-10T14:23:21","date_gmt":"2015-08-10T12:23:21","guid":{"rendered":"https:\/\/flamaecol.sk\/produkt\/ochladzovaci-panel-na-sporak-9118-2\/"},"modified":"2015-08-10T14:23:21","modified_gmt":"2015-08-10T12:23:21","slug":"ochladzovaci-panel-na-sporak-9118-2","status":"publish","type":"product","link":"https:\/\/flamaecol.sk\/en\/produkt\/ochladzovaci-panel-na-sporak-9118-2\/","title":{"rendered":"Ochladzovac\u00ed panel"},"content":{"rendered":"<h4><span style=\"color: inherit; font-family: inherit; line-height: 1.1;\">Charakteristick\u00e9 vlastnosti<\/span><br \/><\/h4>\n<p><\/p>\n<p>Jednoduch\u00e1 in\u0161tal\u00e1cia.<\/p>\n<p>Farebn\u00e9 Prevedenie v s\u00falade s preveden\u00edm spotrebi\u010dov .<\/p>\n<p>Modern\u00fd design, ktor\u00fd umo\u017e\u0148uje umiestnenie v kuchynskej linke .<\/p>\n<p>Ochladzovac\u00ed panel typ 9118 je vhodn\u00fd na pou\u017eitie pri zabudovanie do spotrebi\u010dov na pevn\u00e9 paliv\u00e1 KVS MORAVIA do kuchynskej linky<\/p>\n<p>alebo pre in\u0161tal\u00e1ciu v interi\u00e9roch vy\u017eaduj\u00facich izol\u00e1ciu od n\u00e1bytku a in\u00e9ho vybavenia.<\/p>\n<p><\/p>\n<p>Technick\u00e9 parametre<\/p>\n<p>Rozmery panelu (\u0161xvxh): 100 x 850 x 600 mm<\/p>\n<p>Hmotnos\u0165: 8 kg<\/p>\n<p>Varianty : obojstrann\u00fd<\/p>\n<p><\/p>\n<p>Technick\u00fd popis<\/p>\n<p>Ochladzovac\u00ed panel KVS MORAVIA typ 9118 sl\u00fa\u017ei na zn\u00ed\u017eenie teploty v priestore medzi spotrebi\u010dom a kuchynskou linkou.Je vhodn\u00fd pre spor\u00e1ky typu 9100, 9103 9112.<\/p>\n<p>Panel svoj\u00edm tvarom a rozmerom plynule nadv\u00e4zuje na spor\u00e1k a nenaru\u0161uje jeho celkov\u00fd vzh\u013ead.<\/p>\n<p>Vn\u00fatorn\u00e9 \u010dasti panelu s\u00fa vyroben\u00e9 z pozinkovan\u00e9ho plechu .Vonkaj\u0161ie vidite\u013en\u00e9 \u010dasti maj\u00fa povrchov\u00fa \u00fapravu odoln\u00fa proti vy\u0161\u0161\u00edm teplot\u00e1m.<\/p>\n<p>&nbsp;Panel je mo\u017en\u00e9 umiestni\u0165 z oboch str\u00e1n spor\u00e1ku s v\u00fdnimkou v pr\u00edpade bo\u010dn\u00e9ho napojenia dymovodu.<\/p>\n","protected":false},"excerpt":{"rendered":"<p>Charakteristick\u00e9 vlastnosti Jednoduch\u00e1 in\u0161tal\u00e1cia. Farebn\u00e9 Prevedenie v s\u00falade s preveden\u00edm spotrebi\u010dov . Modern\u00fd design, ktor\u00fd umo\u017e\u0148uje umiestnenie v kuchynskej linke . Ochladzovac\u00ed panel typ 9118 je vhodn\u00fd na pou\u017eitie pri zabudovanie do spotrebi\u010dov na pevn\u00e9 paliv\u00e1 KVS MORAVIA do kuchynskej linky alebo pre in\u0161tal\u00e1ciu v interi\u00e9roch vy\u017eaduj\u00facich izol\u00e1ciu od n\u00e1bytku a in\u00e9ho vybavenia. Technick\u00e9 parametre [&hellip;]<\/p>\n","protected":false},"featured_media":2867,"comment_status":"open","ping_status":"closed","template":"","meta":[],"product_brand":[],"product_cat":[216,217,252],"product_tag":[],"class_list":{"0":"post-2880","1":"product","2":"type-product","3":"status-publish","4":"has-post-thumbnail","6":"product_cat-sporaky","7":"product_cat-kvs","8":"product_cat-prislusenstvo-pre-sporaky-kvs-moravia","10":"first","11":"onbackorder","12":"taxable","13":"shipping-taxable","14":"purchasable","15":"product-type-simple"},"_links":{"self":[{"href":"https:\/\/flamaecol.sk\/en\/wp-json\/wp\/v2\/product\/2880","targetHints":{"allow":["GET"]}}],"collection":[{"href":"https:\/\/flamaecol.sk\/en\/wp-json\/wp\/v2\/product"}],"about":[{"href":"https:\/\/flamaecol.sk\/en\/wp-json\/wp\/v2\/types\/product"}],"replies":[{"embeddable":true,"href":"https:\/\/flamaecol.sk\/en\/wp-json\/wp\/v2\/comments?post=2880"}],"wp:featuredmedia":[{"embeddable":true,"href":"https:\/\/flamaecol.sk\/en\/wp-json\/wp\/v2\/media\/2867"}],"wp:attachment":[{"href":"https:\/\/flamaecol.sk\/en\/wp-json\/wp\/v2\/media?parent=2880"}],"wp:term":[{"taxonomy":"product_brand","embeddable":true,"href":"https:\/\/flamaecol.sk\/en\/wp-json\/wp\/v2\/product_brand?post=2880"},{"taxonomy":"product_cat","embeddable":true,"href":"https:\/\/flamaecol.sk\/en\/wp-json\/wp\/v2\/product_cat?post=2880"},{"taxonomy":"product_tag","embeddable":true,"href":"https:\/\/flamaecol.sk\/en\/wp-json\/wp\/v2\/product_tag?post=2880"}],"curies":[{"name":"wp","href":"https:\/\/api.w.org\/{rel}","templated":true}]}}