{"id":2869,"date":"2015-08-10T12:33:44","date_gmt":"2015-08-10T10:33:44","guid":{"rendered":"https:\/\/flamaecol.sk\/produkt\/kvs-moravia-klaudia-9112-2\/"},"modified":"2025-01-14T12:30:39","modified_gmt":"2025-01-14T10:30:39","slug":"kvs-moravia-klaudia-9112-2","status":"publish","type":"product","link":"https:\/\/flamaecol.sk\/en\/produkt\/kvs-moravia-klaudia-9112-2\/","title":{"rendered":"Klaudia 9112"},"content":{"rendered":"<h4>KVS Moravia Klaudia 9112<\/h4>\n<div><\/div>\n<div>Technick\u00e9 parametre<\/div>\n<div><\/div>\n<div>Menovit\u00fd v\u00fdkon: 7,1 kW<\/div>\n<div>Priemer dymov\u00e9ho hrdla: 120 mm<\/div>\n<div>Rozmery spor\u00e1ka (\u0161xvxh): 924 x 850 x 600 mm<\/div>\n<div>Rozmery r\u00fary (\u0161xvxh): 302 x 250 x 433 mm<\/div>\n<div>V\u00fd\u0161ka od\u0165ahov\u00e9ho hrdla: 735 + &#8211; 5 mm (stredom od podlahy)<\/div>\n<div>Minim\u00e1lny kom\u00ednov\u00fd \u0165ah: 12 Pa<\/div>\n<div>\u00da\u010dinnos\u0165 pri JTV 80,6%<\/div>\n<div>Hmotnos\u0165: 175 kg<\/div>\n<div>Odpor\u00fa\u010dan\u00e9 palivo: drevo a dreven\u00e9 brikety<\/div>\n<div>Varianty prevedenia platne: liatina + oce\u013e, oce\u013eov\u00e1 br\u00fasen\u00e1, alebo sklokeramick\u00e1<\/div>\n<div>Farebn\u00e9 prevedenie : biela ,b\u00e9\u017eov\u00e1 ,\u010dierna ,bordov\u00e1 ,zelen\u00e1<\/div>\n<div>Zelen\u00e1 a antracitov\u00e1 a \u010dierna farba je pr\u00edplatkov\u00e1\u00a0 !<\/div>\n<div><\/div>\n<div>Charakteristick\u00e9 vlastnosti<\/div>\n<div><\/div>\n<div>\n<ul>\n<li>Ve\u013ek\u00fd v\u00fdkon<\/li>\n<li>Modern\u00fd dizajn v rustik\u00e1lnom \u0161t\u00fdle<\/li>\n<li>Rozmern\u00e9 ohniska pre palivov\u00e9 drevo d\u013a\u017eky do 450 mm<\/li>\n<li>Presklen\u00e9 dvierka ohniska pre vizu\u00e1lnu kontrolu spotreby paliva<\/li>\n<li>R\u00fara s vynikaj\u00facou pe\u010denie schopnos\u0165ou<\/li>\n<li>Presklen\u00e9 dvierka r\u00fary vybaven\u00e1 teplomerom<\/li>\n<li>Mo\u017enos\u0165 napojenia na kom\u00edn sa zadnej alebo bo\u010dnej steny, pr\u00edpadne z platne<\/li>\n<li>Pohodln\u00e1 regul\u00e1cia toku spal\u00edn a v\u00fdkonu<\/li>\n<li>Ve\u013ek\u00e1 z\u00e1suvka na palivo<\/li>\n<li>\u013dav\u00e9 alebo prav\u00e9 prevedenie<\/li>\n<li>Mo\u017enos\u0165 objedna\u0165 verziu s teplovodn\u00fdm v\u00fdmenn\u00edkom (+ 295,00\u20ac)<\/li>\n<\/ul>\n<\/div>\n<div><\/div>\n<div>Spor\u00e1k na pevn\u00e9 paliv\u00e1 s r\u00farou KVS MORAVIA typ 9112 Klaudie je ur\u010den\u00fd na vykurovanie, varenie, pe\u010denie a ohrievanie pokrmov.<\/div>\n<div>Tento spor\u00e1k sa vyr\u00e1ba aj v preveden\u00ed s teplovodn\u00fdm ohrieva\u010dom vody (typ 9112-V).<\/div>\n<div>Rozmern\u00e9 ohnisko umo\u017e\u0148uje pou\u017eit\u00ed dreven\u00fdch polien o d\u013a\u017eke do 450 mm a priemerom do 190 mm. Jedna z mnoh\u00fdch \u010fal\u0161\u00edch v\u00fdhod je variabilita napojenie na kom\u00edn.<\/div>\n<div>Spor\u00e1k m\u00e1 u\u017e v \u0161tandardnom preveden\u00ed 3 v\u00fdvody dymov\u00fdch splod\u00edn pre napojenie na kom\u00edn zozadu, zboku alebo zhora (pozn .: pri pou\u017eit\u00ed sklokeramick\u00e9 platne &#8211; mo\u017enos\u0165 napojenia len z bo\u010dnej a alebo zadnej steny).<\/div>\n<div>Spor\u00e1k sa vyr\u00e1ba v pravom alebo \u013eavom preveden\u00ed, ktor\u00e9 sa rozli\u0161uje predov\u0161etk\u00fdm pod\u013ea umiestnenia v\u00fdvodov do kom\u00edna (pri \u010delnom poh\u013eade).<\/div>\n<div>Prav\u00e9 prevedenie &#8211; v\u0161etky 3 v\u00fdvody dymov\u00fdch splod\u00edn s\u00fa v pravom rohu, a tie\u017e r\u00fara sa nach\u00e1dza v pravej \u010dasti spor\u00e1ku.<\/div>\n<div>\u013dav\u00e9 prevedenie &#8211; v\u0161etky 3 v\u00fdvody dymov\u00fdch splod\u00edn s\u00fa v \u013eavom rohu, a tie\u017e r\u00fara sa nach\u00e1dza v \u013eavej \u010dasti spor\u00e1ku.<\/div>\n<div>Spor\u00e1k je vybaven\u00fd sekund\u00e1rnym pr\u00edvodom vzduchu, ktor\u00fd napom\u00e1ha lep\u0161iemu spa\u013eovaniu.<\/div>\n<div>Pre zabudovanie spor\u00e1ka do kuchynskej linky je mo\u017en\u00e9 pou\u017ei\u0165 ochladzovac\u00ed panely.<\/div>\n<div>Ak s\u00fa s\u00fa\u010das\u0165ou linky i horn\u00e9 skrinky nad spor\u00e1kom, je nutn\u00e9 ich izolova\u0165 od tepla a pary, napr. Ods\u00e1va\u010dom p\u00e1r alebo in\u00fdm sp\u00f4sobom.<\/div>\n<div>Inak by mohlo d\u00f4js\u0165 k po\u0161kodeniu linky.<\/div>\n<div>\n<h4 style=\"font-family: 'Open Sans', sans-serif; color: #666666;\"><span style=\"font-weight: bold; color: #94bd7b;\">Energetick\u00e1 trieda\u00a0A<\/span><\/h4>\n<\/div>\n","protected":false},"excerpt":{"rendered":"<p>KVS Moravia Klaudia 9112 Technick\u00e9 parametre Menovit\u00fd v\u00fdkon: 7,1 kW Priemer dymov\u00e9ho hrdla: 120 mm Rozmery spor\u00e1ka (\u0161xvxh): 924 x 850 x 600 mm Rozmery r\u00fary (\u0161xvxh): 302 x 250 x 433 mm V\u00fd\u0161ka od\u0165ahov\u00e9ho hrdla: 735 + &#8211; 5 mm (stredom od podlahy) Minim\u00e1lny kom\u00ednov\u00fd \u0165ah: 12 Pa \u00da\u010dinnos\u0165 pri JTV 80,6% Hmotnos\u0165: 175 [&hellip;]<\/p>\n","protected":false},"featured_media":2834,"comment_status":"closed","ping_status":"closed","template":"","meta":[],"product_brand":[],"product_cat":[216,217,253],"product_tag":[],"class_list":{"0":"post-2869","1":"product","2":"type-product","3":"status-publish","4":"has-post-thumbnail","6":"product_cat-sporaky","7":"product_cat-kvs","8":"product_cat-kuchynske-sporaky-kvs-na-pevne-palivo","10":"first","11":"outofstock","12":"taxable","13":"shipping-taxable","14":"purchasable","15":"product-type-simple"},"_links":{"self":[{"href":"https:\/\/flamaecol.sk\/en\/wp-json\/wp\/v2\/product\/2869","targetHints":{"allow":["GET"]}}],"collection":[{"href":"https:\/\/flamaecol.sk\/en\/wp-json\/wp\/v2\/product"}],"about":[{"href":"https:\/\/flamaecol.sk\/en\/wp-json\/wp\/v2\/types\/product"}],"replies":[{"embeddable":true,"href":"https:\/\/flamaecol.sk\/en\/wp-json\/wp\/v2\/comments?post=2869"}],"wp:featuredmedia":[{"embeddable":true,"href":"https:\/\/flamaecol.sk\/en\/wp-json\/wp\/v2\/media\/2834"}],"wp:attachment":[{"href":"https:\/\/flamaecol.sk\/en\/wp-json\/wp\/v2\/media?parent=2869"}],"wp:term":[{"taxonomy":"product_brand","embeddable":true,"href":"https:\/\/flamaecol.sk\/en\/wp-json\/wp\/v2\/product_brand?post=2869"},{"taxonomy":"product_cat","embeddable":true,"href":"https:\/\/flamaecol.sk\/en\/wp-json\/wp\/v2\/product_cat?post=2869"},{"taxonomy":"product_tag","embeddable":true,"href":"https:\/\/flamaecol.sk\/en\/wp-json\/wp\/v2\/product_tag?post=2869"}],"curies":[{"name":"wp","href":"https:\/\/api.w.org\/{rel}","templated":true}]}}