{"id":2833,"date":"2015-08-08T18:34:11","date_gmt":"2015-08-08T16:34:11","guid":{"rendered":"https:\/\/flamaecol.sk\/produkt\/romotop-kv-heat-w-2g-59-50-01-2\/"},"modified":"2025-07-08T17:33:10","modified_gmt":"2025-07-08T15:33:10","slug":"romotop-kv-heat-w-2g-70-50-01-2","status":"publish","type":"product","link":"https:\/\/flamaecol.sk\/en\/produkt\/romotop-kv-heat-w-2g-70-50-01-2\/","title":{"rendered":"Romotop HEAT W 4g 70.50.04(06)"},"content":{"rendered":"<h4>KV HEAT W 4g 70.50.01<\/h4>\n<div><\/div>\n<div>Trendom v centr\u00e1lnom vykurovan\u00ed s\u00fa krbov\u00e9 vlo\u017eky HEAT s teplovodn\u00fdm v\u00fdmenn\u00edkom. Siln\u00fd a v\u00fdkonn\u00fd v\u00fdmenn\u00edk n\u00e1jde uplatnenie v r\u00f4znych typoch a pon\u00fakne dlhotrvaj\u00face pr\u00edjemn\u00e9 objekty.<\/div>\n<div><\/div>\n<div>\n<div><\/div>\n<\/div>\n<div>Technick\u00e9 parametre :<\/div>\n<div><\/div>\n<div>\n<ul>\n<li>v\u00fd\u0161ka 1224 mm<\/li>\n<li>\u0160\u00edrka 800 mm<\/li>\n<li>H\u013abka 540 mm<\/li>\n<li>Hmotnos\u0165 239 kg<\/li>\n<li>Nomin\u00e1lny v\u00fdkon \u00a014,5 kW<\/li>\n<li>nomin\u00e1lny v\u00fdkon do vody 10,3 kW<\/li>\n<li><span class=\"detail-product__params-name\">Regulovate\u013en\u00fd v\u00fdkon <\/span><span class=\"detail-product__params-val\">7,8-23 kW<\/span><\/li>\n<li>Regulovate\u013en\u00fd v\u00fdkon teplovodn\u00e9ho v\u00fdmenn\u00edka 5,7 &#8211; 14,8 kW<\/li>\n<li>Objem v\u00fdmenn\u00edka 61 L<\/li>\n<li>Priemer dymovodu 180 mm<\/li>\n<li>Priemer CPV 150 mm<\/li>\n<li>\u0164ah 12 Pa<\/li>\n<li>\u00da\u010dinnos\u0165 86 %<\/li>\n<li>Priemern\u00e1 spotreba dreva 4,2 kg\/h<\/li>\n<\/ul>\n<\/div>\n<div><\/div>\n<div>Popis :<\/div>\n<div>\n<div><\/div>\n<div>\n<ul>\n<li>\u00a0 \u0161peci\u00e1lna patentovan\u00e1 kon\u0161trukcia teplovodn\u00e9ho v\u00fdmenn\u00edka TRIPLE PASS<\/li>\n<li>\u00a0 pr\u00edprava pre napojenie extern\u00e9ho spa\u013eovacieho vzduchu (CPV)<\/li>\n<li>\u00a0 objem v\u00fdmenn\u00edka 61 l<\/li>\n<li>\u00a0 \u010distiaci otvor pre komfortn\u00e9 \u010distenie v\u00fdmenn\u00edka<\/li>\n<li>\u00a0 zabudovan\u00e1 dochladzovacia slu\u010dka<\/li>\n<li>\u00a0 liatinov\u00fd ro\u0161t<\/li>\n<li>\u00a0 popoln\u00edk<\/li>\n<li>\u00a0 \u0161amotov\u00e1 spa\u013eovacia komora<\/li>\n<li>\u00a0 nastavite\u013en\u00e9 nohy<\/li>\n<li>\u00a0 sklo s potla\u010dou<\/li>\n<li>\u00a0 r\u00e1m dvierok zo \u0161peci\u00e1lneho pevn\u00e9ho valcovan\u00e9ho profilu<\/li>\n<li>\u00a0 s\u00fa\u010das\u0165ou krbovej vlo\u017eky je odvzdu\u0161\u0148ovac\u00ed ventil<\/li>\n<li>\u00a0 z\u00e1stavbov\u00fd rozmer 699 x 498 mm<\/li>\n<li>\u00a0 mo\u017enos\u0165 doplni\u0165 z\u00e1stavbov\u00fdm r\u00e1mikom<\/li>\n<li>\u00a0 d\u013a\u017eka polena 500 mm<\/li>\n<li>\u00a0 spl\u0148uje normy: EN 13 229, DIN+, Bimsch V \u00bd, z\u00e1kon o ochrane ovzdu\u0161ia \u010cR<\/li>\n<\/ul>\n<\/div>\n<\/div>\n<div><\/div>\n<div>\n<h4>Z\u00e1kladn\u00e9 v\u00fdhody syst\u00e9mu triple pass :<\/h4>\n<div><\/div>\n<div>\n<ul>\n<li>Vy\u0161\u0161ia celkov\u00e1 \u00fa\u010dinnos\u0165 (a\u017e o 10%) ako u \u0161tandardn\u00e9ho rie\u0161enia = \u00faspora paliva<\/li>\n<li>\u00a0Vy\u0161\u0161\u00ed v\u00fdkon teplovodn\u00e9ho v\u00fdmenn\u00edka ako u \u0161tandardn\u00e9ho rie\u0161enia = viac tepla pre vykurovaciu s\u00fastavu<\/li>\n<li>V\u00e4\u010d\u0161\u00ed podiel v\u00fdkonu do vody ako u \u0161tandardn\u00e9ho rie\u0161enia = lep\u0161ia regul\u00e1cia a distrib\u00facia tepla v dome = vy\u0161\u0161\u00ed komfort<\/li>\n<li>Ni\u017e\u0161ia produkcia \u0161kodliv\u00fdch emisi\u00ed ako u \u0161tandardn\u00e9ho rie\u0161enia = \u010fal\u0161\u00ed krok k \u010distej\u0161iemu \u017eivotn\u00e9mu prostrediu<\/li>\n<li>Ve\u013ekorys\u00e1 dimenzia trubiek spalinov\u00e9ho v\u00fdmenn\u00edka = komfortn\u00e1 \u00fadr\u017eba a men\u0161ie n\u00e1roky na pravideln\u00e9 \u010distenie v\u00fdmenn\u00edka<\/li>\n<\/ul>\n<\/div>\n<\/div>\n<div><\/div>\n<div>Pr\u00edslu\u0161enstvo schv\u00e1len\u00e9 v\u00fdrobcom :<\/div>\n<div>\n<div>AIRBOX 02<\/div>\n<div>KRYT S IZOL\u00c1CIOU<\/div>\n<div>NASTAVOVACIE NOHY pred\u013a\u017een\u00e9<\/div>\n<div>NASTAVOVACIE NOHY \u0161tandardn\u00e9<\/div>\n<div>ODN\u00cdMATE\u013dN\u00c1 RUKOV\u00c4\u0164<\/div>\n<div>R\u00c1MIK H2Z RAM04 kryc\u00ed polohlbok\u00fd 4S<\/div>\n<div>R\u00c1MIK H2Z RAM06 4S<\/div>\n<\/div>\n<div>Energetick\u00e1 trieda\u00a0<span style=\"color: #6ba54a\">A+<\/span><\/div>\n<div><span style=\"color: #6ba54a\"><a href=\"https:\/\/www.romotop.sk\/krbove-vlozky-sk\/heat\/s-teplovodnym-vymennikom#gallery-141-5\">https:\/\/www.romotop.sk\/krbove-vlozky-sk\/heat\/s-teplovodnym-vymennikom#gallery-141-5<\/a><\/span><\/div>\n","protected":false},"excerpt":{"rendered":"<p>Romotop krbov\u00e1 vlo\u017eka s teplovodn\u00fdm v\u00fdmenn\u00edkom HEAT W 4g 70.50.04<\/p>\n","protected":false},"featured_media":5121,"comment_status":"closed","ping_status":"closed","template":"","meta":[],"product_brand":[],"product_cat":[222,228,290,248],"product_tag":[],"class_list":{"0":"post-2833","1":"product","2":"type-product","3":"status-publish","4":"has-post-thumbnail","6":"product_cat-krbove-vlozky","7":"product_cat-krbovevlozkyromotop","8":"product_cat-romotop-rovne-sklo-krbove-vlozky","9":"product_cat-teplovodne-krbove-vlozky","11":"first","12":"instock","13":"sale","14":"taxable","15":"shipping-taxable","16":"purchasable","17":"product-type-simple"},"_links":{"self":[{"href":"https:\/\/flamaecol.sk\/en\/wp-json\/wp\/v2\/product\/2833","targetHints":{"allow":["GET"]}}],"collection":[{"href":"https:\/\/flamaecol.sk\/en\/wp-json\/wp\/v2\/product"}],"about":[{"href":"https:\/\/flamaecol.sk\/en\/wp-json\/wp\/v2\/types\/product"}],"replies":[{"embeddable":true,"href":"https:\/\/flamaecol.sk\/en\/wp-json\/wp\/v2\/comments?post=2833"}],"wp:featuredmedia":[{"embeddable":true,"href":"https:\/\/flamaecol.sk\/en\/wp-json\/wp\/v2\/media\/5121"}],"wp:attachment":[{"href":"https:\/\/flamaecol.sk\/en\/wp-json\/wp\/v2\/media?parent=2833"}],"wp:term":[{"taxonomy":"product_brand","embeddable":true,"href":"https:\/\/flamaecol.sk\/en\/wp-json\/wp\/v2\/product_brand?post=2833"},{"taxonomy":"product_cat","embeddable":true,"href":"https:\/\/flamaecol.sk\/en\/wp-json\/wp\/v2\/product_cat?post=2833"},{"taxonomy":"product_tag","embeddable":true,"href":"https:\/\/flamaecol.sk\/en\/wp-json\/wp\/v2\/product_tag?post=2833"}],"curies":[{"name":"wp","href":"https:\/\/api.w.org\/{rel}","templated":true}]}}