{"id":2824,"date":"2015-08-08T18:05:57","date_gmt":"2015-08-08T16:05:57","guid":{"rendered":"https:\/\/flamaecol.sk\/produkt\/romotop-kv-heat-wa-2g-59-50-01-2\/"},"modified":"2025-07-08T17:43:27","modified_gmt":"2025-07-08T15:43:27","slug":"romotop-kv-heat-wa-4g-59-50-04","status":"publish","type":"product","link":"https:\/\/flamaecol.sk\/en\/produkt\/romotop-kv-heat-wa-4g-59-50-04\/","title":{"rendered":"Romotop HEAT W 4g 59.50.04"},"content":{"rendered":"<h4><span style=\"color: inherit;font-family: inherit;line-height: 1.1\">KV HEAT W 4g 59.50.04 s teplovodn\u00fdm v\u00fdmenn\u00edkom<\/span><\/h4>\n<div>\n<div><\/div>\n<div>Poz\u00edcia jedn\u00e9ho z najv\u04d3\u010d\u0161\u00edch n\u00e1m umo\u017e\u0148uje ve\u013ekos\u00e9riovo vyr\u00e1ba\u0165 s maxim\u00e1lnou mo\u017enou efektivitou. Preto m\u00f4\u017eeme prin\u00e1\u0161a\u0165 technicky a vzh\u013eadovo vyspel\u00e9 v\u00fdrobky s t\u00fdm najlep\u0161\u00edm pomerom cena\/v\u00fdkon. Bezkonkuren\u010dn\u00e9 produkty obsahuj\u00fa v\u0161etko, \u010do skuto\u010dne potrebujete- to je rada krbov\u00fdch vlo\u017eiek HEAT.<\/div>\n<div><\/div>\n<\/div>\n<div>Technick\u00e9 parametre :<\/div>\n<div>\n<div>\n<ul>\n<li>V\u00fd\u0161ka 1225 mm<\/li>\n<li>\u0160\u00edrka 690 mm<\/li>\n<li>H\u013abka 540 mm<\/li>\n<li>Hmotnos\u0165 206 kg<\/li>\n<li>Celkov\u00fd nomin\u00e1lny v\u00fdkon 13 kW<\/li>\n<li>Nomin\u00e1lny v\u00fdkon\u00a0teplovodn\u00e9ho v\u00fdmenn\u00edka 9,3 kW<\/li>\n<li>Regulovate\u013en\u00fd v\u00fdkon 6,5 &#8211; 16,9 kW<\/li>\n<li>Regulovate\u013en\u00fd v\u00fdkon teplovodn\u00e9ho v\u00fdmenn\u00edka 5,0 &#8211; 12,9kW<\/li>\n<li>Priemer dymovodu 180 mm<\/li>\n<li>Priemer CPV 150 mm<\/li>\n<li>\u0164ah 12 Pa<\/li>\n<li>\u00da\u010dinnos\u0165 88 %<\/li>\n<li>Priemern\u00e1 spotreba dreva 3,7 kg\/h<\/li>\n<\/ul>\n<\/div>\n<\/div>\n<div><\/div>\n<div>Popis :<\/div>\n<div>\n<ul>\n<li>\u00a0pr\u00edprava pre napojenie extern\u00e9ho spa\u013eovacieho vzduchu (CPV)<\/li>\n<li>\u00a0objem v\u00fdmenn\u00edka 51 l<\/li>\n<li>\u00a0liatinov\u00fd ro\u0161t<\/li>\n<li>\u00a0popoln\u00edk<\/li>\n<li>\u00a0\u0161amotov\u00e1 spa\u013eovacia komora<\/li>\n<li>\u00a0nastavite\u013en\u00e9 nohy<\/li>\n<li>\u00a0sklo s potla\u010dou<\/li>\n<li>\u00a0r\u00e1m dvierok zo \u0161peci\u00e1lneho pevn\u00e9ho valcovan\u00e9ho profilu<\/li>\n<li>\u00a0s\u00fa\u010das\u0165ou krbovej vlo\u017eky je odvzdu\u0161\u0148ovac\u00ed ventil<\/li>\n<li>\u00a0z\u00e1stavbov\u00fd rozmer 589 x 498 mm<\/li>\n<li>\u00a0mo\u017enos\u0165 doplni\u0165 z\u00e1stavbov\u00fdm r\u00e1mikom<\/li>\n<li>\u00a0d\u013a\u017eka polena 500 mm<\/li>\n<li>\u00a0spl\u0148uje normy: EN 13 229, DIN+, Bimsch V \u00bd, z\u00e1kon o ochrane ovzdu\u0161ia \u010cR<\/li>\n<\/ul>\n<\/div>\n<div>\n<div><\/div>\n<div>V\u00fdhody syst\u00e9mu double spin :<\/div>\n<div><\/div>\n<div>Horenie je mimoriadne stabiln\u00e9 pri r\u00f4znych d\u00e1vk\u00e1ch paliva. Proces horenia sa \u013eahko udr\u017euje aj pri mal\u00fdch d\u00e1vk\u00e1ch paliva, teda pri k\u00faren\u00ed na n\u00edzk\u00fd v\u00fdkon.<\/div>\n<div>Po\u010das prev\u00e1dzky v rozsahu ide\u00e1lneho v\u00fdkonu je st\u00e1le dosiahnut\u00e9 optim\u00e1lne spa\u013eovanie, ktor\u00e9 je obvykle u in\u00fdch v\u00fdrobkov dosiahnut\u00e9 omnoho u\u017e\u0161om intervale.<\/div>\n<div>Samozrejme ekol\u00f3gia prev\u00e1dzky ide ruka v ruke s jeho ekonomikou.<\/div>\n<div>\u00a0Projektantom a \u010fal\u0161\u00edm odborn\u00edkom umo\u017e\u0148uj\u00fa krbov\u00e9 vlo\u017eky Romotop svoje umiestnenie do \u0161irok\u00e9ho spektra stavieb s r\u00f4znymi tepeln\u00fdmi stratami, a to aj tam, kde obvykle krbov\u00e1 vlo\u017eka s ve\u013ek\u00fdm presklen\u00edm nebola vhodn\u00e1.<\/div>\n<div><\/div>\n<\/div>\n<div>Pr\u00edslu\u0161enstvo schv\u00e1len\u00e9 v\u00fdrobcom :<\/div>\n<div>\n<div>AIRBOX 02<\/div>\n<div>KRYT S IZOL\u00c1CIOU<\/div>\n<div>NASTAVOVACIE NOHY pred\u013a\u017een\u00e9<\/div>\n<div>NASTAVOVACIE NOHY \u0161tandardn\u00e9<\/div>\n<div>ODN\u00cdMATE\u013dN\u00c1 RUKOV\u00c4\u0164<\/div>\n<div>R\u00c1MIK H2N RAM04 kryc\u00ed polohlbok\u00fd 4S<\/div>\n<div>R\u00c1MIK H2N RAM06 4S<\/div>\n<\/div>\n<div>Energetick\u00e1 trieda <span style=\"color: #6ba54a\">A+<\/span><\/div>\n","protected":false},"excerpt":{"rendered":"<p>Romotop krbov\u00e1 vlo\u017eka s teplovodn\u00fdm v\u00fdmenn\u00edkom HEAT W 4g 59.50.04(06)<\/p>\n","protected":false},"featured_media":5126,"comment_status":"closed","ping_status":"closed","template":"","meta":[],"product_brand":[],"product_cat":[222,228,290,248],"product_tag":[],"class_list":{"0":"post-2824","1":"product","2":"type-product","3":"status-publish","4":"has-post-thumbnail","6":"product_cat-krbove-vlozky","7":"product_cat-krbovevlozkyromotop","8":"product_cat-romotop-rovne-sklo-krbove-vlozky","9":"product_cat-teplovodne-krbove-vlozky","11":"first","12":"instock","13":"taxable","14":"shipping-taxable","15":"purchasable","16":"product-type-simple"},"_links":{"self":[{"href":"https:\/\/flamaecol.sk\/en\/wp-json\/wp\/v2\/product\/2824","targetHints":{"allow":["GET"]}}],"collection":[{"href":"https:\/\/flamaecol.sk\/en\/wp-json\/wp\/v2\/product"}],"about":[{"href":"https:\/\/flamaecol.sk\/en\/wp-json\/wp\/v2\/types\/product"}],"replies":[{"embeddable":true,"href":"https:\/\/flamaecol.sk\/en\/wp-json\/wp\/v2\/comments?post=2824"}],"wp:featuredmedia":[{"embeddable":true,"href":"https:\/\/flamaecol.sk\/en\/wp-json\/wp\/v2\/media\/5126"}],"wp:attachment":[{"href":"https:\/\/flamaecol.sk\/en\/wp-json\/wp\/v2\/media?parent=2824"}],"wp:term":[{"taxonomy":"product_brand","embeddable":true,"href":"https:\/\/flamaecol.sk\/en\/wp-json\/wp\/v2\/product_brand?post=2824"},{"taxonomy":"product_cat","embeddable":true,"href":"https:\/\/flamaecol.sk\/en\/wp-json\/wp\/v2\/product_cat?post=2824"},{"taxonomy":"product_tag","embeddable":true,"href":"https:\/\/flamaecol.sk\/en\/wp-json\/wp\/v2\/product_tag?post=2824"}],"curies":[{"name":"wp","href":"https:\/\/api.w.org\/{rel}","templated":true}]}}