{"id":2773,"date":"2015-03-29T20:45:17","date_gmt":"2015-03-29T18:45:17","guid":{"rendered":"https:\/\/flamaecol.sk\/produkt\/arkianekephren-2\/"},"modified":"2015-03-29T20:45:17","modified_gmt":"2015-03-29T18:45:17","slug":"arkianekephren-2","status":"publish","type":"product","link":"https:\/\/flamaecol.sk\/en\/produkt\/arkianekephren-2\/","title":{"rendered":"Arkiane Kephren"},"content":{"rendered":"<h4>Arkiane Kephren<\/h4>\n<p><\/p>\n<p>Cheopsova pyram\u00edda, ktor\u00e1 bola postaven\u00e1 pred nieko\u013ek\u00fdmi tis\u00edcro\u010diami ved\u013ea ve\u013ekolepej sfingy, bud\u00ed st\u00e1le z\u00e1ujem svojou tajuplnos\u0165ou. S t\u00fdmto nad\u010dasov\u00fdm tvarom Arkiane vytvoril nov\u00fa koncepciu krbov bez zjavn\u00e9ho odvodu dymu, \u010do iste udiv\u00ed Va\u0161ich priate\u013eov. Tu je vidie\u0165 iba plame\u0148, kr\u00e1sa, sloboda, k\u013eud a pohoda.<\/p>\n<p>Franc\u00fazska spolo\u010dnos\u0165 ARKIANE od roku 1990 projektuje a vytv\u00e1ra \u0161pi\u010dkov\u00e9 krbov\u00e9 vlo\u017eky s maxim\u00e1lnym d\u00f4razom na jedine\u010dnos\u0165 stv\u00e1rnenia. Cie\u013eom spolo\u010dnosti nieje v\u00fdroba ve\u013ek\u00e9ho mno\u017estva modelov, ale vytv\u00e1ra\u0165 umeleck\u00e9 diela s vysokou \u00fa\u017eitkovou a estetickou hodnotou.<\/p>\n<div><\/div>\n<div>Technick\u00e9 parametre :&nbsp;<\/div>\n<div>\n<div>V\u00fdkon: 12 KW \/ H<\/div>\n<div>\u00da\u010dinnos\u0165 78,5 %<\/div>\n<div>Vykurovan\u00fd objem miestnosti: 250 m3<\/div>\n<div>Hmotnos\u0165: 196 kg<\/div>\n<div>Materi\u00e1l: 3 mm oce\u013e CORTEN<\/div>\n<div>Povrchov\u00e1 \u00faprava: antracit farba s vysokou teplotou 900 \u00b0<\/div>\n<div>Sklo: 4 mm Hr\u00fabka keramick\u00e9 (750 \u00b0)<\/div>\n<div>keramick\u00e9 tesnenie<\/div>\n<div>Max. d\u013a\u017eka dreva 50cm<\/div>\n<div>Priemer extern\u00e9ho vzduchu 150mm<\/div>\n<div>Priemer dymovodu 155 mm<\/div>\n<div>Popoln\u00edk<\/div>\n<div><\/div>\n<\/div>\n<p><iframe loading=\"lazy\" src=\"\/\/www.youtube.com\/embed\/WcxQQ6TP1vY\" width=\"640\" height=\"360\" frameborder=\"0\"><\/iframe><\/p>\n<div>\n<div><\/div>\n<\/div>\n","protected":false},"excerpt":{"rendered":"<p>Arkiane Kephren Cheopsova pyram\u00edda, ktor\u00e1 bola postaven\u00e1 pred nieko\u013ek\u00fdmi tis\u00edcro\u010diami ved\u013ea ve\u013ekolepej sfingy, bud\u00ed st\u00e1le z\u00e1ujem svojou tajuplnos\u0165ou. S t\u00fdmto nad\u010dasov\u00fdm tvarom Arkiane vytvoril nov\u00fa koncepciu krbov bez zjavn\u00e9ho odvodu dymu, \u010do iste udiv\u00ed Va\u0161ich priate\u013eov. Tu je vidie\u0165 iba plame\u0148, kr\u00e1sa, sloboda, k\u013eud a pohoda. Franc\u00fazska spolo\u010dnos\u0165 ARKIANE od roku 1990 projektuje a vytv\u00e1ra [&hellip;]<\/p>\n","protected":false},"featured_media":2748,"comment_status":"open","ping_status":"closed","template":"","meta":[],"product_brand":[],"product_cat":[222,224],"product_tag":[],"class_list":{"0":"post-2773","1":"product","2":"type-product","3":"status-publish","4":"has-post-thumbnail","6":"product_cat-krbove-vlozky","7":"product_cat-arkaine","9":"first","10":"instock","11":"taxable","12":"shipping-taxable","13":"purchasable","14":"product-type-simple"},"_links":{"self":[{"href":"https:\/\/flamaecol.sk\/en\/wp-json\/wp\/v2\/product\/2773","targetHints":{"allow":["GET"]}}],"collection":[{"href":"https:\/\/flamaecol.sk\/en\/wp-json\/wp\/v2\/product"}],"about":[{"href":"https:\/\/flamaecol.sk\/en\/wp-json\/wp\/v2\/types\/product"}],"replies":[{"embeddable":true,"href":"https:\/\/flamaecol.sk\/en\/wp-json\/wp\/v2\/comments?post=2773"}],"wp:featuredmedia":[{"embeddable":true,"href":"https:\/\/flamaecol.sk\/en\/wp-json\/wp\/v2\/media\/2748"}],"wp:attachment":[{"href":"https:\/\/flamaecol.sk\/en\/wp-json\/wp\/v2\/media?parent=2773"}],"wp:term":[{"taxonomy":"product_brand","embeddable":true,"href":"https:\/\/flamaecol.sk\/en\/wp-json\/wp\/v2\/product_brand?post=2773"},{"taxonomy":"product_cat","embeddable":true,"href":"https:\/\/flamaecol.sk\/en\/wp-json\/wp\/v2\/product_cat?post=2773"},{"taxonomy":"product_tag","embeddable":true,"href":"https:\/\/flamaecol.sk\/en\/wp-json\/wp\/v2\/product_tag?post=2773"}],"curies":[{"name":"wp","href":"https:\/\/api.w.org\/{rel}","templated":true}]}}