{"id":2771,"date":"2015-04-05T11:13:03","date_gmt":"2015-04-05T09:13:03","guid":{"rendered":"https:\/\/flamaecol.sk\/produkt\/kvdynamic2g44-55-01\/"},"modified":"2015-04-05T11:13:03","modified_gmt":"2015-04-05T09:13:03","slug":"kvdynamic2g44-55-01","status":"publish","type":"product","link":"https:\/\/flamaecol.sk\/en\/produkt\/kvdynamic2g44-55-01\/","title":{"rendered":"KV DYNAMIC 2G 44.55.01 N"},"content":{"rendered":"<h4>KV DYNAMIC 2G 44.55.01 N &#8211; rovn\u00e1, dvojit\u00e9 reflexn\u00e9 presklenie<\/h4>\n<div><\/div>\n<div>Technick\u00e9 parametre :<\/div>\n<div>\n<ul>\n<li>V\u00fd\u0161ka 1142 (+80) mm<\/li>\n<li>\u0160\u00edrka 524 mm<\/li>\n<li>H\u013abka 479 mm<\/li>\n<li>Hmotnos\u0165 165 kg<\/li>\n<li>Regulovate\u013en\u00fd v\u00fdkon 5 &#8211; 12 kW<\/li>\n<li>Priemer dymovodu 200 mm<\/li>\n<li>Priemer CPV 150 mm<\/li>\n<li>Objem vykurovan\u00e9ho priestoru 90-180 m3<\/li>\n<li>\u0164ah 12 Pa<\/li>\n<li>\u00da\u010dinnos\u0165 85 %<\/li>\n<li>Priemern\u00e1 spotreba dreva 2,2 kg\/h<\/li>\n<\/ul>\n<\/div>\n<div>Popis :&nbsp;<\/div>\n<div>\n<ul>\n<li>stojat\u00e1, rovn\u00fd r\u00e1m a dvierka<\/li>\n<li>dvojit\u00e9 reflexn\u00e9 presklenie<\/li>\n<li>designov\u00e9 potla\u010den\u00e9 sklo<\/li>\n<li>nov\u00fd syst\u00e9m vedenia spal\u00edn DOUBLE SPIN<\/li>\n<li>\u0161peci\u00e1lny oce\u013eov\u00fd plech COR-TEN<\/li>\n<li>CPV \u2013 centr\u00e1lny pr\u00edvod vzduchu<\/li>\n<li>ur\u010den\u00e9 na konvek\u010dn\u00fa a akumula\u010dn\u00fa prev\u00e1dzku<\/li>\n<li>hrdlo vlo\u017eky umo\u017e\u0148uje priamu mont\u00e1\u017e akumula\u010dn\u00edch prstencov ROMOTOP MAMMOTH bez pou\u017eitia redukcie<\/li>\n<li>z\u00e1stavbov\u00fd rozmer 440&#215;550 mm<\/li>\n<\/ul>\n<\/div>\n<div><\/div>\n<div><\/div>\n<div>Pr\u00edslu\u0161enstvo schv\u00e1len\u00e9 v\u00fdrobcom :&nbsp;<\/div>\n<div>S\u00daPRAVA AKUMUL\u00c1CIE ROMOTOP MAMMOTH pre konvek\u010dn\u00fd v\u00fdmenn\u00edk ROMOTOP<\/div>\n<div>Akumula\u010dn\u00fd prstenec ROMOTOP MAMMOTH<\/div>\n<div>R\u00c1MIK D2L, DB2L RAM01 3S-140<\/div>\n<div>R\u00c1MIK D2L, DB2L RAM02 4S-140<\/div>\n<div>R\u00c1MIK D2L, DB2L RAM03 3S-60<\/div>\n<div>R\u00c1MIK D2L, DB2L RAM04 4S-60<\/div>\n<div>R\u00c1MIK D2L, DB2L RAM05 3S-25<\/div>\n<div>R\u00c1MIK D2L, DB2L RAM06 4S-25<\/div>\n<div>AUTOMATICK\u00c1 REGUL\u00c1CIA ROMOTOP DIRECT<\/div>\n<div>OTO\u010cN\u00c1 KOPULA S KOLENOM 200<\/div>\n<div>KONVEK\u010cN\u00dd V\u00ddMENN\u00cdK ROMOTOP<\/div>\n<div>AKUMULA\u010cN\u00dd V\u00ddMENN\u00cdK ROMOTOP MAMMOTH<\/div>\n<div>OTO\u010cN\u00c1 KOPULA S KOLENOM 180<\/div>\n<h4>Energetick\u00e1 trieda <span style=\"color: rgb(107, 165, 74);\">A+<\/span><\/h4>\n<div><\/div>\n","protected":false},"excerpt":{"rendered":"<p>KV DYNAMIC 2G 44.55.01 N &#8211; rovn\u00e1, dvojit\u00e9 reflexn\u00e9 presklenie Technick\u00e9 parametre : V\u00fd\u0161ka 1142 (+80) mm \u0160\u00edrka 524 mm H\u013abka 479 mm Hmotnos\u0165 165 kg Regulovate\u013en\u00fd v\u00fdkon 5 &#8211; 12 kW Priemer dymovodu 200 mm Priemer CPV 150 mm Objem vykurovan\u00e9ho priestoru 90-180 m3 \u0164ah 12 Pa \u00da\u010dinnos\u0165 85 % Priemern\u00e1 spotreba dreva 2,2 [&hellip;]<\/p>\n","protected":false},"featured_media":2765,"comment_status":"open","ping_status":"closed","template":"","meta":[],"product_brand":[],"product_cat":[222,228,249],"product_tag":[],"class_list":{"0":"post-2771","1":"product","2":"type-product","3":"status-publish","4":"has-post-thumbnail","6":"product_cat-krbove-vlozky","7":"product_cat-krbovevlozkyromotop","8":"product_cat-teplovzdusneaakumulacnekrbovevlozkyromotop","10":"first","11":"instock","12":"taxable","13":"shipping-taxable","14":"purchasable","15":"product-type-simple"},"_links":{"self":[{"href":"https:\/\/flamaecol.sk\/en\/wp-json\/wp\/v2\/product\/2771","targetHints":{"allow":["GET"]}}],"collection":[{"href":"https:\/\/flamaecol.sk\/en\/wp-json\/wp\/v2\/product"}],"about":[{"href":"https:\/\/flamaecol.sk\/en\/wp-json\/wp\/v2\/types\/product"}],"replies":[{"embeddable":true,"href":"https:\/\/flamaecol.sk\/en\/wp-json\/wp\/v2\/comments?post=2771"}],"wp:featuredmedia":[{"embeddable":true,"href":"https:\/\/flamaecol.sk\/en\/wp-json\/wp\/v2\/media\/2765"}],"wp:attachment":[{"href":"https:\/\/flamaecol.sk\/en\/wp-json\/wp\/v2\/media?parent=2771"}],"wp:term":[{"taxonomy":"product_brand","embeddable":true,"href":"https:\/\/flamaecol.sk\/en\/wp-json\/wp\/v2\/product_brand?post=2771"},{"taxonomy":"product_cat","embeddable":true,"href":"https:\/\/flamaecol.sk\/en\/wp-json\/wp\/v2\/product_cat?post=2771"},{"taxonomy":"product_tag","embeddable":true,"href":"https:\/\/flamaecol.sk\/en\/wp-json\/wp\/v2\/product_tag?post=2771"}],"curies":[{"name":"wp","href":"https:\/\/api.w.org\/{rel}","templated":true}]}}