{"id":2752,"date":"2015-03-29T11:13:22","date_gmt":"2015-03-29T09:13:22","guid":{"rendered":"https:\/\/flamaecol.sk\/produkt\/arkianeeclypsya-2\/"},"modified":"2025-01-12T15:11:45","modified_gmt":"2025-01-12T13:11:45","slug":"arkianeeclypsya-2","status":"publish","type":"product","link":"https:\/\/flamaecol.sk\/en\/produkt\/arkianeeclypsya-2\/","title":{"rendered":"Arkiane Eclypsya"},"content":{"rendered":"<h4>Arkiane Eclypsya<\/h4>\n<p>&nbsp;<\/p>\n<p>&#8220;Krb v rytme sez\u00f3ny&#8221;<\/p>\n<p>Predpr\u00edprava umo\u017e\u0148uje krb pou\u017e\u00edva\u0165 vo viacer\u00fdch miestnostiach!!!<\/p>\n<p>Jednoduch\u00e1 monta\u017e, pri ktorom po presune Eclypsye zostane na mieste len hlin\u00edkov\u00fd kryc\u00ed r\u00e1mik .Eclypsya poskytuje mo\u017enos\u0165 prev\u00e1dzova\u0165 krb aj v exteri\u00e9ri!!!<\/p>\n<p>Franc\u00fazska spolo\u010dnos\u0165 ARKIANE od roku 1990 projektuje a vytv\u00e1ra \u0161pi\u010dkov\u00e9 krbov\u00e9 vlo\u017eky s maxim\u00e1lnym d\u00f4razom na jedine\u010dnos\u0165 stv\u00e1rnenia. Cie\u013eom spolo\u010dnosti nieje v\u00fdroba ve\u013ek\u00e9ho mno\u017estva modelov, ale vytv\u00e1ra\u0165 umeleck\u00e9 diela s vysokou \u00fa\u017eitkovou a estetickou hodnotou.<\/p>\n<div><\/div>\n<div><strong>Technick\u00e9 parametre :\u00a0<\/strong><\/div>\n<div><\/div>\n<div>\n<div>V\u00fdkon: 12 KW \/ H<\/div>\n<div>\u00da\u010dinnos\u0165 81 %<\/div>\n<div>Vykurovan\u00fd objem miestnosti: 230 m3<\/div>\n<div>Hmotnos\u0165: 140 kg<\/div>\n<div>Materi\u00e1l: 3 mm oce\u013e CORTEN<\/div>\n<div>Povrchov\u00e1 \u00faprava: antracit farba s vysokou teplotou 900 \u00b0<\/div>\n<div>Sklo: 4 mm Hr\u00fabka keramick\u00e9 (750 \u00b0)<\/div>\n<div>keramick\u00e9 tesnenie<\/div>\n<div>Max. d\u013a\u017eka dreva 50cm<\/div>\n<div>Priemer extern\u00e9ho vzduchu 150mm<\/div>\n<div>Priemer dymovodu 155 mm<\/div>\n<div>Popoln\u00edk<\/div>\n<\/div>\n","protected":false},"excerpt":{"rendered":"<p>Arkiane Eclypsya &nbsp; &#8220;Krb v rytme sez\u00f3ny&#8221; Predpr\u00edprava umo\u017e\u0148uje krb pou\u017e\u00edva\u0165 vo viacer\u00fdch miestnostiach!!! Jednoduch\u00e1 monta\u017e, pri ktorom po presune Eclypsye zostane na mieste len hlin\u00edkov\u00fd kryc\u00ed r\u00e1mik .Eclypsya poskytuje mo\u017enos\u0165 prev\u00e1dzova\u0165 krb aj v exteri\u00e9ri!!! Franc\u00fazska spolo\u010dnos\u0165 ARKIANE od roku 1990 projektuje a vytv\u00e1ra \u0161pi\u010dkov\u00e9 krbov\u00e9 vlo\u017eky s maxim\u00e1lnym d\u00f4razom na jedine\u010dnos\u0165 stv\u00e1rnenia. Cie\u013eom [&hellip;]<\/p>\n","protected":false},"featured_media":2721,"comment_status":"closed","ping_status":"closed","template":"","meta":[],"product_brand":[],"product_cat":[222,224],"product_tag":[],"class_list":{"0":"post-2752","1":"product","2":"type-product","3":"status-publish","4":"has-post-thumbnail","6":"product_cat-krbove-vlozky","7":"product_cat-arkaine","9":"first","10":"instock","11":"taxable","12":"shipping-taxable","13":"purchasable","14":"product-type-simple"},"_links":{"self":[{"href":"https:\/\/flamaecol.sk\/en\/wp-json\/wp\/v2\/product\/2752","targetHints":{"allow":["GET"]}}],"collection":[{"href":"https:\/\/flamaecol.sk\/en\/wp-json\/wp\/v2\/product"}],"about":[{"href":"https:\/\/flamaecol.sk\/en\/wp-json\/wp\/v2\/types\/product"}],"replies":[{"embeddable":true,"href":"https:\/\/flamaecol.sk\/en\/wp-json\/wp\/v2\/comments?post=2752"}],"wp:featuredmedia":[{"embeddable":true,"href":"https:\/\/flamaecol.sk\/en\/wp-json\/wp\/v2\/media\/2721"}],"wp:attachment":[{"href":"https:\/\/flamaecol.sk\/en\/wp-json\/wp\/v2\/media?parent=2752"}],"wp:term":[{"taxonomy":"product_brand","embeddable":true,"href":"https:\/\/flamaecol.sk\/en\/wp-json\/wp\/v2\/product_brand?post=2752"},{"taxonomy":"product_cat","embeddable":true,"href":"https:\/\/flamaecol.sk\/en\/wp-json\/wp\/v2\/product_cat?post=2752"},{"taxonomy":"product_tag","embeddable":true,"href":"https:\/\/flamaecol.sk\/en\/wp-json\/wp\/v2\/product_tag?post=2752"}],"curies":[{"name":"wp","href":"https:\/\/api.w.org\/{rel}","templated":true}]}}