{"id":2729,"date":"2015-03-26T20:36:49","date_gmt":"2015-03-26T18:36:49","guid":{"rendered":"https:\/\/flamaecol.sk\/produkt\/arkianeyanli-3\/"},"modified":"2015-03-26T20:36:49","modified_gmt":"2015-03-26T18:36:49","slug":"arkianeyanli-3","status":"publish","type":"product","link":"https:\/\/flamaecol.sk\/en\/produkt\/arkianeyanli-3\/","title":{"rendered":"Arkiane Yan Li"},"content":{"rendered":"<h4>Arkiane Yan Li<\/h4>\n<p><\/p>\n<p>K\u00fazlom designu sa podarilo vytvori\u0165 \u0161tylizovan\u00fd plame\u0148, ktor\u00fd pripom\u00edna pohyb a teplo oh\u0148a. Vycibrenos\u0165 tohto krbu sa opiera o spojenie troch prepleten\u00fdch tvarov, troch materi\u00e1lov a troch pridru\u017een\u00fdch farieb. Krb Yan Li chr\u00e1ni pr\u00edrodu pou\u017e\u00edvan\u00edm dreva, jedinej obnovite\u013enej energie s \u00fa\u010dinnos\u0165ou a\u017e 78% .<\/p>\n<p><\/p>\n<div>Technick\u00e9 parametre :&nbsp;<\/div>\n<div><\/div>\n<div>\n<div>V\u00fdkon: 12 KW \/ H<\/div>\n<div>\u00da\u010dinnos\u0165 78,4%<\/div>\n<div>Vykurovan\u00fd objem miestnosti: 250 m3<\/div>\n<div>Hmotnos\u0165: 201 kg<\/div>\n<div>Materi\u00e1l: 3 mm oce\u013e CORTEN<\/div>\n<div>Povrchov\u00e1 \u00faprava: antracit farba s vysokou teplotou 900 \u00b0<\/div>\n<div>Sklo: 4 mm Hr\u00fabka keramick\u00e9 (750 \u00b0)<\/div>\n<div>keramick\u00e9 tesnenie<\/div>\n<div>Max. d\u013a\u017eka dreva 50cm<\/div>\n<div>Priemer extern\u00e9ho vzduchu 125mm<\/div>\n<div>Priemer dymovodu 230 mm<\/div>\n<div>Teplovzdu\u0161n\u00fd pl\u00e1\u0161\u0165 pripraven\u00fd pre distrib\u00faciu ohriateho vzduchu o priemere 4x125mm&nbsp;<\/div>\n<div>Popoln\u00edk<\/div>\n<div>Mo\u017enos\u0165 vybra\u0165 z r\u00f4znych farebn\u00fdch variant za pr\u00edplatok.<\/div>\n<\/div>\n","protected":false},"excerpt":{"rendered":"<p>Arkiane Yan Li K\u00fazlom designu sa podarilo vytvori\u0165 \u0161tylizovan\u00fd plame\u0148, ktor\u00fd pripom\u00edna pohyb a teplo oh\u0148a. Vycibrenos\u0165 tohto krbu sa opiera o spojenie troch prepleten\u00fdch tvarov, troch materi\u00e1lov a troch pridru\u017een\u00fdch farieb. Krb Yan Li chr\u00e1ni pr\u00edrodu pou\u017e\u00edvan\u00edm dreva, jedinej obnovite\u013enej energie s \u00fa\u010dinnos\u0165ou a\u017e 78% . Technick\u00e9 parametre :&nbsp; V\u00fdkon: 12 KW \/ H [&hellip;]<\/p>\n","protected":false},"featured_media":2703,"comment_status":"open","ping_status":"closed","template":"","meta":[],"product_brand":[],"product_cat":[222,224],"product_tag":[],"class_list":{"0":"post-2729","1":"product","2":"type-product","3":"status-publish","4":"has-post-thumbnail","6":"product_cat-krbove-vlozky","7":"product_cat-arkaine","9":"first","10":"instock","11":"taxable","12":"shipping-taxable","13":"purchasable","14":"product-type-simple"},"_links":{"self":[{"href":"https:\/\/flamaecol.sk\/en\/wp-json\/wp\/v2\/product\/2729","targetHints":{"allow":["GET"]}}],"collection":[{"href":"https:\/\/flamaecol.sk\/en\/wp-json\/wp\/v2\/product"}],"about":[{"href":"https:\/\/flamaecol.sk\/en\/wp-json\/wp\/v2\/types\/product"}],"replies":[{"embeddable":true,"href":"https:\/\/flamaecol.sk\/en\/wp-json\/wp\/v2\/comments?post=2729"}],"wp:featuredmedia":[{"embeddable":true,"href":"https:\/\/flamaecol.sk\/en\/wp-json\/wp\/v2\/media\/2703"}],"wp:attachment":[{"href":"https:\/\/flamaecol.sk\/en\/wp-json\/wp\/v2\/media?parent=2729"}],"wp:term":[{"taxonomy":"product_brand","embeddable":true,"href":"https:\/\/flamaecol.sk\/en\/wp-json\/wp\/v2\/product_brand?post=2729"},{"taxonomy":"product_cat","embeddable":true,"href":"https:\/\/flamaecol.sk\/en\/wp-json\/wp\/v2\/product_cat?post=2729"},{"taxonomy":"product_tag","embeddable":true,"href":"https:\/\/flamaecol.sk\/en\/wp-json\/wp\/v2\/product_tag?post=2729"}],"curies":[{"name":"wp","href":"https:\/\/api.w.org\/{rel}","templated":true}]}}