{"id":2683,"date":"2015-03-26T18:01:05","date_gmt":"2015-03-26T16:01:05","guid":{"rendered":"https:\/\/flamaecol.sk\/produkt\/arkianesoio-3\/"},"modified":"2015-03-26T18:01:05","modified_gmt":"2015-03-26T16:01:05","slug":"arkianesoio-3","status":"publish","type":"product","link":"https:\/\/flamaecol.sk\/en\/produkt\/arkianesoio-3\/","title":{"rendered":"Arkiane Soio"},"content":{"rendered":"<h4>Arkiane Soio<\/h4>\n<p><\/p>\n<p>Ghalsk\u00e9 bo\u017estvo kme\u0148a ut\u00e1boren\u00e9ho pri breho Rh\u00f3ny. Soio bola tak oslniv\u00e1, \u017ee odk\u00e1zala svoje meno mestu v oblasti Ardeche. Soyons, sl\u00e1vne mesto pre svoje archeologick\u00e9 n\u00e1lezisko: od doby kamennej po dobu \u017eelezn\u00fa. Umelec design\u00e9r dal \u017eivot novej chr\u00e1nenkyni bohyne v dobe ocele a skla.<\/p>\n<div><\/div>\n<div>Technick\u00e9 parametre :&nbsp;<\/div>\n<div><\/div>\n<div>\n<div>V\u00fdkon: 12 KW \/ H<\/div>\n<div>\u00da\u010dinnos\u0165 72 %<\/div>\n<div>Vykurovan\u00fd objem miestnosti: 250 m3<\/div>\n<div>Hmotnos\u0165: 174 kg<\/div>\n<div>Materi\u00e1l: 3 mm oce\u013e CORTEN<\/div>\n<div>Povrchov\u00e1 \u00faprava: antracit farba s vysokou teplotou 900 \u00b0<\/div>\n<div>Sklo: 4 mm Hr\u00fabka keramick\u00e9 (750 \u00b0)<\/div>\n<div>keramick\u00e9 tesnenie<\/div>\n<div>Max. d\u013a\u017eka dreva 60cm<\/div>\n<div>Priemer extern\u00e9ho vzduchu 125mm<\/div>\n<div>Priemer dymovodu 230 mm<\/div>\n<div>Popoln\u00edk<\/div>\n<div><\/div>\n<div>Cena pre verziu zapusten\u00e9ho krbu. Za pr\u00edplatok je mo\u017enos\u0165 vybra\u0165 s z farebn\u00fdch verziu dekora\u010dn\u00e9ho lemu zo skla : \u010derven\u00e1 ,biela, oran\u017eov\u00e1 ,biela ,\u0161ed\u00e1 ,zelen\u00e1<\/div>\n<\/div>\n","protected":false},"excerpt":{"rendered":"<p>Arkiane Soio Ghalsk\u00e9 bo\u017estvo kme\u0148a ut\u00e1boren\u00e9ho pri breho Rh\u00f3ny. Soio bola tak oslniv\u00e1, \u017ee odk\u00e1zala svoje meno mestu v oblasti Ardeche. Soyons, sl\u00e1vne mesto pre svoje archeologick\u00e9 n\u00e1lezisko: od doby kamennej po dobu \u017eelezn\u00fa. Umelec design\u00e9r dal \u017eivot novej chr\u00e1nenkyni bohyne v dobe ocele a skla. Technick\u00e9 parametre :&nbsp; V\u00fdkon: 12 KW \/ H \u00da\u010dinnos\u0165 [&hellip;]<\/p>\n","protected":false},"featured_media":2666,"comment_status":"open","ping_status":"closed","template":"","meta":[],"product_brand":[],"product_cat":[222,224],"product_tag":[],"class_list":{"0":"post-2683","1":"product","2":"type-product","3":"status-publish","4":"has-post-thumbnail","6":"product_cat-krbove-vlozky","7":"product_cat-arkaine","9":"first","10":"instock","11":"taxable","12":"shipping-taxable","13":"purchasable","14":"product-type-simple"},"_links":{"self":[{"href":"https:\/\/flamaecol.sk\/en\/wp-json\/wp\/v2\/product\/2683","targetHints":{"allow":["GET"]}}],"collection":[{"href":"https:\/\/flamaecol.sk\/en\/wp-json\/wp\/v2\/product"}],"about":[{"href":"https:\/\/flamaecol.sk\/en\/wp-json\/wp\/v2\/types\/product"}],"replies":[{"embeddable":true,"href":"https:\/\/flamaecol.sk\/en\/wp-json\/wp\/v2\/comments?post=2683"}],"wp:featuredmedia":[{"embeddable":true,"href":"https:\/\/flamaecol.sk\/en\/wp-json\/wp\/v2\/media\/2666"}],"wp:attachment":[{"href":"https:\/\/flamaecol.sk\/en\/wp-json\/wp\/v2\/media?parent=2683"}],"wp:term":[{"taxonomy":"product_brand","embeddable":true,"href":"https:\/\/flamaecol.sk\/en\/wp-json\/wp\/v2\/product_brand?post=2683"},{"taxonomy":"product_cat","embeddable":true,"href":"https:\/\/flamaecol.sk\/en\/wp-json\/wp\/v2\/product_cat?post=2683"},{"taxonomy":"product_tag","embeddable":true,"href":"https:\/\/flamaecol.sk\/en\/wp-json\/wp\/v2\/product_tag?post=2683"}],"curies":[{"name":"wp","href":"https:\/\/api.w.org\/{rel}","templated":true}]}}