{"id":2669,"date":"2015-03-26T16:54:39","date_gmt":"2015-03-26T14:54:39","guid":{"rendered":"https:\/\/flamaecol.sk\/produkt\/arkianegaia-3\/"},"modified":"2015-03-26T16:54:39","modified_gmt":"2015-03-26T14:54:39","slug":"arkianegaia-3","status":"publish","type":"product","link":"https:\/\/flamaecol.sk\/en\/produkt\/arkianegaia-3\/","title":{"rendered":"Arkiane Gaia"},"content":{"rendered":"<h4>Arkiane Gaia<\/h4>\n<h4><\/h4>\n<p>Gaia, bo\u017esk\u00e1 stvorite\u013eka \u017eivota, dc\u00e9ra nebies a matka zeme, ktor\u00e1 v\u010faka svojim \u0161tedr\u00fdm a jemn\u00fdm tvarom zap\u00e1lila ohe\u0148&#8230;Tento nov\u00fd modern\u00fd krb sa vyzna\u010duje \u00faplne designom svojich kriviek, ktor\u00e9 s\u00fa medzi sebou vo vz\u00e1jomnom s\u00falade. Ohe\u0148 pln\u00fd gu\u013eat\u00fdch tvarov a zmyselnosti.<\/p>\n<p>Gaia poskytuje multi-videnie a\u017e do 180 \u00b0 s &nbsp;pote\u0161en\u00edm v\u00fdh\u013eadu na ohe\u0148, bez oh\u013eadu na jeho umiestnenie vo va\u0161ej dom\u00e1cnosti.<\/p>\n<p>V\u010faka zakriven\u00e9mu sklu, ktor\u00e9 sa pos\u00fava, m\u00f4\u017eu by\u0165 vr\u00e1tka otvoren\u00e9 alebo uzavret\u00e9 v z\u00e1vislosti na va\u0161ej chuti okamihu.<\/p>\n<p>Kr\u00e1sa, ktorej \u00fadr\u017eba je jednoduch\u00e1, najm\u00e4 s otvoren\u00edm svojich bo\u010dn\u00fdch okien.<\/p>\n<div><\/div>\n<div>Technick\u00e9 parametre :&nbsp;<\/div>\n<div><\/div>\n<div>\n<div>V\u00fdkon: 14 KW \/ H<\/div>\n<div>\u00da\u010dinnos\u0165 73,1%<\/div>\n<div>Vykurovan\u00fd objem miestnosti: 290 m3<\/div>\n<div>Hmotnos\u0165: 198 kg<\/div>\n<div>Materi\u00e1l: 3 mm oce\u013e CORTEN<\/div>\n<div>Povrchov\u00e1 \u00faprava: antracit farba s vysokou teplotou 900 \u00b0<\/div>\n<div>Sklo: 4 mm Hr\u00fabka keramick\u00e9 (750 \u00b0)<\/div>\n<div>keramick\u00e9 tesnenie<\/div>\n<div>Max. d\u013a\u017eka dreva 60cm<\/div>\n<div>Priemer extern\u00e9ho vzduchu 125mm<\/div>\n<div>Priemer dymovodu 230 mm<\/div>\n<div>Popoln\u00edk<\/div>\n<div><\/div>\n<div>Cena je pre verziu so zadn\u00fdm zapojen\u00edm dymovodu .Mo\u017enos\u0165 horn\u00e9ho v\u00fdvodu .<\/div>\n<\/div>\n","protected":false},"excerpt":{"rendered":"<p>Arkiane Gaia Gaia, bo\u017esk\u00e1 stvorite\u013eka \u017eivota, dc\u00e9ra nebies a matka zeme, ktor\u00e1 v\u010faka svojim \u0161tedr\u00fdm a jemn\u00fdm tvarom zap\u00e1lila ohe\u0148&#8230;Tento nov\u00fd modern\u00fd krb sa vyzna\u010duje \u00faplne designom svojich kriviek, ktor\u00e9 s\u00fa medzi sebou vo vz\u00e1jomnom s\u00falade. Ohe\u0148 pln\u00fd gu\u013eat\u00fdch tvarov a zmyselnosti. Gaia poskytuje multi-videnie a\u017e do 180 \u00b0 s &nbsp;pote\u0161en\u00edm v\u00fdh\u013eadu na ohe\u0148, bez [&hellip;]<\/p>\n","protected":false},"featured_media":2654,"comment_status":"open","ping_status":"closed","template":"","meta":[],"product_brand":[],"product_cat":[222,224],"product_tag":[],"class_list":{"0":"post-2669","1":"product","2":"type-product","3":"status-publish","4":"has-post-thumbnail","6":"product_cat-krbove-vlozky","7":"product_cat-arkaine","9":"first","10":"instock","11":"taxable","12":"shipping-taxable","13":"purchasable","14":"product-type-simple"},"_links":{"self":[{"href":"https:\/\/flamaecol.sk\/en\/wp-json\/wp\/v2\/product\/2669","targetHints":{"allow":["GET"]}}],"collection":[{"href":"https:\/\/flamaecol.sk\/en\/wp-json\/wp\/v2\/product"}],"about":[{"href":"https:\/\/flamaecol.sk\/en\/wp-json\/wp\/v2\/types\/product"}],"replies":[{"embeddable":true,"href":"https:\/\/flamaecol.sk\/en\/wp-json\/wp\/v2\/comments?post=2669"}],"wp:featuredmedia":[{"embeddable":true,"href":"https:\/\/flamaecol.sk\/en\/wp-json\/wp\/v2\/media\/2654"}],"wp:attachment":[{"href":"https:\/\/flamaecol.sk\/en\/wp-json\/wp\/v2\/media?parent=2669"}],"wp:term":[{"taxonomy":"product_brand","embeddable":true,"href":"https:\/\/flamaecol.sk\/en\/wp-json\/wp\/v2\/product_brand?post=2669"},{"taxonomy":"product_cat","embeddable":true,"href":"https:\/\/flamaecol.sk\/en\/wp-json\/wp\/v2\/product_cat?post=2669"},{"taxonomy":"product_tag","embeddable":true,"href":"https:\/\/flamaecol.sk\/en\/wp-json\/wp\/v2\/product_tag?post=2669"}],"curies":[{"name":"wp","href":"https:\/\/api.w.org\/{rel}","templated":true}]}}