{"id":2653,"date":"2015-03-25T18:56:40","date_gmt":"2015-03-25T16:56:40","guid":{"rendered":"https:\/\/flamaecol.sk\/produkt\/arkianeoxalis-2\/"},"modified":"2015-03-25T18:56:40","modified_gmt":"2015-03-25T16:56:40","slug":"arkianeoxalis-2","status":"publish","type":"product","link":"https:\/\/flamaecol.sk\/en\/produkt\/arkianeoxalis-2\/","title":{"rendered":"Arkiane Oxalis"},"content":{"rendered":"<h4>Arkiane Oxalis<\/h4>\n<p><\/p>\n<p>OXALIS, rastlina ve\u013emi popul\u00e1rna v Japonsku, ktor\u00e1 symbolizuje eleganciu a &nbsp;jednoduchos\u0165.&nbsp;<\/p>\n<p>U\u017e\u00edvatelia ocenia tie\u017e OXALIS pre jeho funk\u010dnos\u0165 a spo\u013eahlivos\u0165, \u010fal\u0161ie dve prednosti. Jednoduchos\u0165 a pohodlie:&nbsp;<\/p>\n<p>OXALIS ocenia pre jeho jednoduchos\u0165 a pohodln\u00e9 pou\u017e\u00edvanie. Jeho popoln\u00edk &nbsp;s dizajnom dreva, ktor\u00e9 sl\u00fa\u017ei ako dr\u017eadlo, je \u013eahko pr\u00edstupn\u00fd a ve\u013emi praktick\u00fd, preto\u017ee m\u00f4\u017ee by\u0165 vypr\u00e1zdnen\u00fd aj pri zavret\u00fdch vr\u00e1tkach ohniska.&nbsp;<\/p>\n<p>Krb m\u00f4\u017ee by\u0165 pou\u017e\u00edvan\u00fd aj s otvoren\u00fdmi vr\u00e1tkami, samozrejme za predpokladu pr\u00edtomnosti prev\u00e1dzkovate\u013ea.<\/p>\n<p>Ak chcete skr\u00e1\u0161li\u0165 v\u00e1\u0161 dom v\u00e1m OXALIS s \u013eahkos\u0165ou in\u0161talujete bu\u010f na stenu alebo do uhla s v\u00fdstupom spal\u00edn vertik\u00e1lnym pripojen\u00edm &nbsp;alebo hoizont\u00e1lnym zapojen\u00edm dymovodu.<\/p>\n<div>Uveden\u00e1 cena plat\u00ed so zadn\u00fdm pripojen\u00edm dymovodu. O \u010fal\u0161\u00edch mo\u017enostiach a doplnkoch sa pros\u00edm informujte prostredn\u00edctvom mailu alebo telefonicky .<\/div>\n<div>Arkiane vytvoril tento model krbu, ktor\u00e9ho mno\u017estvo ladn\u00fdch kriviek, funk\u010dnos\u0165, spo\u013eahlivos\u0165 a estetickos\u0165 V\u00e1m prin\u00e1\u0161a vn\u00fatorn\u00e9 uspokojenie, ktor\u00e9 V\u00e1m bude ve\u013ea \u013eud\u00ed z\u00e1vidie\u0165.<\/div>\n<div><\/div>\n<div><\/div>\n<div>Technick\u00e9 parametre :&nbsp;<\/div>\n<div><\/div>\n<div>\n<div>V\u00fdkon: 12 KW \/ H<\/div>\n<div>\u00da\u010dinnos\u0165 78,1%<\/div>\n<div>Vykurovan\u00fd objem miestnosti: 250 m3<\/div>\n<div>Hmotnos\u0165: 164 kg<\/div>\n<div>Materi\u00e1l: 3 mm oce\u013e CORTEN<\/div>\n<div>Povrchov\u00e1 \u00faprava: antracit farba s vysokou teplotou 900 \u00b0<\/div>\n<div>Sklo: 4 mm Hr\u00fabka keramick\u00e9 (750 \u00b0)<\/div>\n<div>keramick\u00e9 tesnenie<\/div>\n<div>Max. d\u013a\u017eka dreva 60cm<\/div>\n<div>Priemer extern\u00e9ho vzduchu 125mm<\/div>\n<div>Priemer dymovodu 230 mm<\/div>\n<div>Popoln\u00edk<\/div>\n<\/div>\n","protected":false},"excerpt":{"rendered":"<p>Arkiane Oxalis OXALIS, rastlina ve\u013emi popul\u00e1rna v Japonsku, ktor\u00e1 symbolizuje eleganciu a &nbsp;jednoduchos\u0165.&nbsp; U\u017e\u00edvatelia ocenia tie\u017e OXALIS pre jeho funk\u010dnos\u0165 a spo\u013eahlivos\u0165, \u010fal\u0161ie dve prednosti. Jednoduchos\u0165 a pohodlie:&nbsp; OXALIS ocenia pre jeho jednoduchos\u0165 a pohodln\u00e9 pou\u017e\u00edvanie. Jeho popoln\u00edk &nbsp;s dizajnom dreva, ktor\u00e9 sl\u00fa\u017ei ako dr\u017eadlo, je \u013eahko pr\u00edstupn\u00fd a ve\u013emi praktick\u00fd, preto\u017ee m\u00f4\u017ee by\u0165 vypr\u00e1zdnen\u00fd [&hellip;]<\/p>\n","protected":false},"featured_media":2639,"comment_status":"open","ping_status":"closed","template":"","meta":[],"product_brand":[],"product_cat":[222,224],"product_tag":[],"class_list":{"0":"post-2653","1":"product","2":"type-product","3":"status-publish","4":"has-post-thumbnail","6":"product_cat-krbove-vlozky","7":"product_cat-arkaine","9":"first","10":"instock","11":"taxable","12":"shipping-taxable","13":"purchasable","14":"product-type-simple"},"_links":{"self":[{"href":"https:\/\/flamaecol.sk\/en\/wp-json\/wp\/v2\/product\/2653","targetHints":{"allow":["GET"]}}],"collection":[{"href":"https:\/\/flamaecol.sk\/en\/wp-json\/wp\/v2\/product"}],"about":[{"href":"https:\/\/flamaecol.sk\/en\/wp-json\/wp\/v2\/types\/product"}],"replies":[{"embeddable":true,"href":"https:\/\/flamaecol.sk\/en\/wp-json\/wp\/v2\/comments?post=2653"}],"wp:featuredmedia":[{"embeddable":true,"href":"https:\/\/flamaecol.sk\/en\/wp-json\/wp\/v2\/media\/2639"}],"wp:attachment":[{"href":"https:\/\/flamaecol.sk\/en\/wp-json\/wp\/v2\/media?parent=2653"}],"wp:term":[{"taxonomy":"product_brand","embeddable":true,"href":"https:\/\/flamaecol.sk\/en\/wp-json\/wp\/v2\/product_brand?post=2653"},{"taxonomy":"product_cat","embeddable":true,"href":"https:\/\/flamaecol.sk\/en\/wp-json\/wp\/v2\/product_cat?post=2653"},{"taxonomy":"product_tag","embeddable":true,"href":"https:\/\/flamaecol.sk\/en\/wp-json\/wp\/v2\/product_tag?post=2653"}],"curies":[{"name":"wp","href":"https:\/\/api.w.org\/{rel}","templated":true}]}}