{"id":2603,"date":"2025-02-19T14:48:47","date_gmt":"2025-02-19T12:48:47","guid":{"rendered":"https:\/\/flamaecol.sk\/?post_type=product&#038;p=2603"},"modified":"2025-02-19T15:12:07","modified_gmt":"2025-02-19T13:12:07","slug":"krbovekachleheinbaraccaou","status":"publish","type":"product","link":"https:\/\/flamaecol.sk\/en\/produkt\/krbovekachleheinbaraccaou\/","title":{"rendered":"Romotop Baracca 10 H"},"content":{"rendered":"<h2>HEIN Baracca 10 H<br class=\"avia-permanent-lb\" \/><br class=\"avia-permanent-lb\" \/><\/h2>\n<ul>\n<li>V\u00fd\u0161ka 1749 mm<\/li>\n<li>\u0160\u00edrka 854 mm<\/li>\n<li>H\u013abka 525 mm<\/li>\n<li>V\u00fd\u0161ka dvierok 407 mm<\/li>\n<li>\u0160\u00edrka dvierok 554 mm<\/li>\n<li>Hmotnos\u0165 354 kg<\/li>\n<li>Regulovate\u013en\u00fd v\u00fdkon 3,0-7,7 kW<\/li>\n<li>nomin\u00e1lny v\u00fdkon 5,4 kW<\/li>\n<li>Priemer dymovodu 150 mm<\/li>\n<li>Priemer CPV 125 mm<\/li>\n<li>V\u00fd\u0161ka osi zadn\u00e9ho v\u00fdvodu 1352 mm<\/li>\n<li>\u00da\u010dinnos\u0165 86,0 %<\/li>\n<li>Priemern\u00e1 spotreba dreva 1,6 kg\/h <br class=\"avia-permanent-lb\" \/><br class=\"avia-permanent-lb\" \/><\/li>\n<\/ul>\n<p><strong>Popis<\/strong><\/p>\n<ul>\n<li>vo\u013ene stojaci keramick\u00fd akumula\u010dn\u00fd krb<\/li>\n<li>akumula\u010dn\u00e9 tvarovky z materi\u00e1lu MAMMOTH zais\u0165uj\u00fa vysok\u00fa akumul\u00e1ciu a n\u00e1sledn\u00e9 vy\u017earovanie tepla do miestnosti, aj nieko\u013eko hod\u00edn po dohoren\u00ed paliva<\/li>\n<li>celkov\u00e1 hmotnos\u0165 sad akumula\u010dn\u00fdch tvaroviek dosahuje a\u017e 110 kg.<\/li>\n<li>ve\u013ek\u00e9 dizajnov\u00e9 presklenie zaru\u010duj\u00face pr\u00edjemn\u00fd poh\u013ead do oh\u0148a<\/li>\n<li>r\u00fdchla a presn\u00e1 regul\u00e1cia prim\u00e1rneho a sekund\u00e1rneho vzduchu jedin\u00fdm ovl\u00e1dac\u00edm prvkom<\/li>\n<li>\u010dist\u00e9 sklo v\u010faka pr\u00edvodu sekund\u00e1rneho vzduchu, tzv. oplach proti usadzovaniu ne\u010dist\u00f4t, pri pou\u017eit\u00ed odpor\u00fa\u010dan\u00e9ho paliva<\/li>\n<li>CPV &#8211; centr\u00e1lny pr\u00edvod vzduchu z exteri\u00e9ru, mo\u017enos\u0165 vyu\u017eitia pr\u00edslu\u0161enstvo &#8211; automatickej regul\u00e1cie po\u010das horenia<\/li>\n<li>\u00da\u010dinn\u00fd sp\u00f4sob vykurovania, kombin\u00e1cia teplovzdu\u0161n\u00e9ho a akumula\u010dn\u00e9ho sp\u00f4sobu vykurovania<\/li>\n<li>dvojit\u00e9 sklo krbu zaru\u010duje bezpe\u010dnos\u0165 a komfort. Keramick\u00e9 akumula\u010dn\u00e9 krby BARACCA s\u00fa vhodn\u00e9 aj pre n\u00edzkoenergetick\u00e9 domy<\/li>\n<li>spa\u013eovacia komora je vylo\u017een\u00e1 \u0161amotov\u00fdmi tvarovkami, v \u0161tandardnom preveden\u00ed s ro\u0161tom s mo\u017enos\u0165ou zmeny na variant bez ro\u0161tu<\/li>\n<li>v\u00fdstup spal\u00edn je \u0161tandardne mo\u017en\u00fd horn\u00fdm alebo zadn\u00fdm odvodom<\/li>\n<\/ul>\n","protected":false},"excerpt":{"rendered":"<p>Keramick\u00fd kach\u013eov\u00fd krb s akumul\u00e1ciou.<\/p>\n","protected":false},"featured_media":4809,"comment_status":"open","ping_status":"closed","template":"","meta":[],"product_brand":[],"product_cat":[201,206,267,269],"product_tag":[],"class_list":{"0":"post-2603","1":"product","2":"type-product","3":"status-publish","4":"has-post-thumbnail","6":"product_cat-krbove-kachle","7":"product_cat-romotop","8":"product_cat-keramickekachlovepeceromotop","9":"product_cat-salave-krby-a-kachle","11":"first","12":"onbackorder","13":"sale","14":"taxable","15":"shipping-taxable","16":"purchasable","17":"product-type-simple"},"_links":{"self":[{"href":"https:\/\/flamaecol.sk\/en\/wp-json\/wp\/v2\/product\/2603","targetHints":{"allow":["GET"]}}],"collection":[{"href":"https:\/\/flamaecol.sk\/en\/wp-json\/wp\/v2\/product"}],"about":[{"href":"https:\/\/flamaecol.sk\/en\/wp-json\/wp\/v2\/types\/product"}],"replies":[{"embeddable":true,"href":"https:\/\/flamaecol.sk\/en\/wp-json\/wp\/v2\/comments?post=2603"}],"wp:featuredmedia":[{"embeddable":true,"href":"https:\/\/flamaecol.sk\/en\/wp-json\/wp\/v2\/media\/4809"}],"wp:attachment":[{"href":"https:\/\/flamaecol.sk\/en\/wp-json\/wp\/v2\/media?parent=2603"}],"wp:term":[{"taxonomy":"product_brand","embeddable":true,"href":"https:\/\/flamaecol.sk\/en\/wp-json\/wp\/v2\/product_brand?post=2603"},{"taxonomy":"product_cat","embeddable":true,"href":"https:\/\/flamaecol.sk\/en\/wp-json\/wp\/v2\/product_cat?post=2603"},{"taxonomy":"product_tag","embeddable":true,"href":"https:\/\/flamaecol.sk\/en\/wp-json\/wp\/v2\/product_tag?post=2603"}],"curies":[{"name":"wp","href":"https:\/\/api.w.org\/{rel}","templated":true}]}}