{"id":2476,"date":"2015-03-12T17:42:52","date_gmt":"2015-03-12T15:42:52","guid":{"rendered":"https:\/\/flamaecol.sk\/produkt\/krbovavlozkathormaalmeria-2\/"},"modified":"2025-01-14T13:40:57","modified_gmt":"2025-01-14T11:40:57","slug":"krbovavlozkathormaalmeria-2","status":"publish","type":"product","link":"https:\/\/flamaecol.sk\/en\/produkt\/krbovavlozkathormaalmeria-2\/","title":{"rendered":"Almeria"},"content":{"rendered":"<h3>Krbov\u00e1 vlo\u017eka Thorma Almeria&nbsp;<\/h3>\n<p>Menovit\u00fd v\u00fdkon :&nbsp;8kW<\/p>\n<p>Regula\u010dn\u00fd rozsah tepeln\u00e9ho v\u00fdkonu :4 -12kW<\/p>\n<p>\u00da\u010dinnos\u0165 : 82%<\/p>\n<p>V\u00fdhrevnos\u0165 :98 &#8211; 190m3<\/p>\n<p>Palivo :drevo<span class=\"Apple-tab-span\" style=\"white-space:pre\">\t<\/span>,hnedouho\u013en\u00e9 brikety<span class=\"Apple-tab-span\" style=\"white-space: pre;\">\t<\/span><\/p>\n<p>Rozmery (v,\u0161,h) :785\u00d7600\u00d7400mm<\/p>\n<p>Extern\u00fd pr\u00edvod vzduchu<span class=\"Apple-tab-span\" style=\"white-space:pre\">\t<\/span>&nbsp;: 100mm<\/p>\n<p>Priemer dymov\u00e9ho hrdla :150mm<\/p>\n<p>Napojenie hrdla horn\u00e9<span class=\"Apple-tab-span\" style=\"white-space:pre\">\t<\/span><\/p>\n<p>Hmotnos\u0165 netto:&nbsp;65kg<\/p>\n<p>Hmotnos\u0165 brutto : 75kg<\/p>\n<p>Hmotnostn\u00fd tok spal\u00edn &#8211; drevo :&nbsp;6,1g\/s<\/p>\n<p>Hmotnostn\u00fd tok spal\u00edn &#8211; hnedouho\u013en\u00e9 brikety:&nbsp;10 g\/s<\/p>\n<p>\u0164ah kom\u00edna :10 Pa<\/p>\n<p>Sp\u013a\u0148a normy : CE,\u00a715a B-VG, BlmSchV 2, Regensburg, M\u00fcnchen,PTC<\/p>\n<p><\/p>\n","protected":false},"excerpt":{"rendered":"<p>Krbov\u00e1 vlo\u017eka Thorma Almeria&nbsp; Menovit\u00fd v\u00fdkon :&nbsp;8kW Regula\u010dn\u00fd rozsah tepeln\u00e9ho v\u00fdkonu :4 -12kW \u00da\u010dinnos\u0165 : 82% V\u00fdhrevnos\u0165 :98 &#8211; 190m3 Palivo :drevo ,hnedouho\u013en\u00e9 brikety Rozmery (v,\u0161,h) :785\u00d7600\u00d7400mm Extern\u00fd pr\u00edvod vzduchu &nbsp;: 100mm Priemer dymov\u00e9ho hrdla :150mm Napojenie hrdla horn\u00e9 Hmotnos\u0165 netto:&nbsp;65kg Hmotnos\u0165 brutto : 75kg Hmotnostn\u00fd tok spal\u00edn &#8211; drevo :&nbsp;6,1g\/s Hmotnostn\u00fd tok spal\u00edn &#8211; [&hellip;]<\/p>\n","protected":false},"featured_media":2464,"comment_status":"open","ping_status":"closed","template":"","meta":[],"product_brand":[],"product_cat":[222,229],"product_tag":[],"class_list":{"0":"post-2476","1":"product","2":"type-product","3":"status-publish","4":"has-post-thumbnail","6":"product_cat-krbove-vlozky","7":"product_cat-thorma-krbove-vlozky","9":"first","10":"onbackorder","11":"taxable","12":"shipping-taxable","13":"purchasable","14":"product-type-simple"},"_links":{"self":[{"href":"https:\/\/flamaecol.sk\/en\/wp-json\/wp\/v2\/product\/2476","targetHints":{"allow":["GET"]}}],"collection":[{"href":"https:\/\/flamaecol.sk\/en\/wp-json\/wp\/v2\/product"}],"about":[{"href":"https:\/\/flamaecol.sk\/en\/wp-json\/wp\/v2\/types\/product"}],"replies":[{"embeddable":true,"href":"https:\/\/flamaecol.sk\/en\/wp-json\/wp\/v2\/comments?post=2476"}],"wp:featuredmedia":[{"embeddable":true,"href":"https:\/\/flamaecol.sk\/en\/wp-json\/wp\/v2\/media\/2464"}],"wp:attachment":[{"href":"https:\/\/flamaecol.sk\/en\/wp-json\/wp\/v2\/media?parent=2476"}],"wp:term":[{"taxonomy":"product_brand","embeddable":true,"href":"https:\/\/flamaecol.sk\/en\/wp-json\/wp\/v2\/product_brand?post=2476"},{"taxonomy":"product_cat","embeddable":true,"href":"https:\/\/flamaecol.sk\/en\/wp-json\/wp\/v2\/product_cat?post=2476"},{"taxonomy":"product_tag","embeddable":true,"href":"https:\/\/flamaecol.sk\/en\/wp-json\/wp\/v2\/product_tag?post=2476"}],"curies":[{"name":"wp","href":"https:\/\/api.w.org\/{rel}","templated":true}]}}