{"id":2171,"date":"2015-03-08T20:36:37","date_gmt":"2015-03-08T18:36:37","guid":{"rendered":"https:\/\/flamaecol.sk\/produkt\/kryci-ramik-2\/"},"modified":"2015-03-08T20:36:37","modified_gmt":"2015-03-08T18:36:37","slug":"kryci-ramik-2","status":"publish","type":"product","link":"https:\/\/flamaecol.sk\/en\/produkt\/kryci-ramik-2\/","title":{"rendered":"Kryc\u00ed r\u00e1mik"},"content":{"rendered":"<p>Kryc\u00ed r\u00e1mik zvy\u0161uje estetick\u00fa \u00farove\u0148 a prekr\u00fdva dilata\u010dn\u00e9 tesnenie okolo krbovej vlo\u017eky.<\/p>\n<p>Vyr\u00e1ba sa v preveden\u00ed oce\u013e\/nerez (br\u00fasen\u00e1).<\/p>\n<p>Je dostupn\u00fd pre krbov\u00e9 vlo\u017eky CH, \u010e, M, B v tvarovom preveden\u00ed \u201cA, B, C\u201c a rozmerovom preveden\u00ed 2S, 3S, 4S.<\/p>\n<p>Cena pod\u013ea typu krbovej vlo\u017eky a port\u00e1lu . Cenn\u00edk je v obr\u00e1zkoch.<\/p>\n","protected":false},"excerpt":{"rendered":"<p>Kryc\u00ed r\u00e1mik zvy\u0161uje estetick\u00fa \u00farove\u0148 a prekr\u00fdva dilata\u010dn\u00e9 tesnenie okolo krbovej vlo\u017eky. Vyr\u00e1ba sa v preveden\u00ed oce\u013e\/nerez (br\u00fasen\u00e1). Je dostupn\u00fd pre krbov\u00e9 vlo\u017eky CH, \u010e, M, B v tvarovom preveden\u00ed \u201cA, B, C\u201c a rozmerovom preveden\u00ed 2S, 3S, 4S. Cena pod\u013ea typu krbovej vlo\u017eky a port\u00e1lu . Cenn\u00edk je v obr\u00e1zkoch.<\/p>\n","protected":false},"featured_media":2149,"comment_status":"open","ping_status":"closed","template":"","meta":[],"product_brand":[],"product_cat":[226,231],"product_tag":[],"class_list":{"0":"post-2171","1":"product","2":"type-product","3":"status-publish","4":"has-post-thumbnail","6":"product_cat-kobok","7":"product_cat-kobok-doplnky","9":"first","10":"onbackorder","11":"taxable","12":"shipping-taxable","13":"purchasable","14":"product-type-simple"},"_links":{"self":[{"href":"https:\/\/flamaecol.sk\/en\/wp-json\/wp\/v2\/product\/2171","targetHints":{"allow":["GET"]}}],"collection":[{"href":"https:\/\/flamaecol.sk\/en\/wp-json\/wp\/v2\/product"}],"about":[{"href":"https:\/\/flamaecol.sk\/en\/wp-json\/wp\/v2\/types\/product"}],"replies":[{"embeddable":true,"href":"https:\/\/flamaecol.sk\/en\/wp-json\/wp\/v2\/comments?post=2171"}],"wp:featuredmedia":[{"embeddable":true,"href":"https:\/\/flamaecol.sk\/en\/wp-json\/wp\/v2\/media\/2149"}],"wp:attachment":[{"href":"https:\/\/flamaecol.sk\/en\/wp-json\/wp\/v2\/media?parent=2171"}],"wp:term":[{"taxonomy":"product_brand","embeddable":true,"href":"https:\/\/flamaecol.sk\/en\/wp-json\/wp\/v2\/product_brand?post=2171"},{"taxonomy":"product_cat","embeddable":true,"href":"https:\/\/flamaecol.sk\/en\/wp-json\/wp\/v2\/product_cat?post=2171"},{"taxonomy":"product_tag","embeddable":true,"href":"https:\/\/flamaecol.sk\/en\/wp-json\/wp\/v2\/product_tag?post=2171"}],"curies":[{"name":"wp","href":"https:\/\/api.w.org\/{rel}","templated":true}]}}