{"id":2148,"date":"2015-03-08T18:57:40","date_gmt":"2015-03-08T16:57:40","guid":{"rendered":"https:\/\/flamaecol.sk\/produkt\/sklomoderndruhesklo\/"},"modified":"2015-03-08T18:57:40","modified_gmt":"2015-03-08T16:57:40","slug":"sklomoderndruhesklo","status":"publish","type":"product","link":"https:\/\/flamaecol.sk\/en\/produkt\/sklomoderndruhesklo\/","title":{"rendered":"Sklo SM, DS, DSM"},"content":{"rendered":"<p>Krbov\u00e1 vlo\u017eka so sklom modern (SM)z\u00edskava modern\u00fd vzh\u013ead .<\/p>\n<p>S druh\u00fdm presklen\u00edm (DS,DSM) zn\u00ed\u017euje podiel s\u00e1lav\u00e9ho tepla do priestoru a opticky zv\u00e4\u010d\u0161uje prieh\u013eadnos\u0165 dvierok. Krbov\u00e1 vlo\u017eka dost\u00e1va modern\u00fd v\u00fdraz.<\/p>\n<p>Cena pod\u013ea typu krbovej vlo\u017eky a port\u00e1lu . Cenn\u00edk je v obr\u00e1zkoch.<\/p>\n","protected":false},"excerpt":{"rendered":"<p>Krbov\u00e1 vlo\u017eka so sklom modern (SM)z\u00edskava modern\u00fd vzh\u013ead . S druh\u00fdm presklen\u00edm (DS,DSM) zn\u00ed\u017euje podiel s\u00e1lav\u00e9ho tepla do priestoru a opticky zv\u00e4\u010d\u0161uje prieh\u013eadnos\u0165 dvierok. Krbov\u00e1 vlo\u017eka dost\u00e1va modern\u00fd v\u00fdraz. Cena pod\u013ea typu krbovej vlo\u017eky a port\u00e1lu . Cenn\u00edk je v obr\u00e1zkoch.<\/p>\n","protected":false},"featured_media":2137,"comment_status":"open","ping_status":"closed","template":"","meta":[],"product_brand":[],"product_cat":[226,231],"product_tag":[],"class_list":{"0":"post-2148","1":"product","2":"type-product","3":"status-publish","4":"has-post-thumbnail","6":"product_cat-kobok","7":"product_cat-kobok-doplnky","9":"first","10":"onbackorder","11":"taxable","12":"shipping-taxable","13":"purchasable","14":"product-type-simple"},"_links":{"self":[{"href":"https:\/\/flamaecol.sk\/en\/wp-json\/wp\/v2\/product\/2148","targetHints":{"allow":["GET"]}}],"collection":[{"href":"https:\/\/flamaecol.sk\/en\/wp-json\/wp\/v2\/product"}],"about":[{"href":"https:\/\/flamaecol.sk\/en\/wp-json\/wp\/v2\/types\/product"}],"replies":[{"embeddable":true,"href":"https:\/\/flamaecol.sk\/en\/wp-json\/wp\/v2\/comments?post=2148"}],"wp:featuredmedia":[{"embeddable":true,"href":"https:\/\/flamaecol.sk\/en\/wp-json\/wp\/v2\/media\/2137"}],"wp:attachment":[{"href":"https:\/\/flamaecol.sk\/en\/wp-json\/wp\/v2\/media?parent=2148"}],"wp:term":[{"taxonomy":"product_brand","embeddable":true,"href":"https:\/\/flamaecol.sk\/en\/wp-json\/wp\/v2\/product_brand?post=2148"},{"taxonomy":"product_cat","embeddable":true,"href":"https:\/\/flamaecol.sk\/en\/wp-json\/wp\/v2\/product_cat?post=2148"},{"taxonomy":"product_tag","embeddable":true,"href":"https:\/\/flamaecol.sk\/en\/wp-json\/wp\/v2\/product_tag?post=2148"}],"curies":[{"name":"wp","href":"https:\/\/api.w.org\/{rel}","templated":true}]}}