{"id":1959,"date":"2015-03-05T21:11:45","date_gmt":"2015-03-05T19:11:45","guid":{"rendered":"https:\/\/flamaecol.sk\/produkt\/krbovavlozkalanordicamonobok1000plane-2\/"},"modified":"2025-01-29T12:04:48","modified_gmt":"2025-01-29T10:04:48","slug":"krbovavlozkalanordicamonobok1000plane-2","status":"publish","type":"product","link":"https:\/\/flamaecol.sk\/en\/produkt\/krbovavlozkalanordicamonobok1000plane-2\/","title":{"rendered":"La Nordica Monoblocco 1000 EVO"},"content":{"rendered":"<h2>Krbov\u00e1 vlo\u017eka La Nordica Monoblocco 1000 EVO<\/h2>\n<div><\/div>\n<div>Krbov\u00e1 vlo\u017eka m\u00e1 \u0161irok\u00e9 presklenie 1 m a oproti star\u0161ej variante vy\u0161\u0161ie sklo, ktor\u00e9 umo\u017e\u0148uje si v plnej kr\u00e1se vychutna\u0165 plamene v celej ich d\u013a\u017eke.<\/div>\n<div>Spracovanie otv\u00e1racieho mechanizmu je prec\u00edzne, otv\u00e1ranie je plynul\u00e9 a \u013eahk\u00e9. <br class=\"avia-permanent-lb\" \/><br class=\"avia-permanent-lb\" \/><\/div>\n<div>Hoci sa jedn\u00e1 o tak ve\u013ek\u00fa vlo\u017eku je v\u00fdkon len 10 kW s malou spotrebou len 3,4 kg za hodinu.<\/div>\n<div>K obostavaniu vlo\u017eky je mo\u017en\u00e9 zak\u00fapi\u0165 \u010dierny oce\u013eov\u00fd r\u00e1m, ktor\u00fd zakryje dilata\u010dn\u00e9 medzery.<\/div>\n<div>Hi Tech ohnisko &#8211; v hornej \u010dasti m\u00e1 ohnisko \u0161peci\u00e1lne bet\u00f3ny s odolnos\u0165ou 1200 \u00b0 C a trojz\u00f3nov\u00fdm horen\u00edm.<\/div>\n<div>Trojit\u00e9 spa\u013eovanie s regul\u00e1ciou prim\u00e1rneho a sekund\u00e1rneho vzduchu, terci\u00e1lny pevne nastaven\u00fd. <br class=\"avia-permanent-lb\" \/><br class=\"avia-permanent-lb\" \/><\/div>\n<div><\/div>\n<div>Kon\u0161trukcia:<\/div>\n<div>Monobloky &#8211; krbov\u00e9 vlo\u017eky najvy\u0161\u0161ej kateg\u00f3rie s v\u00fdsuvom skla hore a integrovan\u00fdm teplovzdu\u0161n\u00fdm pl\u00e1\u0161\u0165om pre vykurovanie a\u017e 4 susedn\u00fdch miestnost\u00ed. Ve\u013ek\u00fd v\u00fdber rozmerov do \u0161\u00edrky, v\u00fdkonov, zagu\u013eateniu skla alebo rohov\u00fdch &#8211; to v\u0161etko n\u00e1jdete v tejto v\u00fdrobnej rade. <br class=\"avia-permanent-lb\" \/><br class=\"avia-permanent-lb\" \/><\/div>\n<div><\/div>\n<div><strong>TECHNICK\u00c9 PARAMETRE<\/strong><\/div>\n<div>Menovit\u00fd v\u00fdkon do vzduchu: 10 kW<\/div>\n<div>Rozsah v\u00fdkonu (kW) 6 \u2013 18<\/div>\n<div>Maxim\u00e1lna hodinov\u00e1 spotreba dreva: 3,4 kg \/ h<\/div>\n<div>Priemer dymovodu: 200 mm<\/div>\n<div>V\u00fdvod dymovodu: Horn\u00e9<\/div>\n<div>\u00da\u010dinnos\u0165: 85,6%<\/div>\n<div>Hmotnos\u0165: 292 kg<\/div>\n<div>V\u00fdhrevnos\u0165 priestoru pri zateplen\u00ed 50W \/ 1m\u00b3: 352 m\u00b3<\/div>\n<div>Priemer r\u00fary pre pr\u00edvod extern\u00e9ho vzduchu: 100 mm<\/div>\n<div>V\u00fd\u0161ka: 1512 mm<\/div>\n<div>\u0160\u00edrka: 1136 mm<\/div>\n<div>H\u013abka: 597 mm<\/div>\n<div>Typ spa\u013eovania: Trojstup\u0148ov\u00e9<\/div>\n<div>Obklad: Dvojit\u00e9 opl\u00e1\u0161tenie &#8211; Pozinkovan\u00fd plech<\/div>\n<div>Kon\u0161trukcie spa\u013eovacieho priestoru: Liatina \/ Nordiker<\/div>\n<div>Typ ro\u0161tu: Pevn\u00fd<\/div>\n<div>Popoln\u00edk: Vyberate\u013en\u00fd<\/div>\n<div>Ve\u013ekos\u0165 polien: 500 mm<\/div>\n<div>Rozmer vstupn\u00e9ho otvoru do spa\u013eovacieho priestoru: 833&#215;234 mm<\/div>\n<div>Rozmery spa\u013eovacieho priestoru: 350x840x340 mm<\/div>\n<div>Prenos tepla: tepl\u00fdm vzduchom priechodom vlo\u017ekou<\/div>\n","protected":false},"excerpt":{"rendered":"<p>Kon\u0161trukcia ohniska krbovej vlo\u017eky je liatinov\u00e1 s keramick\u00fdmi doskami Nordiker.<\/p>\n","protected":false},"featured_media":1947,"comment_status":"closed","ping_status":"closed","template":"","meta":[],"product_brand":[],"product_cat":[222,227],"product_tag":[],"class_list":{"0":"post-1959","1":"product","2":"type-product","3":"status-publish","4":"has-post-thumbnail","6":"product_cat-krbove-vlozky","7":"product_cat-nordica-krbove-vlozky","9":"first","10":"instock","11":"sale","12":"taxable","13":"shipping-taxable","14":"purchasable","15":"product-type-simple"},"_links":{"self":[{"href":"https:\/\/flamaecol.sk\/en\/wp-json\/wp\/v2\/product\/1959","targetHints":{"allow":["GET"]}}],"collection":[{"href":"https:\/\/flamaecol.sk\/en\/wp-json\/wp\/v2\/product"}],"about":[{"href":"https:\/\/flamaecol.sk\/en\/wp-json\/wp\/v2\/types\/product"}],"replies":[{"embeddable":true,"href":"https:\/\/flamaecol.sk\/en\/wp-json\/wp\/v2\/comments?post=1959"}],"wp:featuredmedia":[{"embeddable":true,"href":"https:\/\/flamaecol.sk\/en\/wp-json\/wp\/v2\/media\/1947"}],"wp:attachment":[{"href":"https:\/\/flamaecol.sk\/en\/wp-json\/wp\/v2\/media?parent=1959"}],"wp:term":[{"taxonomy":"product_brand","embeddable":true,"href":"https:\/\/flamaecol.sk\/en\/wp-json\/wp\/v2\/product_brand?post=1959"},{"taxonomy":"product_cat","embeddable":true,"href":"https:\/\/flamaecol.sk\/en\/wp-json\/wp\/v2\/product_cat?post=1959"},{"taxonomy":"product_tag","embeddable":true,"href":"https:\/\/flamaecol.sk\/en\/wp-json\/wp\/v2\/product_tag?post=1959"}],"curies":[{"name":"wp","href":"https:\/\/api.w.org\/{rel}","templated":true}]}}