{"id":1949,"date":"2015-03-05T21:04:45","date_gmt":"2015-03-05T19:04:45","guid":{"rendered":"https:\/\/flamaecol.sk\/produkt\/krbovavlozkalanordicamonoblok800rohova-3\/"},"modified":"2025-01-29T11:34:56","modified_gmt":"2025-01-29T09:34:56","slug":"krbovavlozkalanordicamonoblok800rohova-3","status":"publish","type":"product","link":"https:\/\/flamaecol.sk\/en\/produkt\/krbovavlozkalanordicamonoblok800rohova-3\/","title":{"rendered":"La Nordica Monoblocco 800 rohov\u00e1"},"content":{"rendered":"<h2>Krbov\u00e1 vlo\u017eka La Nordica Monoblocco 800 rohov\u00e1<\/h2>\n<div><\/div>\n<div>Ve\u013emi \u017eiadan\u00e1 rohov\u00e1 vlo\u017eka m\u00e1 \u0161\u00edrku skla 80 cm a bo\u010dn\u00e9 presklenie 50 cm. Optimaliz\u00e1ciou kon\u0161trukcia je v\u00fdkon len 10 kW.<br class=\"avia-permanent-lb\" \/>\n<\/div>\n<div>\u0160peci\u00e1lna uhl\u00edkov\u00e1 oce\u013e o sile 5 a\u017e 6 mm je dlhodobo odoln\u00e1 vo\u010di vysok\u00fdm teplot\u00e1m a prakticky je za prev\u00e1dzky nezni\u010dite\u013en\u00e1. <br class=\"avia-permanent-lb\" \/>Aby sa pre horenie zv\u00fd\u0161ila teplota spa\u013eovania je vn\u00fatorn\u00e1 \u010das\u0165 z liatiny a \u017eiaruodoln\u00fdch bet\u00f3nov NORDIKER. <br class=\"avia-permanent-lb\" \/><br class=\"avia-permanent-lb\" \/>Pr\u00e1ve t\u00e1to \u010das\u0165 je najviac mechanicky nam\u00e1han\u00e1 pri prikladan\u00ed a dobre vytv\u00e1ra a udr\u017euje \u017eerav\u00fa vrstvu potrebn\u00fa pre kvalitn\u00fd horenie. <br class=\"avia-permanent-lb\" \/><br class=\"avia-permanent-lb\" \/>S\u00fa mas\u00edvne a maj\u00fa \u017eiarovou odolnos\u0165 a\u017e 1200 \u00b0 C s vysokou akumul\u00e1ciou.<\/div>\n<div><\/div>\n<div>Tieto dosky s\u00fa 5 a\u017e 6 cm hrub\u00e9 a s\u00fa do ohniska vlo\u017een\u00e9 vo\u013ene, tak\u017ee je obmedzen\u00e9 praskanie vplyvom roz\u0165a\u017enosti.<\/div>\n<div><br class=\"avia-permanent-lb\" \/>\n<\/div>\n<div><strong>TECHNICK\u00c9 PARAMETRE<\/strong><\/div>\n<div><\/div>\n<div>Menovit\u00fd v\u00fdkon do vzduchu: 10 kW<\/div>\n<div>Maxim\u00e1lna hodinov\u00e1 spotreba dreva: 2,9 kg \/ h<\/div>\n<div>Priemer dymovodu: 200 mm<\/div>\n<div>V\u00fdvod dymovodu: Horn\u00e9<\/div>\n<div>\u00da\u010dinnos\u0165: 80,9%<\/div>\n<div>Hmotnos\u0165: 271 kg<\/div>\n<div>V\u00fdhrevnos\u0165 priestoru pri zateplen\u00ed 50W \/ 1m\u00b3: 287 m\u00b3<\/div>\n<div>Priemer r\u00fary pre pr\u00edvod extern\u00e9ho vzduchu: 200<\/div>\n<div>V\u00fd\u0161ka: 1570-1605 mm<\/div>\n<div>\u0160\u00edrka: 879 mm<\/div>\n<div>H\u013abka: 612 mm<\/div>\n<div>Typ spa\u013eovania: Trojstup\u0148ov\u00e9<\/div>\n<div>Obklad: Dvojit\u00e9 opl\u00e1\u0161tenie &#8211; Pozinkovan\u00fd plech<\/div>\n<div>Kon\u0161trukcie spa\u013eovacieho priestoru: Liatina \/ NORDIKER<\/div>\n<div>Typ ro\u0161tu: Pevn\u00fd<\/div>\n<div>Popoln\u00edk: Vyberate\u013en\u00fd<\/div>\n<div>Ve\u013ekos\u0165 polien: 500 mm<\/div>\n<div>Rozmer vstupn\u00e9ho otvoru do spa\u013eovacieho priestoru: 698&#215;250 mm<\/div>\n<div>Rozmery spa\u013eovacieho priestoru: 676x620x373 mm<\/div>\n<div>Prenos tepla: teplovzdu\u0161n\u00e9 pr\u00fadenie a s\u00e1lanie cez sklo<\/div>\n","protected":false},"excerpt":{"rendered":"<p>Kon\u0161trukcia krbovej vlo\u017eky je zo \u0161pecialnej uhl\u00edkovej ocele o sile 5 a\u017e 6 mm. \u0160peci\u00e1lna uhl\u00edkov\u00e1 oce\u013e je dlhodobo odoln\u00e1 vo\u010di vysok\u00fdm teplot\u00e1m a prakticky je za prev\u00e1dzky nezni\u010dite\u013en\u00e1.<\/p>\n","protected":false},"featured_media":4684,"comment_status":"open","ping_status":"closed","template":"","meta":[],"product_brand":[],"product_cat":[222,227],"product_tag":[],"class_list":{"0":"post-1949","1":"product","2":"type-product","3":"status-publish","4":"has-post-thumbnail","6":"product_cat-krbove-vlozky","7":"product_cat-nordica-krbove-vlozky","9":"first","10":"instock","11":"taxable","12":"shipping-taxable","13":"purchasable","14":"product-type-simple"},"_links":{"self":[{"href":"https:\/\/flamaecol.sk\/en\/wp-json\/wp\/v2\/product\/1949","targetHints":{"allow":["GET"]}}],"collection":[{"href":"https:\/\/flamaecol.sk\/en\/wp-json\/wp\/v2\/product"}],"about":[{"href":"https:\/\/flamaecol.sk\/en\/wp-json\/wp\/v2\/types\/product"}],"replies":[{"embeddable":true,"href":"https:\/\/flamaecol.sk\/en\/wp-json\/wp\/v2\/comments?post=1949"}],"wp:featuredmedia":[{"embeddable":true,"href":"https:\/\/flamaecol.sk\/en\/wp-json\/wp\/v2\/media\/4684"}],"wp:attachment":[{"href":"https:\/\/flamaecol.sk\/en\/wp-json\/wp\/v2\/media?parent=1949"}],"wp:term":[{"taxonomy":"product_brand","embeddable":true,"href":"https:\/\/flamaecol.sk\/en\/wp-json\/wp\/v2\/product_brand?post=1949"},{"taxonomy":"product_cat","embeddable":true,"href":"https:\/\/flamaecol.sk\/en\/wp-json\/wp\/v2\/product_cat?post=1949"},{"taxonomy":"product_tag","embeddable":true,"href":"https:\/\/flamaecol.sk\/en\/wp-json\/wp\/v2\/product_tag?post=1949"}],"curies":[{"name":"wp","href":"https:\/\/api.w.org\/{rel}","templated":true}]}}