{"id":1912,"date":"2015-03-05T15:24:06","date_gmt":"2015-03-05T13:24:06","guid":{"rendered":"https:\/\/flamaecol.sk\/produkt\/la-nordica-insert-80-crystal-s-vetnilatorom-3\/"},"modified":"2025-01-28T14:19:56","modified_gmt":"2025-01-28T12:19:56","slug":"la-nordica-insert-80-crystal-s-vetnilatorom-3","status":"publish","type":"product","link":"https:\/\/flamaecol.sk\/en\/produkt\/la-nordica-insert-80-crystal-s-vetnilatorom-3\/","title":{"rendered":"La Nordica Insert 80 Crystal EVO 2.0 Ventilato"},"content":{"rendered":"<h2>La Nordica Insert 80 Crystal EVO s vetnil\u00e1torom<\/h2>\n<div><\/div>\n<ul>\n<li>\u0161irok\u00e1 spa\u013eovacia komora<\/li>\n<li>elektronick\u00e1 regul\u00e1cia ot\u00e1\u010dok<\/li>\n<li>teplotn\u00fd sn\u00edma\u010d pre automatick\u00fa regul\u00e1ciu ventil\u00e1tora<\/li>\n<li>mas\u00edvna liatinov\u00e1 kon\u0161trukcia<\/li>\n<li>odoln\u00e1 keramick\u00e1 v\u00fdmurovka ohniska Nordiker<\/li>\n<li>celo-liatinov\u00e9 dno ohniska<\/li>\n<li>integrovan\u00e9 dva ventil\u00e1tory<\/li>\n<li>mo\u017enos\u0165 rozvodu hor\u00faceho vzduchu<\/li>\n<li>dvojpl\u00e1\u0161\u0165ov\u00e1 kon\u0161trukcia <br class=\"avia-permanent-lb\" \/><br class=\"avia-permanent-lb\" \/><\/li>\n<\/ul>\n<div><strong>TECHNICK\u00c9 PARAMETRE<\/strong><\/div>\n<div>Menovit\u00fd v\u00fdkon do vzduchu: 7,4 kW<\/div>\n<div>Rozsah v\u00fdkonu (kW) 5 \u2013 10<\/div>\n<div>Maxim\u00e1lna hodinov\u00e1 spotreba dreva: 2,1 kg \/ h<\/div>\n<div>Priemer dymovodu: 160 mm<\/div>\n<div>V\u00fdvod dymovodu: Horn\u00e9<\/div>\n<div>\u00da\u010dinnos\u0165: 83,9%<\/div>\n<div>Hmotnos\u0165: 130 kg<\/div>\n<div>V\u00fdhrevnos\u0165 priestoru pri zateplen\u00ed 50W \/ 1m\u00b3: 212 m\u00b3<\/div>\n<div>Priemer r\u00fary pre pr\u00edvod extern\u00e9ho vzduchu: premer 120mm<\/div>\n<div>V\u00fd\u0161ka: 555 mm<\/div>\n<div>\u0160\u00edrka: 800 mm<\/div>\n<div>H\u013abka: 500 mm<\/div>\n<div>Typ spa\u013eovania: Dvojstup\u0148ov\u00e9<\/div>\n<div>Obklad: Oce\u013eov\u00fd pl\u00e1\u0161\u0165<\/div>\n<div>Kon\u0161trukcie spa\u013eovacieho priestoru: Liatina \/ IRONKER<\/div>\n<div>Typ ro\u0161tu: Pevn\u00fd<\/div>\n<div>Popoln\u00edk: Vyberate\u013en\u00fd<\/div>\n<div>Ve\u013ekos\u0165 polien: 500 mm<\/div>\n<div>Prenos tepla: Teplovzdu\u0161ne<\/div>\n","protected":false},"excerpt":{"rendered":"<p>Odoln\u00e1 keramick\u00e1 v\u00fdmurovka ohniska Nordiker, celo-liatinov\u00e9 dno ohniska, integrovan\u00e9 dva ventil\u00e1tory .<\/p>\n","protected":false},"featured_media":4647,"comment_status":"open","ping_status":"closed","template":"","meta":[],"product_brand":[],"product_cat":[222,227],"product_tag":[],"class_list":{"0":"post-1912","1":"product","2":"type-product","3":"status-publish","4":"has-post-thumbnail","6":"product_cat-krbove-vlozky","7":"product_cat-nordica-krbove-vlozky","9":"first","10":"instock","11":"taxable","12":"shipping-taxable","13":"purchasable","14":"product-type-simple"},"_links":{"self":[{"href":"https:\/\/flamaecol.sk\/en\/wp-json\/wp\/v2\/product\/1912","targetHints":{"allow":["GET"]}}],"collection":[{"href":"https:\/\/flamaecol.sk\/en\/wp-json\/wp\/v2\/product"}],"about":[{"href":"https:\/\/flamaecol.sk\/en\/wp-json\/wp\/v2\/types\/product"}],"replies":[{"embeddable":true,"href":"https:\/\/flamaecol.sk\/en\/wp-json\/wp\/v2\/comments?post=1912"}],"wp:featuredmedia":[{"embeddable":true,"href":"https:\/\/flamaecol.sk\/en\/wp-json\/wp\/v2\/media\/4647"}],"wp:attachment":[{"href":"https:\/\/flamaecol.sk\/en\/wp-json\/wp\/v2\/media?parent=1912"}],"wp:term":[{"taxonomy":"product_brand","embeddable":true,"href":"https:\/\/flamaecol.sk\/en\/wp-json\/wp\/v2\/product_brand?post=1912"},{"taxonomy":"product_cat","embeddable":true,"href":"https:\/\/flamaecol.sk\/en\/wp-json\/wp\/v2\/product_cat?post=1912"},{"taxonomy":"product_tag","embeddable":true,"href":"https:\/\/flamaecol.sk\/en\/wp-json\/wp\/v2\/product_tag?post=1912"}],"curies":[{"name":"wp","href":"https:\/\/api.w.org\/{rel}","templated":true}]}}