{"id":1881,"date":"2015-03-05T14:50:22","date_gmt":"2015-03-05T12:50:22","guid":{"rendered":"https:\/\/flamaecol.sk\/produkt\/la-nordica-insert-70-crystal-s-vetnilatorom-2\/"},"modified":"2025-01-28T15:06:21","modified_gmt":"2025-01-28T13:06:21","slug":"la-nordica-insert-70-crystal-s-vetnilatorom-2","status":"publish","type":"product","link":"https:\/\/flamaecol.sk\/en\/produkt\/la-nordica-insert-70-crystal-s-vetnilatorom-2\/","title":{"rendered":"La Nordica Insert 70 4.0 Ventilato"},"content":{"rendered":"<h2>La Nordica Insert 70 4.0 s ventil\u00e1torom <br class=\"avia-permanent-lb\" \/><br class=\"avia-permanent-lb\" \/><\/h2>\n<ul>\n<li>mas\u00edvna liatinov\u00e1 kon\u0161trukcia<\/li>\n<li>celo-liatinov\u00e9 ohnisko + NORDIKER<\/li>\n<li>\u0161irok\u00e1 spa\u013eovacia komora<\/li>\n<li>vonkaj\u0161\u00ed oce\u013eov\u00fd pozinkovan\u00fd pl\u00e1\u0161\u0165<\/li>\n<li>integrovan\u00e9 dva ventil\u00e1tory<\/li>\n<li>volite\u013en\u00e9 pr\u00edruby pre rozvod tepla<\/li>\n<li>mo\u017enos\u0165 rozvodu hor\u00faceho vzduchu<\/li>\n<li>dvojpl\u00e1\u0161\u0165ov\u00e1 kon\u0161trukcia<\/li>\n<li>elektronick\u00e1 regul\u00e1cia ventil\u00e1torov (5 r\u00fdchlost\u00ed)<\/li>\n<\/ul>\n<div>\u00daplne nov\u00e1 kon\u0161trukcia krbov\u00fdch vlo\u017eiek pon\u00faka nad\u0161tandardn\u00e9 ohnisko s \u010dist\u00fdm optimalizovan\u00fdm spa\u013eovan\u00edm, ktor\u00e9 zaru\u010duje st\u00e1le \u010dist\u00fd poh\u013ead do horiacich plame\u0148ov.<\/div>\n<div>Ako druh\u00fd teplovzdu\u0161n\u00fd pl\u00e1\u0161\u0165 je oce\u013eov\u00e1 1 mm hrub\u00e1 kazeta, kde sa priechodom vzduch ohrieva a vystupuje v hornej \u010dasti vlo\u017eky.<\/div>\n<div>Do \u010fal\u0161\u00edch miestnost\u00ed alebo do poschodia s\u00fa pripraven\u00e9 dva v\u00fdstupy o ve\u013ekosti 150 mm. Dva mal\u00e9 15W ventil\u00e1tory zvy\u0161uj\u00fa mno\u017estvo tepl\u00e9ho vzduchu. Regul\u00e1cia ot\u00e1\u010dok a zapnutie je mo\u017en\u00e9 len po nahriat\u00ed.<\/div>\n<div>Pre vysok\u00fa mechanick\u00fa a \u017eiarovou odolnos\u0165 je ro\u0161t a spodn\u00e1 \u010das\u0165 ohniska z liatiny. Vlastn\u00e9 ohnisko je oblo\u017een\u00e9 doskami siln\u00fdmi 4 a\u017e 5 cm pod n\u00e1zvom NORDIKER\u00ae.<\/div>\n<div><\/div>\n<div><strong>TECHNICK\u00c9 PARAMETRE<\/strong><\/div>\n<div>Menovit\u00fd v\u00fdkon do vzduchu: 7,8 kW<\/div>\n<div>Rozsah v\u00fdkonu: 4-10 kW<\/div>\n<div>Maxim\u00e1lna hodinov\u00e1 spotreba dreva: 2,3 kg \/ h<\/div>\n<div>Priemer dymovodu: 160 mm<\/div>\n<div>V\u00fdvod dymovodu: Horn\u00e9<\/div>\n<div>\u00da\u010dinnos\u0165: 79,1%<\/div>\n<div>Hmotnos\u0165: 142 kg<\/div>\n<div>V\u00fdhrevnos\u0165 priestoru pri zateplen\u00ed 50W \/ 1m\u00b3: 223 m\u00b3<\/div>\n<div>Priemer r\u00fary pre pr\u00edvod extern\u00e9ho vzduchu: Bez priameho napojenia<\/div>\n<div>V\u00fd\u0161ka: 550 mm<\/div>\n<div>\u0160\u00edrka: 695 mm<\/div>\n<div>H\u013abka: 450 mm<\/div>\n<div>Typ spa\u013eovania: Trojstup\u0148ov\u00e9<\/div>\n<div>Obklad: Oce\u013eov\u00fd pl\u00e1\u0161\u0165<\/div>\n<div>Kon\u0161trukcie spa\u013eovacieho priestoru: Liatina \/ NORDIKER<\/div>\n<div>Typ ro\u0161tu: Pevn\u00fd<\/div>\n<div>Popoln\u00edk: Vyberate\u013en\u00fd<\/div>\n<div>Ve\u013ekos\u0165 polien: 300 mm<\/div>\n<div>Prenos tepla: Teplovzdu\u0161ne<\/div>\n<div><\/div>\n","protected":false},"excerpt":{"rendered":"<p>\u00daplne nov\u00e1 kon\u0161trukcia krbov\u00fdch vlo\u017eiek pon\u00faka nad\u0161tandardn\u00e9 ohnisko s \u010dist\u00fdm optimalizovan\u00fdm spa\u013eovan\u00edm.<\/p>\n","protected":false},"featured_media":4667,"comment_status":"open","ping_status":"closed","template":"","meta":[],"product_brand":[],"product_cat":[222,227],"product_tag":[],"class_list":{"0":"post-1881","1":"product","2":"type-product","3":"status-publish","4":"has-post-thumbnail","6":"product_cat-krbove-vlozky","7":"product_cat-nordica-krbove-vlozky","9":"first","10":"instock","11":"taxable","12":"shipping-taxable","13":"purchasable","14":"product-type-simple"},"_links":{"self":[{"href":"https:\/\/flamaecol.sk\/en\/wp-json\/wp\/v2\/product\/1881","targetHints":{"allow":["GET"]}}],"collection":[{"href":"https:\/\/flamaecol.sk\/en\/wp-json\/wp\/v2\/product"}],"about":[{"href":"https:\/\/flamaecol.sk\/en\/wp-json\/wp\/v2\/types\/product"}],"replies":[{"embeddable":true,"href":"https:\/\/flamaecol.sk\/en\/wp-json\/wp\/v2\/comments?post=1881"}],"wp:featuredmedia":[{"embeddable":true,"href":"https:\/\/flamaecol.sk\/en\/wp-json\/wp\/v2\/media\/4667"}],"wp:attachment":[{"href":"https:\/\/flamaecol.sk\/en\/wp-json\/wp\/v2\/media?parent=1881"}],"wp:term":[{"taxonomy":"product_brand","embeddable":true,"href":"https:\/\/flamaecol.sk\/en\/wp-json\/wp\/v2\/product_brand?post=1881"},{"taxonomy":"product_cat","embeddable":true,"href":"https:\/\/flamaecol.sk\/en\/wp-json\/wp\/v2\/product_cat?post=1881"},{"taxonomy":"product_tag","embeddable":true,"href":"https:\/\/flamaecol.sk\/en\/wp-json\/wp\/v2\/product_tag?post=1881"}],"curies":[{"name":"wp","href":"https:\/\/api.w.org\/{rel}","templated":true}]}}