{"id":1859,"date":"2015-03-05T12:05:05","date_gmt":"2015-03-05T10:05:05","guid":{"rendered":"https:\/\/flamaecol.sk\/produkt\/krbovavlozkalanordicalanordicafocolare70piano-2\/"},"modified":"2025-01-28T12:16:54","modified_gmt":"2025-01-28T10:16:54","slug":"krbovavlozkalanordicalanordicafocolare70piano-2","status":"publish","type":"product","link":"https:\/\/flamaecol.sk\/en\/produkt\/krbovavlozkalanordicalanordicafocolare70piano-2\/","title":{"rendered":"La Nordica Focolare 70"},"content":{"rendered":"<h2>La Nordica Focolare 70 Piano<\/h2>\n<div><\/div>\n<div>Krbov\u00e1 vlo\u017eka stoj\u00ed na troch mas\u00edvnych nastavite\u013en\u00fdch no\u017ei\u010dk\u00e1ch.<br class=\"avia-permanent-lb\" \/>Z\u00e1kladn\u00e1 komora je zostaven\u00e1 z liatinov\u00fdch blokov utesnen\u00fdch a spojen\u00fdch svorn\u00edky.<br class=\"avia-permanent-lb\" \/>V zadnej \u010dasti je liatinov\u00e1 doska, ktor\u00e1 chlad\u00ed najviac nam\u00e1han\u00fa \u010das\u0165 ohniska a silne predhrieva terci\u00e1rneho vzduch. <br class=\"avia-permanent-lb\" \/>T\u00e1to kon\u0161trukcia je tak prepracovan\u00e1, \u017ee zatia\u013e nikdy nedo\u0161lo k \u017eiadnemu po\u0161kodeniu! <br class=\"avia-permanent-lb\" \/>Vn\u00fatorn\u00fd povrch dosiek je vr\u00fabkovan\u00fd a zlep\u0161uje proces horenia. Nad ohniskom s\u00fa vidie\u0165 \u010fal\u0161ie dva liatinov\u00e9 diely. Tie maj\u00fa cel\u00fa vn\u00fatorn\u00fa plochu s mal\u00fdmi nieko\u013ek\u00fdmi centimetrov\u00fdmi v\u00fdstupkami. <br class=\"avia-permanent-lb\" \/>Pri poh\u013eade to vyzer\u00e1 ako pichlia\u010de je\u017eka. Toto vytv\u00e1ranie tis\u00edce mal\u00fdch v\u00edrov, brzd\u00ed odch\u00e1dzaj\u00faci plyny a ponech\u00e1va viac tepla vo vn\u00fatri. <br class=\"avia-permanent-lb\" \/>Tie\u017e je tam vstup pre extern\u00fd sekund\u00e1rny vzduch, ktor\u00fd sa t\u00fdm e\u0161te viac ohreje. T\u00fdm je splnen\u00e1 te\u00f3ria, \u017ee ku katalytick\u00e9mu horenia plynov doch\u00e1dza lep\u0161ie ke\u010f sa mie\u0161a s prehriatym kysl\u00edkom. <br class=\"avia-permanent-lb\" \/>Medzi ro\u0161tom kde hor\u00ed drevo a v\u00fdstupom do kom\u00edna s\u00fa vlo\u017een\u00e9 dva nerezov\u00e9 deflektory \u0161peci\u00e1lne vytvarovan\u00e9. <br class=\"avia-permanent-lb\" \/>Napriek tomu \u017ee s\u00fa vystaven\u00e9 trvale vysok\u00fdm teplot\u00e1m, kvalitn\u00fd nerezov\u00fd plech presne zapad\u00e1 do celej kon\u0161trukcie.T\u00e1to pred\u013a\u017een\u00e1 cesta s terci\u00e1rnym vzduchom vytv\u00e1ra dokonal\u00e9 dohorenie plynov, zvy\u0161uj\u00face efekt\u00edvnos\u0165 v celom procese horenia a zabra\u0148uje priamemu vstupu plame\u0148ov do kom\u00edna.<\/div>\n<div><br class=\"avia-permanent-lb\" \/>\n<\/div>\n<div><strong>TECHNICK\u00c9 PARAMETRE<\/strong><\/div>\n<div>Menovit\u00fd v\u00fdkon do vzduchu: 9 kW<\/div>\n<div>Maxim\u00e1lna hodinov\u00e1 spotreba dreva: 2,7 kg \/ h<\/div>\n<div>Priemer dymovodu: 200 mm<\/div>\n<div>V\u00fdvod dymovodu: Horn\u00e9<\/div>\n<div>\u00da\u010dinnos\u0165: 79,7%<\/div>\n<div>Hmotnos\u0165: 142 kg<\/div>\n<div>V\u00fdhrevnos\u0165 priestoru pri zateplen\u00ed 50W \/ 1m\u00b3: 258 m\u00b3<\/div>\n<div>Priemer r\u00fary pre pr\u00edvod extern\u00e9ho vzduchu: 100<\/div>\n<div>V\u00fd\u0161ka: 1025-1125 mm<\/div>\n<div>\u0160\u00edrka: 693 mm<\/div>\n<div>H\u013abka: 491 mm<\/div>\n<div>Typ spa\u013eovania: Trojstup\u0148ov\u00e9<\/div>\n<div>Kon\u0161trukcie spa\u013eovacieho priestoru: Liatina<\/div>\n<div>Typ ro\u0161tu: Pevn\u00fd<\/div>\n<div>Popoln\u00edk: Vyberate\u013en\u00fd<\/div>\n<div>Ve\u013ekos\u0165 polien: 500 mm<\/div>\n<div>Rozmer vstupn\u00e9ho otvoru do spa\u013eovacieho priestoru: 565&#215;320 mm<\/div>\n<div>Rozmery spa\u013eovacieho priestoru: 404x520x360 mm<\/div>\n<div>Prenos tepla: S\u00e1lan\u00edm<\/div>\n<div>Energetick\u00e1 trieda\u00a0<span style=\"color: #6ba54a\">A<\/span><\/div>\n","protected":false},"excerpt":{"rendered":"<p>Kon\u0161trukcia krbovej vlo\u017eky je z prvotriednej liatiny.<\/p>\n","protected":false},"featured_media":1846,"comment_status":"closed","ping_status":"closed","template":"","meta":[],"product_brand":[],"product_cat":[222,227,263],"product_tag":[],"class_list":{"0":"post-1859","1":"product","2":"type-product","3":"status-publish","4":"has-post-thumbnail","6":"product_cat-krbove-vlozky","7":"product_cat-nordica-krbove-vlozky","8":"product_cat-akcie","10":"first","11":"instock","12":"sale","13":"taxable","14":"shipping-taxable","15":"purchasable","16":"product-type-simple"},"_links":{"self":[{"href":"https:\/\/flamaecol.sk\/en\/wp-json\/wp\/v2\/product\/1859","targetHints":{"allow":["GET"]}}],"collection":[{"href":"https:\/\/flamaecol.sk\/en\/wp-json\/wp\/v2\/product"}],"about":[{"href":"https:\/\/flamaecol.sk\/en\/wp-json\/wp\/v2\/types\/product"}],"replies":[{"embeddable":true,"href":"https:\/\/flamaecol.sk\/en\/wp-json\/wp\/v2\/comments?post=1859"}],"wp:featuredmedia":[{"embeddable":true,"href":"https:\/\/flamaecol.sk\/en\/wp-json\/wp\/v2\/media\/1846"}],"wp:attachment":[{"href":"https:\/\/flamaecol.sk\/en\/wp-json\/wp\/v2\/media?parent=1859"}],"wp:term":[{"taxonomy":"product_brand","embeddable":true,"href":"https:\/\/flamaecol.sk\/en\/wp-json\/wp\/v2\/product_brand?post=1859"},{"taxonomy":"product_cat","embeddable":true,"href":"https:\/\/flamaecol.sk\/en\/wp-json\/wp\/v2\/product_cat?post=1859"},{"taxonomy":"product_tag","embeddable":true,"href":"https:\/\/flamaecol.sk\/en\/wp-json\/wp\/v2\/product_tag?post=1859"}],"curies":[{"name":"wp","href":"https:\/\/api.w.org\/{rel}","templated":true}]}}