{"id":1817,"date":"2015-03-04T23:13:04","date_gmt":"2015-03-04T21:13:04","guid":{"rendered":"https:\/\/flamaecol.sk\/produkt\/krbovavlozkalanordicainserth49sventilatorom-2\/"},"modified":"2025-01-28T14:36:17","modified_gmt":"2025-01-28T12:36:17","slug":"krbovavlozkalanordicainserth49sventilatorom-2","status":"publish","type":"product","link":"https:\/\/flamaecol.sk\/en\/produkt\/krbovavlozkalanordicainserth49sventilatorom-2\/","title":{"rendered":"La Nordica Insert 70 H49 4.0 Ventilato"},"content":{"rendered":"<h2>La Nordica Insert 70 H49 4.0 s ventil\u00e1torom<\/h2>\n<div><\/div>\n<ul>\n<li>mas\u00edvna liatinov\u00e1 kon\u0161trukcia<\/li>\n<li>celo-liatinov\u00e9 ohnisko + NORDIKER<\/li>\n<li>\u0161irok\u00e1 spa\u013eovacia komora<\/li>\n<li>vonkaj\u0161\u00ed oce\u013eov\u00fd pozinkovan\u00fd pl\u00e1\u0161\u0165<\/li>\n<li>integrovan\u00e9 dva ventil\u00e1tory<\/li>\n<li>volite\u013en\u00e9 pr\u00edruby pre rozvod tepla<\/li>\n<li>mo\u017enos\u0165 rozvodu hor\u00faceho vzduchu<\/li>\n<li>dvojpl\u00e1\u0161\u0165ov\u00e1 kon\u0161trukcia<\/li>\n<li>elektronick\u00e1 regul\u00e1cia ventil\u00e1torov (5 r\u00fdchlost\u00ed) <br class=\"avia-permanent-lb\" \/><br class=\"avia-permanent-lb\" \/><\/li>\n<\/ul>\n<div>Teplovzdu\u0161n\u00e1 krbov\u00e1 vlo\u017eka Insert 70 H49 s ventil\u00e1torom &#8211; kon\u0161trukcia je celoliatinov\u00e1, to znamen\u00e1 \u017ee jednotliv\u00e9 diely ohniska s\u00fa zo\u0161r\u00f3bovan\u00e9. Vo vn\u00fatri je oce\u013eov\u00fd pl\u00e1\u0161\u0165, kde od spodu alebo od predu prech\u00e1dza vzduch a ohrieva sa. V\u00fdstup tepl\u00e9ho vzduchu je bu\u010f v prednej \u010dasti nad dvierkami alebo mo\u017ee by\u0165 odveden\u00fd do ved\u013eaj\u0161ej miestnosti alebo poschodia dvomi teplovzdu\u0161n\u00fdmi v\u00fdstupmi. Dva zabudovan\u00e9 15 W ventil\u00e1tory podporuj\u00fa prirodzen\u00e9 pr\u00fadenie vzduchu. Regul\u00e1cia ot\u00e1\u010dok a teplotn\u00e9 \u010didlo je standardn\u00e9. Zabudovan\u00e1 liatinov\u00e1 doska umiestnen\u00e1 nad ohniskom pred v\u00fdstupom dymu do dymovodu sl\u00fa\u017ei ako katalyz\u00e1tor. Pre r\u00fdchle rozkurovanie do studen\u00e9ho kom\u00ednu sa tento katalyz\u00e1tor d\u00e1 vyradi\u0165 zabudovanou klapkou. Tak\u017ee pri prikladan\u00ed sa t\u00e1to klapka otv\u00e1ra a zni\u017euje mo\u017enos\u0165 \u00faniku dymu. Regul\u00e1cia prim\u00e1rneho a sekund\u00e1rneho vzduchu, tj. dvojit\u00e9 sekund\u00e1rne horenie je skoro doveden\u00e1 k dokonalosti. Liatinov\u00fd ro\u0161t a odn\u00edmateln\u00fd popoln\u00edk je samozrejmos\u0165ou. V\u0161etky krbov\u00e9 vlo\u017eky rady INSERT 60, 70, 80 a 100 s\u00fa plne funk\u010dn\u00e9 aj bez zapnut\u00fdch zabudovan\u00fdch ventil\u00e1torou \/ 2 x 15 W = 100 a\u017e 150 m3\/h \/. Ohrev vzduchu prebieha medzi pl\u00e1\u0161\u0165ami &#8211; konvekcie. Pre ur\u00fdchlenie ohrevu vzduchu v miestnosti je mo\u017eno pou\u017ei\u0165 zabudovan\u00e9 ventil\u00e1tory. Pri ich prev\u00e1dzke na maxim\u00e1lne ot\u00e1\u010dky sa zvy\u0161uje ich hlu\u010dnos\u0165, ktor\u00e1 je sp\u00f4soben\u00e1 r\u00fdchlym priechodom vzduchu. Pri vypnut\u00fdch ventil\u00e1toroch neni naru\u0161en\u00fd priechod vzduchu medzi pl\u00e1\u0161\u0165om a nem\u00f4\u017ee d\u00f4js\u0165 k prehriatiu krbovej vlo\u017eky. V pr\u00edpade potreby rozvodu tepla do viac miestnost\u00ed doporu\u010dujeme zak\u00fapi\u0165 s\u00fapravu ventil\u00e1torou a elektroniky 490m3\/h.<\/div>\n<div><\/div>\n<div><strong>TECHNICK\u00c9 PARAMETRE:<\/strong><\/div>\n<div>Nomin\u00e1lny v\u00fdkon (kW) 6,7<br \/>\nRozsah v\u00fdkonu (kW) 4 \u2013 10<br \/>\nVykurovacia schopnos\u0165 (m3) 60 \u2013 192<br \/>\nSpotreba paliva pri nomin\u00e1lnom v\u00fdkone 1,9 kg\/hod.<br \/>\nPalivo drevo (ekobrikety)<br \/>\n\u00da\u010dinnos\u0165 (%) 82<br \/>\nRozmer &#8211; V x \u0160 x H 495 x 695 x 500<br \/>\nV\u00e1ha bez obalu (Netto) 149<br \/>\nV\u00e1ha s obalom (Brutto) 169<br \/>\n\u00d8 dymovodu 160<br \/>\nPovolen\u00e9 paliv\u00e1 Drevo, ekobrikety<br \/>\nMax. d\u013a\u017eka polena (cm) 45<br \/>\nPriemer dymovodu (mm) 160<br \/>\nEmisn\u00e1 hodnota CO 0,06<br \/>\nZadn\u00e9 pripojenie dymovodu nie<br \/>\nHorn\u00e9 pripojenie dymovodu \u00e1no<br \/>\nExtern\u00fd pr\u00edvod vzduchu nie<br \/>\nVentil\u00e1tor \u00e1no<br \/>\nPrevedenie teplovzdu\u0161n\u00e1<\/div>\n","protected":false},"excerpt":{"rendered":"<p>Teplovzdu\u0161n\u00e1 krbov\u00e1 vlo\u017eka Insert 70 H49 4.0 s ventil\u00e1torom &#8211; kon\u0161trukcia je celoliatinov\u00e1 s v\u00fdstelkou ohniska Nordikerom.<\/p>\n","protected":false},"featured_media":4664,"comment_status":"open","ping_status":"closed","template":"","meta":[],"product_brand":[],"product_cat":[222,227],"product_tag":[],"class_list":{"0":"post-1817","1":"product","2":"type-product","3":"status-publish","4":"has-post-thumbnail","6":"product_cat-krbove-vlozky","7":"product_cat-nordica-krbove-vlozky","9":"first","10":"outofstock","11":"taxable","12":"shipping-taxable","13":"purchasable","14":"product-type-simple"},"_links":{"self":[{"href":"https:\/\/flamaecol.sk\/en\/wp-json\/wp\/v2\/product\/1817","targetHints":{"allow":["GET"]}}],"collection":[{"href":"https:\/\/flamaecol.sk\/en\/wp-json\/wp\/v2\/product"}],"about":[{"href":"https:\/\/flamaecol.sk\/en\/wp-json\/wp\/v2\/types\/product"}],"replies":[{"embeddable":true,"href":"https:\/\/flamaecol.sk\/en\/wp-json\/wp\/v2\/comments?post=1817"}],"wp:featuredmedia":[{"embeddable":true,"href":"https:\/\/flamaecol.sk\/en\/wp-json\/wp\/v2\/media\/4664"}],"wp:attachment":[{"href":"https:\/\/flamaecol.sk\/en\/wp-json\/wp\/v2\/media?parent=1817"}],"wp:term":[{"taxonomy":"product_brand","embeddable":true,"href":"https:\/\/flamaecol.sk\/en\/wp-json\/wp\/v2\/product_brand?post=1817"},{"taxonomy":"product_cat","embeddable":true,"href":"https:\/\/flamaecol.sk\/en\/wp-json\/wp\/v2\/product_cat?post=1817"},{"taxonomy":"product_tag","embeddable":true,"href":"https:\/\/flamaecol.sk\/en\/wp-json\/wp\/v2\/product_tag?post=1817"}],"curies":[{"name":"wp","href":"https:\/\/api.w.org\/{rel}","templated":true}]}}