{"id":1809,"date":"2015-03-04T22:51:58","date_gmt":"2015-03-04T20:51:58","guid":{"rendered":"https:\/\/flamaecol.sk\/produkt\/krbovavlozkalanordicainsert60sventilatorom-2\/"},"modified":"2025-01-28T11:15:51","modified_gmt":"2025-01-28T09:15:51","slug":"krbovavlozkalanordicainsert60sventilatorom-2","status":"publish","type":"product","link":"https:\/\/flamaecol.sk\/en\/produkt\/krbovavlozkalanordicainsert60sventilatorom-2\/","title":{"rendered":"La Nordica Inserto 60 4.0"},"content":{"rendered":"<h2>La Nordica Inserto 60 s ventil\u00e1torom<\/h2>\n<div><\/div>\n<div>Teplovzdu\u0161n\u00e1 krbov\u00e1 vlo\u017eka &#8211; Insert 60 s ventil\u00e1torom verzia 4.0 &#8211; v porovnan\u00ed s in\u00fdmi v\u00fdrobkami rovnakej ve\u013ekosti maj\u00fa vlo\u017eky Insert men\u0161\u00ed celkov\u00fd v\u00fdkon, ale s\u00fa o to \u00fa\u010dinnej\u0161ie a ekologickej\u0161ie.<\/div>\n<div>Typ Insert 60 M\u00e1 v\u00fdkon 6,5 kW pri \u00fa\u010dinnosti 80,8 percenta a emisi\u00e1ch CO pri 13 percent O2 iba 0,11 percenta.Je iba \u0165a\u017eko mo\u017en\u00e9 n\u00e1js\u0165 na trhu vlo\u017eku s odobn\u00fdmi parametrami. <br class=\"avia-permanent-lb\" \/><br class=\"avia-permanent-lb\" \/><\/div>\n<div>Krbov\u00e1 vlo\u017eka Insert 60 s rovn\u00fdm sklom a ventil\u00e1tormi je celoliatinov\u00e1, jednotliv\u00e9 diely ohniska s\u00fa zo\u0161r\u00f3bovan\u00e9. Zvonku je oce\u013eov\u00fd pl\u00e1\u0161\u0165, kde os spodu alebo do predu prec\u00e1dza vzduch a ohrieva sa. V\u00fdstup tepl\u00e9ho vzduchu je alebo v prednej \u010dasti nad dvierkami, alebo m\u00f4\u017ee by\u0165 odveden\u00fd do ved\u013eaj\u0161ej miestnosti alebo do poschodia dvomi teplovzdu\u0161n\u00fdmi v\u00fdstupmi. <br class=\"avia-permanent-lb\" \/><br class=\"avia-permanent-lb\" \/>Dva zabudovan\u00e9 15W ventil\u00e1tory podporuj\u00fa prirodzen\u00e9 pr\u00fadenie vzduchu. Regul\u00e1cia ot\u00e1\u010dok a teplotn\u00e9 \u010didlo je v \u0161tandardnom preveden\u00ed. <br class=\"avia-permanent-lb\" \/><br class=\"avia-permanent-lb\" \/><\/div>\n<div><\/div>\n<div><strong>Technick\u00e9 parametre: <br class=\"avia-permanent-lb\" \/><br class=\"avia-permanent-lb\" \/><\/strong><\/div>\n<div>Menovit\u00fd v\u00fdkon: 6,5kW\/hod.<\/div>\n<div>Rozsah v\u00fdkonu : (kW) 3 \u2013 10<\/div>\n<div>V\u00fd\u0161ka: 50cm<\/div>\n<div>\u0160\u00edrka: 59,5cm<\/div>\n<div>H\u013ebka: 44cm<\/div>\n<div>V\u00e1ha: 124kg<\/div>\n<div>Dymovod: 160mm horn\u00fd<\/div>\n<div>Spotreba: 1,9kg \/hod.<\/div>\n<div>\u00da\u010dinnos\u0165: 80,8%<\/div>\n<div>Extern\u00fd pr\u00edvod vzduchu : nie<\/div>\n<div>\n<h4 style=\"font-family: 'Open Sans', sans-serif;color: #666666\">Energetick\u00e1 trieda<span style=\"color: #6ba54a\">\u00a0A+<\/span><\/h4>\n<\/div>\n","protected":false},"excerpt":{"rendered":"<p>Liatinov\u00e1 krbov\u00e1 vlo\u017eka so \u0161amotovou v\u00fdstelkou ohniska s integrovan\u00fdmi ventil\u00e1tormi o v\u00fdkone 15W.<\/p>\n","protected":false},"featured_media":1801,"comment_status":"closed","ping_status":"closed","template":"","meta":[],"product_brand":[],"product_cat":[222,227],"product_tag":[],"class_list":{"0":"post-1809","1":"product","2":"type-product","3":"status-publish","4":"has-post-thumbnail","6":"product_cat-krbove-vlozky","7":"product_cat-nordica-krbove-vlozky","9":"first","10":"instock","11":"taxable","12":"shipping-taxable","13":"purchasable","14":"product-type-simple"},"_links":{"self":[{"href":"https:\/\/flamaecol.sk\/en\/wp-json\/wp\/v2\/product\/1809","targetHints":{"allow":["GET"]}}],"collection":[{"href":"https:\/\/flamaecol.sk\/en\/wp-json\/wp\/v2\/product"}],"about":[{"href":"https:\/\/flamaecol.sk\/en\/wp-json\/wp\/v2\/types\/product"}],"replies":[{"embeddable":true,"href":"https:\/\/flamaecol.sk\/en\/wp-json\/wp\/v2\/comments?post=1809"}],"wp:featuredmedia":[{"embeddable":true,"href":"https:\/\/flamaecol.sk\/en\/wp-json\/wp\/v2\/media\/1801"}],"wp:attachment":[{"href":"https:\/\/flamaecol.sk\/en\/wp-json\/wp\/v2\/media?parent=1809"}],"wp:term":[{"taxonomy":"product_brand","embeddable":true,"href":"https:\/\/flamaecol.sk\/en\/wp-json\/wp\/v2\/product_brand?post=1809"},{"taxonomy":"product_cat","embeddable":true,"href":"https:\/\/flamaecol.sk\/en\/wp-json\/wp\/v2\/product_cat?post=1809"},{"taxonomy":"product_tag","embeddable":true,"href":"https:\/\/flamaecol.sk\/en\/wp-json\/wp\/v2\/product_tag?post=1809"}],"curies":[{"name":"wp","href":"https:\/\/api.w.org\/{rel}","templated":true}]}}