{"id":1791,"date":"2015-02-27T10:58:10","date_gmt":"2015-02-27T08:58:10","guid":{"rendered":"https:\/\/flamaecol.sk\/produkt\/luxusnysporaklanordicamamy-2\/"},"modified":"2025-01-29T12:45:10","modified_gmt":"2025-01-29T10:45:10","slug":"luxusnysporaklanordicamamy-2","status":"publish","type":"product","link":"https:\/\/flamaecol.sk\/en\/produkt\/luxusnysporaklanordicamamy-2\/","title":{"rendered":"La Nordica Mamy"},"content":{"rendered":"<h2>Kuchynsk\u00fd spor\u00e1k La Nordica Mamy<\/h2>\n<div><\/div>\n<div>Spor\u00e1k na drevo MAMY je absol\u00fatna \u0161pi\u010dka v kon\u0161trukcii liatinov\u00fdch spor\u00e1kov! Plat\u0148a a r\u00e1m, ro\u0161t, v\u0161etky dvierka &#8211; v\u0161etko z mas\u00edvnej liatiny, ktor\u00e1 je povrchovo chr\u00e1nen\u00e1 smaltom .<\/div>\n<div>Trojit\u00e9 spa\u013eovanie s oplachom skla hor\u00facim vzduchom nedovol\u00ed zaneseniu skla. Integrovan\u00fd teplomer v r\u00fare pom\u00e1ha k fantastick\u00e9mu pe\u010deniu!<\/div>\n<div>Liatina, oce\u013e, sklo &#8211; tri materi\u00e1ly z ktor\u00fdch s\u00fa zostaven\u00e9 tieto spor\u00e1ky. <br class=\"avia-permanent-lb\" \/>Spa\u013eujete drevo &#8211; najsk\u00f4r m\u00e1te poh\u013ead na horenie ako v krbe. Teplo vyprodukovan\u00e9 ohreje plat\u0148u na ktorej uvar\u00edte. Pri prepnut\u00ed dymu na r\u00faru pe\u010diete! A za \u0161tvrt\u00e9 vyk\u00farite priestor a\u017e 249 m\u00b3! <br class=\"avia-permanent-lb\" \/>To je predsa ide\u00e1lne pre dom\u00e1cnos\u0165 a e\u0161te \u0161etr\u00edte peniaze!<\/div>\n<div>Vn\u00fatorn\u00fd korpus je zostaven\u00fd zo smaltovan\u00fdch a pozinkovan\u00fdch plechov. Tento z\u00e1klad sl\u00fa\u017ei ako nosn\u00fd prvok na uchytenie dver\u00ed, r\u00e1mu platne, vlo\u017een\u00e9 r\u00fary a ohnisko. Aj \u010fal\u0161ie prvky s\u00fa unik\u00e1tne.Ro\u0161t sa m\u00f4\u017ee dv\u00edha\u0165 (pre lep\u0161ie varenie), spa\u013eovac\u00ed priestor m\u00e1 trojstup\u0148ov\u00e9 horenie a je oblo\u017een\u00fd liatinov\u00fdmi doskami, dvojit\u00e9 presklenie prikladac\u00edch dvierok s regul\u00e1ciou prim\u00e1rneho a sekund\u00e1rneho vzduchu. Smaltovan\u00e1 r\u00fara je osaden\u00e1 teplomerom, plechom na pe\u010denie a mrie\u017ekou. (oproti typu Suprema je men\u0161ia r\u00fara a \u0161\u00edrka!) Kon\u0161truk\u010dne je v\u0161etko vyrie\u0161en\u00e9 aby pe\u010denie bolo rovnomern\u00e9 a st\u00e1le. Ochrana r\u00fary proti prep\u00e1leniu je vyrie\u0161en\u00e1 vlo\u017een\u00edm nerezov\u00e9ho plechu. Ve\u013ekos\u0165 r\u00fary je \u0161. 307mm x v. 418mm x h.430mm. (V\u00e4\u010d\u0161ia r\u00fara je pri spor\u00e1ku Suprema, ktor\u00fd je kon\u0161truk\u010dne rovnak\u00fd). Spodn\u00fd vys\u00favac\u00ed \u0161upl\u00edk je na men\u0161ie mno\u017estvo dreva alebo tie\u017e na zapa\u013eovacie potreby.Horn\u00e1 liatinov\u00e1 plat\u0148a je zosilnen\u00e1 zo spodn\u00fdmi v\u00fdstuhami, vrchn\u00e1 strana je pre lep\u0161\u00ed prevod tepla br\u00fasen\u00e1 a nad ohniskom e\u0161te zlo\u017een\u00e1 zo \u0161iestich liatinov\u00fdch kruhov. T\u00e1to kon\u0161trukcia \u00faplne vylu\u010duje deform\u00e1ciu a praskanie. V\u00fdstup dymu je vyrie\u0161en\u00fd uprostred s ve\u013ekos\u0165ou 150 mm a m\u00f4\u017ee by\u0165 tie\u017e dozadu.<\/div>\n<div>V letnom obdob\u00ed je mo\u017en\u00e9 r\u00faru vyradi\u0165 a pou\u017e\u00edva\u0165 spor\u00e1k len na varenie.<\/div>\n<div>K\u00fapou tohto spor\u00e1ku z\u00edskate mnohostrann\u00e9ho pomocn\u00edka v modernej dom\u00e1cnosti, ktor\u00e1 vyu\u017e\u00edva na k\u00farenie drevo. <br class=\"avia-permanent-lb\" \/><br class=\"avia-permanent-lb\" \/><\/div>\n<div><\/div>\n<div>\u2022 V\u00fdsuvn\u00e1 z\u00e1suvka na popol<\/div>\n<div>\u2022 Vn\u00fatorn\u00fd obklad ohniska z liatiny<\/div>\n<div>\u2022 Horn\u00e1 varn\u00e1 doska a kruhy z le\u0161tenej liatiny<\/div>\n<div>\u2022 Smaltovan\u00e9 liatinov\u00e9 dvierka, fas\u00e1da a r\u00e1m<\/div>\n<div>\u2022 Nastavite\u013en\u00fd prim\u00e1rny a sekund\u00e1rny vzduch pre lep\u0161iu kontrolu spa\u013eovania<\/div>\n<div>\u2022 Syst\u00e9m dohorenia (n\u00edzke emisie )<\/div>\n<div>\u2022 Pohybliv\u00e1 z\u00e1suvka na drevo<\/div>\n<div>\u2022 Porcel\u00e1nov\u00e1 smaltovan\u00e1 oce\u013eov\u00e1 r\u00fara 55 l<\/div>\n<div>\u2022 Chr\u00f3movan\u00fd stojan na r\u00faru<\/div>\n<div>\u2022 Keramick\u00e9 sklo<\/div>\n<div>\u2022 Protipo\u017eiarne dvierka z liatiny s dvojit\u00fdm sklom<\/div>\n<div>\u2022 Horn\u00fd centr\u00e1lny alebo zadn\u00fd v\u00fdvod dymu<\/div>\n<div>\u2022 smaltovan\u00fd plech na pe\u010denie (1 kus)<\/div>\n<div>\u2022 nerezov\u00e1 mrie\u017eka r\u00fary (1 kus) <br class=\"avia-permanent-lb\" \/><br class=\"avia-permanent-lb\" \/><\/div>\n<div><\/div>\n<div><strong>TECHNICK\u00c9 PARAMETRE<\/strong><\/div>\n<div>Menovit\u00fd v\u00fdkon do vzduchu: 8,7 kW<\/div>\n<div>Rozsah v\u00fdkonu : 4-12 kW<\/div>\n<div>Maxim\u00e1lna hodinov\u00e1 spotreba dreva: 2,7 kg \/ h<\/div>\n<div>Priemer dymovodu: 150 mm<\/div>\n<div>\u00da\u010dinnos\u0165: 78%<\/div>\n<div>Hmotnos\u0165: 210 kg<\/div>\n<div>V\u00fdhrevnos\u0165 priestoru : 249 m\u00b3<\/div>\n<div>Priemer r\u00fary pre pr\u00edvod extern\u00e9ho vzduchu: Bez priameho napojenia<\/div>\n<div>V\u00fd\u0161ka: 880 mm<\/div>\n<div>\u0160\u00edrka: 880 mm<\/div>\n<div>H\u013abka: 660 mm<\/div>\n<div>Typ spa\u013eovania: Trojstup\u0148ov\u00e9<\/div>\n<div>Obklad: Smaltovan\u00e1 oce\u013e \u010dierna<\/div>\n<div>Kon\u0161trukcie spa\u013eovacieho priestoru: Liatina<\/div>\n<div>Typ ro\u0161tu: Pevn\u00fd<\/div>\n<div>Popoln\u00edk: Vyberate\u013en\u00fd<\/div>\n<div>Ve\u013ekos\u0165 polien: 300 mm<\/div>\n<div>Rozmer vstupn\u00e9ho otvoru do spa\u013eovacieho priestoru: 235&#215;225 mm<\/div>\n<div>Rozmery spa\u013eovacieho priestoru: 304x277x460 mm<\/div>\n","protected":false},"excerpt":{"rendered":"<p>Plat\u0148a a r\u00e1m, ro\u0161t, v\u0161etky dvierka &#8211; v\u0161etko z mas\u00edvnej liatiny, ktor\u00e1 je povrchovo chr\u00e1nen\u00e1 smaltom.<\/p>\n","protected":false},"featured_media":4706,"comment_status":"open","ping_status":"closed","template":"","meta":[],"product_brand":[],"product_cat":[216,218,219],"product_tag":[],"class_list":{"0":"post-1791","1":"product","2":"type-product","3":"status-publish","4":"has-post-thumbnail","6":"product_cat-sporaky","7":"product_cat-luxusne-sporaky","8":"product_cat-nordica-sporaky","10":"first","11":"instock","12":"taxable","13":"shipping-taxable","14":"purchasable","15":"product-type-simple"},"_links":{"self":[{"href":"https:\/\/flamaecol.sk\/en\/wp-json\/wp\/v2\/product\/1791","targetHints":{"allow":["GET"]}}],"collection":[{"href":"https:\/\/flamaecol.sk\/en\/wp-json\/wp\/v2\/product"}],"about":[{"href":"https:\/\/flamaecol.sk\/en\/wp-json\/wp\/v2\/types\/product"}],"replies":[{"embeddable":true,"href":"https:\/\/flamaecol.sk\/en\/wp-json\/wp\/v2\/comments?post=1791"}],"wp:featuredmedia":[{"embeddable":true,"href":"https:\/\/flamaecol.sk\/en\/wp-json\/wp\/v2\/media\/4706"}],"wp:attachment":[{"href":"https:\/\/flamaecol.sk\/en\/wp-json\/wp\/v2\/media?parent=1791"}],"wp:term":[{"taxonomy":"product_brand","embeddable":true,"href":"https:\/\/flamaecol.sk\/en\/wp-json\/wp\/v2\/product_brand?post=1791"},{"taxonomy":"product_cat","embeddable":true,"href":"https:\/\/flamaecol.sk\/en\/wp-json\/wp\/v2\/product_cat?post=1791"},{"taxonomy":"product_tag","embeddable":true,"href":"https:\/\/flamaecol.sk\/en\/wp-json\/wp\/v2\/product_tag?post=1791"}],"curies":[{"name":"wp","href":"https:\/\/api.w.org\/{rel}","templated":true}]}}